{"id":972,"date":"2024-09-06T05:57:47","date_gmt":"2024-09-06T02:57:47","guid":{"rendered":"https:\/\/discodigimedia.com\/other-experiences\/"},"modified":"2026-03-27T12:14:39","modified_gmt":"2026-03-27T10:14:39","slug":"muut-elamykset","status":"publish","type":"page","link":"https:\/\/polarlightstours.fi\/fi\/muut-elamykset\/","title":{"rendered":"Muut el\u00e4mykset"},"content":{"rendered":"<p>[et_pb_section fb_built=&#8221;1&#8243; admin_label=&#8221;Header&#8221; _builder_version=&#8221;4.27.4&#8243; _module_preset=&#8221;default&#8221; background_color=&#8221;RGBA(255,255,255,0)&#8221; background_image=&#8221;https:\/\/polarlightstours.fi\/wp-content\/uploads\/2025\/04\/SEO-AI_2-16.jpg&#8221; height=&#8221;700px&#8221; height_tablet=&#8221;500px&#8221; height_phone=&#8221;450px&#8221; height_last_edited=&#8221;on|phone&#8221; custom_padding=&#8221;5vw||5vw||true|false&#8221; collapsed=&#8221;off&#8221; global_colors_info=&#8221;{}&#8221;][et_pb_row custom_padding_last_edited=&#8221;on|phone&#8221; _builder_version=&#8221;4.27.4&#8243; _module_preset=&#8221;default&#8221; width=&#8221;50%&#8221; width_tablet=&#8221;80%&#8221; width_phone=&#8221;80%&#8221; width_last_edited=&#8221;on|desktop&#8221; max_width=&#8221;none&#8221; custom_margin=&#8221;0px||||false|false&#8221; custom_padding=&#8221;250px||50px||false|false&#8221; custom_padding_tablet=&#8221;250px||50px||false|false&#8221; custom_padding_phone=&#8221;100px||30px||false|false&#8221; global_colors_info=&#8221;{}&#8221;][et_pb_column type=&#8221;4_4&#8243; _builder_version=&#8221;4.24.3&#8243; _module_preset=&#8221;default&#8221; global_colors_info=&#8221;{}&#8221;][et_pb_heading title=&#8221;Muut el\u00e4mykset&#8221; _builder_version=&#8221;4.25.2&#8243; _module_preset=&#8221;_initial&#8221; title_font=&#8221;PT Serif|700|||||||&#8221; title_text_align=&#8221;center&#8221; title_text_color=&#8221;#FFFFFF&#8221; title_font_size=&#8221;5vw&#8221; title_line_height=&#8221;1.2em&#8221; custom_margin=&#8221;||10px||false|false&#8221; title_font_size_tablet=&#8221;40px&#8221; title_font_size_phone=&#8221;34px&#8221; title_font_size_last_edited=&#8221;on|phone&#8221; text_shadow_style=&#8221;preset5&#8243; text_shadow_horizontal_length=&#8221;0.03em&#8221; text_shadow_vertical_length=&#8221;0.03em&#8221; text_shadow_blur_strength=&#8221;0.01em&#8221; global_colors_info=&#8221;{}&#8221;][\/et_pb_heading][\/et_pb_column][\/et_pb_row][et_pb_row column_structure=&#8221;1_2,1_2&#8243; _builder_version=&#8221;4.27.4&#8243; _module_preset=&#8221;default&#8221; custom_padding=&#8221;0px||||false|false&#8221; global_colors_info=&#8221;{}&#8221;][et_pb_column type=&#8221;1_2&#8243; _builder_version=&#8221;4.25.2&#8243; _module_preset=&#8221;default&#8221; global_colors_info=&#8221;{}&#8221;][et_pb_button button_url=&#8221;#posio&#8221; button_text=&#8221;Posio&#8221; button_alignment=&#8221;center&#8221; _builder_version=&#8221;4.27.4&#8243; _module_preset=&#8221;default&#8221; custom_button=&#8221;on&#8221; button_text_size=&#8221;18px&#8221; button_text_color=&#8221;#FFFFFF&#8221; button_bg_color=&#8221;rgba(204,145,54,0.84)&#8221; button_border_width=&#8221;1px&#8221; button_border_color=&#8221;#FFFFFF&#8221; button_border_radius=&#8221;0px&#8221; button_font=&#8221;Montserrat|700|||||||&#8221; background_layout=&#8221;dark&#8221; hover_enabled=&#8221;0&#8243; global_colors_info=&#8221;{}&#8221; sticky_enabled=&#8221;0&#8243;][\/et_pb_button][\/et_pb_column][et_pb_column type=&#8221;1_2&#8243; _builder_version=&#8221;4.25.2&#8243; _module_preset=&#8221;default&#8221; global_colors_info=&#8221;{}&#8221;][et_pb_button button_text=&#8221;Levi&#8221; button_alignment=&#8221;center&#8221; _builder_version=&#8221;4.27.4&#8243; _module_preset=&#8221;default&#8221; custom_button=&#8221;on&#8221; button_text_size=&#8221;18px&#8221; button_text_color=&#8221;#FFFFFF&#8221; button_bg_color=&#8221;rgba(204,145,54,0.84)&#8221; button_border_width=&#8221;1px&#8221; button_border_color=&#8221;#FFFFFF&#8221; button_border_radius=&#8221;0px&#8221; button_font=&#8221;Montserrat|700|||||||&#8221; background_layout=&#8221;dark&#8221; hover_enabled=&#8221;0&#8243; global_colors_info=&#8221;{}&#8221; sticky_enabled=&#8221;0&#8243; button_url=&#8221;#levi&#8221;][\/et_pb_button][\/et_pb_column][\/et_pb_row][\/et_pb_section][et_pb_section fb_built=&#8221;1&#8243; admin_label=&#8221;About&#8221; _builder_version=&#8221;4.25.2&#8243; _module_preset=&#8221;default&#8221; background_color=&#8221;#f9f5f2&#8243; custom_padding=&#8221;||0px||false|false&#8221; collapsed=&#8221;on&#8221; global_colors_info=&#8221;{}&#8221;][et_pb_row _builder_version=&#8221;4.25.2&#8243; _module_preset=&#8221;default&#8221; custom_margin=&#8221;0px||0px||false|false&#8221; custom_padding=&#8221;0px||0px||false|false&#8221; global_colors_info=&#8221;{}&#8221;][et_pb_column type=&#8221;4_4&#8243; _builder_version=&#8221;4.25.2&#8243; _module_preset=&#8221;default&#8221; global_colors_info=&#8221;{}&#8221;][et_pb_heading title=&#8221;L\u00e4hde  er\u00e4maaseikkailulle Suomen Lappiin&#8221; _builder_version=&#8221;4.27.4&#8243; _module_preset=&#8221;default&#8221; title_level=&#8221;h2&#8243; title_font=&#8221;PT Serif|700|||||||&#8221; title_text_align=&#8221;center&#8221; title_font_size=&#8221;37px&#8221; title_line_height=&#8221;1.2em&#8221; title_font_size_tablet=&#8221;37px&#8221; title_font_size_phone=&#8221;25px&#8221; title_font_size_last_edited=&#8221;on|phone&#8221; global_colors_info=&#8221;{}&#8221;][\/et_pb_heading][\/et_pb_column][\/et_pb_row][et_pb_row _builder_version=&#8221;4.25.2&#8243; _module_preset=&#8221;default&#8221; custom_margin=&#8221;0px||||false|false&#8221; global_colors_info=&#8221;{}&#8221;][et_pb_column type=&#8221;4_4&#8243; _builder_version=&#8221;4.25.2&#8243; _module_preset=&#8221;default&#8221; global_colors_info=&#8221;{}&#8221;][et_pb_text _builder_version=&#8221;4.27.4&#8243; _module_preset=&#8221;default&#8221; text_font=&#8221;PT Serif||||||||&#8221; text_text_color=&#8221;#000000&#8243; text_font_size=&#8221;23px&#8221; text_line_height=&#8221;1.4em&#8221; text_orientation=&#8221;center&#8221; text_font_size_tablet=&#8221;23px&#8221; text_font_size_phone=&#8221;20px&#8221; text_font_size_last_edited=&#8221;on|phone&#8221; global_colors_info=&#8221;{}&#8221;]<\/p>\n<p style=\"text-align: center;\">Lapin taika ei aina ole liikett\u00e4 \u2013 joskus se on hiljaisuutta. Mets\u00e4n rauhaa, l\u00e4mpim\u00e4n m\u00f6kin tunnelmaa, tulen loimua pitk\u00e4n p\u00e4iv\u00e4n j\u00e4lkeen. Levill\u00e4 ja Posiolla tarjoamme el\u00e4myksi\u00e4, jotka kulkevat luonnon rytmiss\u00e4 \u2013 kes\u00e4n valosta talven syv\u00e4\u00e4n hiljaisuuteen.<\/p>\n<h2>Levi \u2013 Talviseikkailuja ja el\u00e4inkohtaamisia<\/h2>\n<p>Ihan vain kivenheiton p\u00e4\u00e4ss\u00e4 Levin kyl\u00e4st\u00e4 sijaitsee tilamme, jossa huskyt, porot ja suomenhevoset el\u00e4v\u00e4t rinnakkain. Talvella p\u00e4\u00e4set huristelemaan koiravaljakolla l\u00e4pi lumisten metsien, rentoutumaan perinteisess\u00e4 saunassa ja y\u00f6pym\u00e4\u00e4n tunnelmallisessa Aurora-m\u00f6kiss\u00e4 t\u00e4htitaivaan alla. T\u00e4\u00e4ll\u00e4 el\u00e4m\u00e4 hidastuu \u2013 ja el\u00e4imet kulkevat kanssasi.<\/p>\n<h2>Posio \u2013 Syvemp\u00e4\u00e4 hiljaisuutta<\/h2>\n<p>Posiolla er\u00e4maa on laajempi ja koskemattomampi. Kuljet ikiaikaisissa metsiss\u00e4, poimit marjoja syksyisess\u00e4 luonnossa ja nukut j\u00e4rven rannalla vanhassa koulurakennuksessa. Talvella lumi peitt\u00e4\u00e4 kaiken ja taivas pimenee \u2013 t\u00e4ydellinen hetki katsella t\u00e4hti\u00e4 tai revontulia.<\/p>\n<p>Olitpa sitten Levill\u00e4 tai Posiolla, n\u00e4m\u00e4 el\u00e4mykset eiv\u00e4t ole kiirett\u00e4 tai suoritusta \u2013 ne ovat pys\u00e4htymist\u00e4, yhteytt\u00e4 ja Lapin hiljaisen kauneuden kokemista.<\/p>\n<p>[\/et_pb_text][\/et_pb_column][\/et_pb_row][\/et_pb_section][et_pb_section fb_built=&#8221;1&#8243; admin_label=&#8221;Contact Info&#8221; _builder_version=&#8221;4.25.2&#8243; _module_preset=&#8221;default&#8221; background_enable_color=&#8221;off&#8221; background_enable_image=&#8221;off&#8221; parallax=&#8221;on&#8221; custom_padding=&#8221;1vw|5vw||5vw|false|true&#8221; collapsed=&#8221;on&#8221; global_colors_info=&#8221;{}&#8221;][et_pb_row _builder_version=&#8221;4.25.2&#8243; _module_preset=&#8221;default&#8221; global_colors_info=&#8221;{}&#8221;][et_pb_column type=&#8221;4_4&#8243; _builder_version=&#8221;4.25.2&#8243; _module_preset=&#8221;default&#8221; global_colors_info=&#8221;{}&#8221;][et_pb_heading title=&#8221;Posio&#8221; module_id=&#8221;posio&#8221; _builder_version=&#8221;4.27.4&#8243; _module_preset=&#8221;default&#8221; title_font=&#8221;PT Serif|700|||||||&#8221; title_text_align=&#8221;center&#8221; title_font_size=&#8221;37px&#8221; hover_enabled=&#8221;0&#8243; global_colors_info=&#8221;{}&#8221; sticky_enabled=&#8221;0&#8243;][\/et_pb_heading][et_pb_text _builder_version=&#8221;4.27.4&#8243; _module_preset=&#8221;default&#8221; hover_enabled=&#8221;0&#8243; global_colors_info=&#8221;{}&#8221; sticky_enabled=&#8221;0&#8243;]<\/p>\n<script src=\"https:\/\/fareharbor.com\/embeds\/script\/items\/polarlightstours\/?fallback=simple&full-items=yes&language=fi&flow=1601336\"><\/script>\n<p>[\/et_pb_text][et_pb_heading title=&#8221;Levi&#8221; module_id=&#8221;levi&#8221; _builder_version=&#8221;4.27.4&#8243; _module_preset=&#8221;default&#8221; title_font=&#8221;PT Serif|700|||||||&#8221; title_text_align=&#8221;center&#8221; title_font_size=&#8221;37px&#8221; hover_enabled=&#8221;0&#8243; global_colors_info=&#8221;{}&#8221; sticky_enabled=&#8221;0&#8243;][\/et_pb_heading][et_pb_text _builder_version=&#8221;4.27.4&#8243; _module_preset=&#8221;default&#8221; hover_enabled=&#8221;0&#8243; global_colors_info=&#8221;{}&#8221; sticky_enabled=&#8221;0&#8243;]<\/p>\n<script src=\"https:\/\/fareharbor.com\/embeds\/script\/items\/polarlightstours\/?fallback=simple&full-items=yes&language=fi&flow=1601337\"><\/script>\n<p>[\/et_pb_text][\/et_pb_column][\/et_pb_row][\/et_pb_section][et_pb_section fb_built=&#8221;1&#8243; admin_label=&#8221;Video&#8221; _builder_version=&#8221;4.25.2&#8243; _module_preset=&#8221;default&#8221; background_color=&#8221;#efeded&#8221; collapsed=&#8221;on&#8221; global_colors_info=&#8221;{}&#8221;][\/et_pb_section][et_pb_section fb_built=&#8221;1&#8243; admin_label=&#8221;Menu&#8221; _builder_version=&#8221;4.24.3&#8243; _module_preset=&#8221;default&#8221; collapsed=&#8221;on&#8221; global_colors_info=&#8221;{}&#8221;][\/et_pb_section]<\/p>\n","protected":false},"excerpt":{"rendered":"<p>Lapin taika ei aina ole liikett\u00e4 \u2013 joskus se on hiljaisuutta. Mets\u00e4n rauhaa, l\u00e4mpim\u00e4n m\u00f6kin tunnelmaa, tulen loimua pitk\u00e4n p\u00e4iv\u00e4n j\u00e4lkeen. Levill\u00e4 ja Posiolla tarjoamme el\u00e4myksi\u00e4, jotka kulkevat luonnon rytmiss\u00e4 \u2013 kes\u00e4n valosta talven syv\u00e4\u00e4n hiljaisuuteen. Levi \u2013 Talviseikkailuja ja el\u00e4inkohtaamisia Ihan vain kivenheiton p\u00e4\u00e4ss\u00e4 Levin kyl\u00e4st\u00e4 sijaitsee tilamme, jossa huskyt, porot ja suomenhevoset el\u00e4v\u00e4t rinnakkain. Talvella p\u00e4\u00e4set huristelemaan koiravaljakolla l\u00e4pi lumisten metsien, rentoutumaan perinteisess\u00e4 saunassa ja y\u00f6pym\u00e4\u00e4n tunnelmallisessa Aurora-m\u00f6kiss\u00e4 t\u00e4htitaivaan alla. T\u00e4\u00e4ll\u00e4 el\u00e4m\u00e4 hidastuu \u2013 ja el\u00e4imet kulkevat kanssasi. Posio \u2013 Syvemp\u00e4\u00e4 hiljaisuutta Posiolla er\u00e4maa on laajempi ja koskemattomampi. Kuljet ikiaikaisissa metsiss\u00e4, poimit marjoja syksyisess\u00e4 luonnossa ja nukut j\u00e4rven rannalla vanhassa koulurakennuksessa. Talvella lumi peitt\u00e4\u00e4 kaiken ja taivas pimenee \u2013 t\u00e4ydellinen hetki katsella t\u00e4hti\u00e4 tai revontulia. Olitpa sitten Levill\u00e4 tai Posiolla, n\u00e4m\u00e4 el\u00e4mykset eiv\u00e4t ole kiirett\u00e4 tai suoritusta \u2013 ne ovat pys\u00e4htymist\u00e4, yhteytt\u00e4 ja Lapin hiljaisen kauneuden kokemista.<script src=\"https:\/\/fareharbor.com\/embeds\/script\/items\/polarlightstours\/?fallback=simple&full-items=yes&language=fi&flow=1601336\"><\/script><script src=\"https:\/\/fareharbor.com\/embeds\/script\/items\/polarlightstours\/?fallback=simple&full-items=yes&language=fi&flow=1601337\"><\/script><\/p>\n","protected":false},"author":1,"featured_media":0,"parent":0,"menu_order":0,"comment_status":"closed","ping_status":"closed","template":"","meta":{"_et_pb_use_builder":"on","_et_pb_old_content":"","_et_gb_content_width":"","footnotes":""},"class_list":["post-972","page","type-page","status-publish","hentry"],"yoast_head":"<!-- This site is optimized with the Yoast SEO plugin v27.3 - https:\/\/yoast.com\/product\/yoast-seo-wordpress\/ -->\n<title>Ainutlaatuiset el\u00e4mykset Lapissa | Polar Lights Tours<\/title>\n<meta name=\"description\" content=\"Koe aidot ja ainutlaatuiset el\u00e4mykset Lapissa \u2013 revontuliretket, mets\u00e4ravintola ja rauhalliset er\u00e4maay\u00f6t odottavat sinua. Tutustu ja varaa!\" \/>\n<meta name=\"robots\" content=\"index, follow, max-snippet:-1, max-image-preview:large, max-video-preview:-1\" \/>\n<link rel=\"canonical\" href=\"https:\/\/polarlightstours.fi\/fi\/muut-elamykset\/\" \/>\n<meta property=\"og:locale\" content=\"fi_FI\" \/>\n<meta property=\"og:type\" content=\"article\" \/>\n<meta property=\"og:title\" content=\"Ainutlaatuiset el\u00e4mykset Lapissa | Polar Lights Tours\" \/>\n<meta property=\"og:description\" content=\"Koe aidot ja ainutlaatuiset el\u00e4mykset Lapissa \u2013 revontuliretket, mets\u00e4ravintola ja rauhalliset er\u00e4maay\u00f6t odottavat sinua. Tutustu ja varaa!\" \/>\n<meta property=\"og:url\" content=\"https:\/\/polarlightstours.fi\/fi\/muut-elamykset\/\" \/>\n<meta property=\"og:site_name\" content=\"Polar Lights Tours\" \/>\n<meta property=\"article:publisher\" content=\"https:\/\/www.facebook.com\/polarlightstours\/\" \/>\n<meta property=\"article:modified_time\" content=\"2026-03-27T10:14:39+00:00\" \/>\n<meta property=\"og:image\" content=\"https:\/\/polarlightstours.fi\/wp-content\/uploads\/2024\/09\/logo-final.png\" \/>\n\t<meta property=\"og:image:width\" content=\"319\" \/>\n\t<meta property=\"og:image:height\" content=\"200\" \/>\n\t<meta property=\"og:image:type\" content=\"image\/png\" \/>\n<meta name=\"twitter:card\" content=\"summary_large_image\" \/>\n<meta name=\"twitter:label1\" content=\"Est. reading time\" \/>\n\t<meta name=\"twitter:data1\" content=\"1 minute\" \/>\n<script type=\"application\/ld+json\" class=\"yoast-schema-graph\">{\"@context\":\"https:\\\/\\\/schema.org\",\"@graph\":[{\"@type\":\"WebPage\",\"@id\":\"https:\\\/\\\/polarlightstours.fi\\\/other-experiences\\\/\",\"url\":\"https:\\\/\\\/polarlightstours.fi\\\/fi\\\/muut-elamykset\\\/\",\"name\":\"Ainutlaatuiset el\u00e4mykset Lapissa | Polar Lights Tours\",\"isPartOf\":{\"@id\":\"https:\\\/\\\/polarlightstours.fi\\\/#website\"},\"datePublished\":\"2024-09-06T02:57:47+00:00\",\"dateModified\":\"2026-03-27T10:14:39+00:00\",\"description\":\"Koe aidot ja ainutlaatuiset el\u00e4mykset Lapissa \u2013 revontuliretket, mets\u00e4ravintola ja rauhalliset er\u00e4maay\u00f6t odottavat sinua. Tutustu ja varaa!\",\"breadcrumb\":{\"@id\":\"https:\\\/\\\/polarlightstours.fi\\\/fi\\\/muut-elamykset\\\/#breadcrumb\"},\"inLanguage\":\"fi\",\"potentialAction\":[{\"@type\":\"ReadAction\",\"target\":[\"https:\\\/\\\/polarlightstours.fi\\\/fi\\\/muut-elamykset\\\/\"]}]},{\"@type\":\"BreadcrumbList\",\"@id\":\"https:\\\/\\\/polarlightstours.fi\\\/fi\\\/muut-elamykset\\\/#breadcrumb\",\"itemListElement\":[{\"@type\":\"ListItem\",\"position\":1,\"name\":\"Home\",\"item\":\"https:\\\/\\\/polarlightstours.fi\\\/fi\\\/\"},{\"@type\":\"ListItem\",\"position\":2,\"name\":\"Muut el\u00e4mykset\"}]},{\"@type\":\"WebSite\",\"@id\":\"https:\\\/\\\/polarlightstours.fi\\\/#website\",\"url\":\"https:\\\/\\\/polarlightstours.fi\\\/\",\"name\":\"Polar Lights Tours\",\"description\":\"Experience\u00a0Finnish Lapland\u00a0wilderness with\u00a0huskies, reindeers\u00a0&amp;\u00a0horses\",\"publisher\":{\"@id\":\"https:\\\/\\\/polarlightstours.fi\\\/#organization\"},\"potentialAction\":[{\"@type\":\"SearchAction\",\"target\":{\"@type\":\"EntryPoint\",\"urlTemplate\":\"https:\\\/\\\/polarlightstours.fi\\\/?s={search_term_string}\"},\"query-input\":{\"@type\":\"PropertyValueSpecification\",\"valueRequired\":true,\"valueName\":\"search_term_string\"}}],\"inLanguage\":\"fi\"},{\"@type\":\"Organization\",\"@id\":\"https:\\\/\\\/polarlightstours.fi\\\/#organization\",\"name\":\"Polar Lights Tours\",\"url\":\"https:\\\/\\\/polarlightstours.fi\\\/\",\"logo\":{\"@type\":\"ImageObject\",\"inLanguage\":\"fi\",\"@id\":\"https:\\\/\\\/polarlightstours.fi\\\/#\\\/schema\\\/logo\\\/image\\\/\",\"url\":\"https:\\\/\\\/polarlightstours.fi\\\/wp-content\\\/uploads\\\/2024\\\/09\\\/logo-final.png\",\"contentUrl\":\"https:\\\/\\\/polarlightstours.fi\\\/wp-content\\\/uploads\\\/2024\\\/09\\\/logo-final.png\",\"width\":319,\"height\":200,\"caption\":\"Polar Lights Tours\"},\"image\":{\"@id\":\"https:\\\/\\\/polarlightstours.fi\\\/#\\\/schema\\\/logo\\\/image\\\/\"},\"sameAs\":[\"https:\\\/\\\/www.facebook.com\\\/polarlightstours\\\/\",\"https:\\\/\\\/www.instagram.com\\\/polarlightstours\\\/\"]}]}<\/script>\n<!-- \/ Yoast SEO plugin. -->","yoast_head_json":{"title":"Ainutlaatuiset el\u00e4mykset Lapissa | Polar Lights Tours","description":"Koe aidot ja ainutlaatuiset el\u00e4mykset Lapissa \u2013 revontuliretket, mets\u00e4ravintola ja rauhalliset er\u00e4maay\u00f6t odottavat sinua. Tutustu ja varaa!","robots":{"index":"index","follow":"follow","max-snippet":"max-snippet:-1","max-image-preview":"max-image-preview:large","max-video-preview":"max-video-preview:-1"},"canonical":"https:\/\/polarlightstours.fi\/fi\/muut-elamykset\/","og_locale":"fi_FI","og_type":"article","og_title":"Ainutlaatuiset el\u00e4mykset Lapissa | Polar Lights Tours","og_description":"Koe aidot ja ainutlaatuiset el\u00e4mykset Lapissa \u2013 revontuliretket, mets\u00e4ravintola ja rauhalliset er\u00e4maay\u00f6t odottavat sinua. Tutustu ja varaa!","og_url":"https:\/\/polarlightstours.fi\/fi\/muut-elamykset\/","og_site_name":"Polar Lights Tours","article_publisher":"https:\/\/www.facebook.com\/polarlightstours\/","article_modified_time":"2026-03-27T10:14:39+00:00","og_image":[{"width":319,"height":200,"url":"https:\/\/polarlightstours.fi\/wp-content\/uploads\/2024\/09\/logo-final.png","type":"image\/png"}],"twitter_card":"summary_large_image","twitter_misc":{"Est. reading time":"1 minute"},"schema":{"@context":"https:\/\/schema.org","@graph":[{"@type":"WebPage","@id":"https:\/\/polarlightstours.fi\/other-experiences\/","url":"https:\/\/polarlightstours.fi\/fi\/muut-elamykset\/","name":"Ainutlaatuiset el\u00e4mykset Lapissa | Polar Lights Tours","isPartOf":{"@id":"https:\/\/polarlightstours.fi\/#website"},"datePublished":"2024-09-06T02:57:47+00:00","dateModified":"2026-03-27T10:14:39+00:00","description":"Koe aidot ja ainutlaatuiset el\u00e4mykset Lapissa \u2013 revontuliretket, mets\u00e4ravintola ja rauhalliset er\u00e4maay\u00f6t odottavat sinua. Tutustu ja varaa!","breadcrumb":{"@id":"https:\/\/polarlightstours.fi\/fi\/muut-elamykset\/#breadcrumb"},"inLanguage":"fi","potentialAction":[{"@type":"ReadAction","target":["https:\/\/polarlightstours.fi\/fi\/muut-elamykset\/"]}]},{"@type":"BreadcrumbList","@id":"https:\/\/polarlightstours.fi\/fi\/muut-elamykset\/#breadcrumb","itemListElement":[{"@type":"ListItem","position":1,"name":"Home","item":"https:\/\/polarlightstours.fi\/fi\/"},{"@type":"ListItem","position":2,"name":"Muut el\u00e4mykset"}]},{"@type":"WebSite","@id":"https:\/\/polarlightstours.fi\/#website","url":"https:\/\/polarlightstours.fi\/","name":"Polar Lights Tours","description":"Experience\u00a0Finnish Lapland\u00a0wilderness with\u00a0huskies, reindeers\u00a0&amp;\u00a0horses","publisher":{"@id":"https:\/\/polarlightstours.fi\/#organization"},"potentialAction":[{"@type":"SearchAction","target":{"@type":"EntryPoint","urlTemplate":"https:\/\/polarlightstours.fi\/?s={search_term_string}"},"query-input":{"@type":"PropertyValueSpecification","valueRequired":true,"valueName":"search_term_string"}}],"inLanguage":"fi"},{"@type":"Organization","@id":"https:\/\/polarlightstours.fi\/#organization","name":"Polar Lights Tours","url":"https:\/\/polarlightstours.fi\/","logo":{"@type":"ImageObject","inLanguage":"fi","@id":"https:\/\/polarlightstours.fi\/#\/schema\/logo\/image\/","url":"https:\/\/polarlightstours.fi\/wp-content\/uploads\/2024\/09\/logo-final.png","contentUrl":"https:\/\/polarlightstours.fi\/wp-content\/uploads\/2024\/09\/logo-final.png","width":319,"height":200,"caption":"Polar Lights Tours"},"image":{"@id":"https:\/\/polarlightstours.fi\/#\/schema\/logo\/image\/"},"sameAs":["https:\/\/www.facebook.com\/polarlightstours\/","https:\/\/www.instagram.com\/polarlightstours\/"]}]}},"_links":{"self":[{"href":"https:\/\/polarlightstours.fi\/fi\/wp-json\/wp\/v2\/pages\/972","targetHints":{"allow":["GET"]}}],"collection":[{"href":"https:\/\/polarlightstours.fi\/fi\/wp-json\/wp\/v2\/pages"}],"about":[{"href":"https:\/\/polarlightstours.fi\/fi\/wp-json\/wp\/v2\/types\/page"}],"author":[{"embeddable":true,"href":"https:\/\/polarlightstours.fi\/fi\/wp-json\/wp\/v2\/users\/1"}],"replies":[{"embeddable":true,"href":"https:\/\/polarlightstours.fi\/fi\/wp-json\/wp\/v2\/comments?post=972"}],"version-history":[{"count":22,"href":"https:\/\/polarlightstours.fi\/fi\/wp-json\/wp\/v2\/pages\/972\/revisions"}],"predecessor-version":[{"id":5629,"href":"https:\/\/polarlightstours.fi\/fi\/wp-json\/wp\/v2\/pages\/972\/revisions\/5629"}],"wp:attachment":[{"href":"https:\/\/polarlightstours.fi\/fi\/wp-json\/wp\/v2\/media?parent=972"}],"curies":[{"name":"wp","href":"https:\/\/api.w.org\/{rel}","templated":true}]}}