{"id":968,"date":"2024-09-06T05:48:20","date_gmt":"2024-09-06T02:48:20","guid":{"rendered":"https:\/\/discodigimedia.com\/reindeer-experiences\/"},"modified":"2025-11-07T07:34:15","modified_gmt":"2025-11-07T05:34:15","slug":"poroelamykset","status":"publish","type":"page","link":"https:\/\/polarlightstours.fi\/fi\/poroelamykset\/","title":{"rendered":"Poroel\u00e4mykset"},"content":{"rendered":"<p>[et_pb_section fb_built=&#8221;1&#8243; admin_label=&#8221;Header&#8221; _builder_version=&#8221;4.27.4&#8243; _module_preset=&#8221;default&#8221; background_color=&#8221;RGBA(255,255,255,0)&#8221; background_image=&#8221;https:\/\/polarlightstours.fi\/wp-content\/uploads\/2024\/09\/Polar-lights-tours-reindeer-safari-30.jpg&#8221; height=&#8221;700px&#8221; height_tablet=&#8221;500px&#8221; height_phone=&#8221;450px&#8221; height_last_edited=&#8221;on|phone&#8221; custom_padding=&#8221;5vw||5vw||true|false&#8221; collapsed=&#8221;off&#8221; global_colors_info=&#8221;{}&#8221;][et_pb_row _builder_version=&#8221;4.27.4&#8243; _module_preset=&#8221;default&#8221; width=&#8221;60%&#8221; width_tablet=&#8221;80%&#8221; width_phone=&#8221;80%&#8221; width_last_edited=&#8221;on|desktop&#8221; max_width=&#8221;none&#8221; custom_margin=&#8221;0px||||false|false&#8221; hover_enabled=&#8221;0&#8243; global_colors_info=&#8221;{}&#8221; custom_padding=&#8221;250px||150px||false|false&#8221; custom_padding_last_edited=&#8221;on|phone&#8221; sticky_enabled=&#8221;0&#8243; custom_padding_phone=&#8221;150px||||false|false&#8221; custom_padding_tablet=&#8221;250px||150px||false|false&#8221;][et_pb_column type=&#8221;4_4&#8243; _builder_version=&#8221;4.24.3&#8243; _module_preset=&#8221;default&#8221; global_colors_info=&#8221;{}&#8221;][et_pb_heading title=&#8221;Poroel\u00e4mykset&#8221; _builder_version=&#8221;4.25.2&#8243; _module_preset=&#8221;_initial&#8221; title_font=&#8221;PT Serif|700|||||||&#8221; title_text_align=&#8221;center&#8221; title_text_color=&#8221;#FFFFFF&#8221; title_font_size=&#8221;5vw&#8221; title_line_height=&#8221;1.2em&#8221; custom_margin=&#8221;||10px||false|false&#8221; title_font_size_tablet=&#8221;40px&#8221; title_font_size_phone=&#8221;34px&#8221; title_font_size_last_edited=&#8221;on|phone&#8221; text_shadow_style=&#8221;preset4&#8243; text_shadow_horizontal_length=&#8221;0.03em&#8221; text_shadow_vertical_length=&#8221;0.03em&#8221; text_shadow_blur_strength=&#8221;0.01em&#8221; global_colors_info=&#8221;{}&#8221;][\/et_pb_heading][\/et_pb_column][\/et_pb_row][et_pb_row column_structure=&#8221;1_2,1_2&#8243; _builder_version=&#8221;4.25.2&#8243; _module_preset=&#8221;default&#8221; custom_padding=&#8221;10vw||||false|false&#8221; global_colors_info=&#8221;{}&#8221;][et_pb_column type=&#8221;1_2&#8243; _builder_version=&#8221;4.25.2&#8243; _module_preset=&#8221;default&#8221; global_colors_info=&#8221;{}&#8221;][\/et_pb_column][et_pb_column type=&#8221;1_2&#8243; _builder_version=&#8221;4.25.2&#8243; _module_preset=&#8221;default&#8221; global_colors_info=&#8221;{}&#8221;][\/et_pb_column][\/et_pb_row][\/et_pb_section][et_pb_section fb_built=&#8221;1&#8243; admin_label=&#8221;About&#8221; _builder_version=&#8221;4.25.2&#8243; _module_preset=&#8221;default&#8221; background_color=&#8221;#f9f5f2&#8243; custom_padding=&#8221;||0px||false|false&#8221; collapsed=&#8221;on&#8221; global_colors_info=&#8221;{}&#8221;][et_pb_row _builder_version=&#8221;4.25.2&#8243; _module_preset=&#8221;default&#8221; custom_margin=&#8221;0px||0px||false|false&#8221; custom_padding=&#8221;0px||0px||false|false&#8221; global_colors_info=&#8221;{}&#8221;][et_pb_column type=&#8221;4_4&#8243; _builder_version=&#8221;4.25.2&#8243; _module_preset=&#8221;default&#8221; global_colors_info=&#8221;{}&#8221;][et_pb_heading title=&#8221;Kiireet j\u00e4\u00e4v\u00e4t reen liukuessa mets\u00e4n hiljaisuudessa&#8221; _builder_version=&#8221;4.25.2&#8243; _module_preset=&#8221;default&#8221; title_font=&#8221;PT Serif|700|||||||&#8221; title_text_align=&#8221;center&#8221; title_font_size=&#8221;37px&#8221; title_font_size_tablet=&#8221;37px&#8221; title_font_size_phone=&#8221;30px&#8221; title_font_size_last_edited=&#8221;on|phone&#8221; global_colors_info=&#8221;{}&#8221;][\/et_pb_heading][\/et_pb_column][\/et_pb_row][et_pb_row _builder_version=&#8221;4.25.2&#8243; _module_preset=&#8221;default&#8221; custom_margin=&#8221;0px||||false|false&#8221; global_colors_info=&#8221;{}&#8221;][et_pb_column type=&#8221;4_4&#8243; _builder_version=&#8221;4.25.2&#8243; _module_preset=&#8221;default&#8221; global_colors_info=&#8221;{}&#8221;][et_pb_text _builder_version=&#8221;4.27.4&#8243; _module_preset=&#8221;default&#8221; text_font=&#8221;PT Serif||||||||&#8221; text_text_color=&#8221;#000000&#8243; text_font_size=&#8221;23px&#8221; text_line_height=&#8221;1.5em&#8221; text_orientation=&#8221;center&#8221; global_colors_info=&#8221;{}&#8221;]<\/p>\n<p style=\"text-align: center;\">Poroajelu Levill\u00e4 on rauhallinen ja el\u00e4myksellinen tapa tutustua Lapin talviseen luontoon. Istahda poron vet\u00e4m\u00e4\u00e4n rekeen ja liu\u2019u hiljaisuudessa halki lumisten metsien \u2013 juuri niin kuin Lapissa on tehty vuosisatojen ajan.<\/p>\n<p>Poroel\u00e4myksemme sopivat kaikenik\u00e4isille matkailijoille. Olitpa liikkeell\u00e4 pariskuntana, perheen\u00e4 tai yst\u00e4vien kanssa, poroajelu tarjoaa ainutlaatuisen hetken luonnon ja kulttuurin ytimess\u00e4. Reitti kulkee hiljalleen halki talvisen luonnon, ja oppaamme huolehtivat sek\u00e4 turvallisuudesta ett\u00e4 tunnelmasta.<\/p>\n<p>Jos kaipaat lis\u00e4\u00e4 arktisia el\u00e4myksi\u00e4, kokeile my\u00f6s <a href=\"https:\/\/polarlightstours.fi\/fi\/huskyelamykset\/\">huskysafaria<\/a>, <a href=\"https:\/\/polarlightstours.fi\/fi\/hevoselamykset\/\">ratsastusretke\u00e4 suomenhevosilla<\/a> tai y\u00f6vy <a href=\"https:\/\/polarlightstours.fi\/fi\/majoitusta-levilla\/\">majoituksessamme Levill\u00e4<\/a>.<\/p>\n<p>Lue lis\u00e4\u00e4 poroista <a href=\"https:\/\/fi.wikipedia.org\/wiki\/Poro\" target=\"_blank\" rel=\"noopener\">Wikipediasta<\/a>.<\/p>\n<p>[\/et_pb_text][\/et_pb_column][\/et_pb_row][\/et_pb_section][et_pb_section fb_built=&#8221;1&#8243; admin_label=&#8221;Contact Info&#8221; _builder_version=&#8221;4.25.2&#8243; _module_preset=&#8221;default&#8221; background_enable_color=&#8221;off&#8221; background_enable_image=&#8221;off&#8221; parallax=&#8221;on&#8221; custom_padding=&#8221;1vw|5vw||5vw|false|true&#8221; collapsed=&#8221;on&#8221; global_colors_info=&#8221;{}&#8221;][et_pb_row _builder_version=&#8221;4.25.2&#8243; _module_preset=&#8221;default&#8221; global_colors_info=&#8221;{}&#8221;][et_pb_column type=&#8221;4_4&#8243; _builder_version=&#8221;4.25.2&#8243; _module_preset=&#8221;default&#8221; global_colors_info=&#8221;{}&#8221;][et_pb_text _builder_version=&#8221;4.25.2&#8243; _module_preset=&#8221;default&#8221; global_colors_info=&#8221;{}&#8221;]<script src=\"https:\/\/fareharbor.com\/embeds\/script\/items\/polarlightstours\/?fallback=simple&full-items=yes&language=fi&flow=527359\"><\/script>[\/et_pb_text][\/et_pb_column][\/et_pb_row][\/et_pb_section][et_pb_section fb_built=&#8221;1&#8243; admin_label=&#8221;Menu&#8221; _builder_version=&#8221;4.24.3&#8243; _module_preset=&#8221;default&#8221; collapsed=&#8221;on&#8221; global_colors_info=&#8221;{}&#8221;][\/et_pb_section]<\/p>\n","protected":false},"excerpt":{"rendered":"<p>Poroajelu Levill\u00e4 on rauhallinen ja el\u00e4myksellinen tapa tutustua Lapin talviseen luontoon. Istahda poron vet\u00e4m\u00e4\u00e4n rekeen ja liu\u2019u hiljaisuudessa halki lumisten metsien \u2013 juuri niin kuin Lapissa on tehty vuosisatojen ajan. Poroel\u00e4myksemme sopivat kaikenik\u00e4isille matkailijoille. Olitpa liikkeell\u00e4 pariskuntana, perheen\u00e4 tai yst\u00e4vien kanssa, poroajelu tarjoaa ainutlaatuisen hetken luonnon ja kulttuurin ytimess\u00e4. Reitti kulkee hiljalleen halki talvisen luonnon, ja oppaamme huolehtivat sek\u00e4 turvallisuudesta ett\u00e4 tunnelmasta. Jos kaipaat lis\u00e4\u00e4 arktisia el\u00e4myksi\u00e4, kokeile my\u00f6s huskysafaria, ratsastusretke\u00e4 suomenhevosilla tai y\u00f6vy majoituksessamme Levill\u00e4. Lue lis\u00e4\u00e4 poroista Wikipediasta.<script src=\"https:\/\/fareharbor.com\/embeds\/script\/items\/polarlightstours\/?fallback=simple&full-items=yes&language=fi&flow=527359\"><\/script><\/p>\n","protected":false},"author":1,"featured_media":0,"parent":0,"menu_order":0,"comment_status":"closed","ping_status":"closed","template":"","meta":{"_et_pb_use_builder":"on","_et_pb_old_content":"","_et_gb_content_width":"","footnotes":""},"class_list":["post-968","page","type-page","status-publish","hentry"],"yoast_head":"<!-- This site is optimized with the Yoast SEO plugin v27.3 - https:\/\/yoast.com\/product\/yoast-seo-wordpress\/ -->\n<title>Poroajelu Levi | Rauhallinen el\u00e4mys Lapissa | Polar Lights Tours<\/title>\n<meta name=\"description\" content=\"Poroajelu Levi \u2013 rauhallinen reki- tai vaellusel\u00e4mys Lapin luonnossa. Sopii perheille, pareille ja kaikille, jotka etsiv\u00e4t hiljaisuutta.\" \/>\n<meta name=\"robots\" content=\"index, follow, max-snippet:-1, max-image-preview:large, max-video-preview:-1\" \/>\n<link rel=\"canonical\" href=\"https:\/\/polarlightstours.fi\/fi\/poroelamykset\/\" \/>\n<meta property=\"og:locale\" content=\"fi_FI\" \/>\n<meta property=\"og:type\" content=\"article\" \/>\n<meta property=\"og:title\" content=\"Poroajelu Levi | Rauhallinen el\u00e4mys Lapissa | Polar Lights Tours\" \/>\n<meta property=\"og:description\" content=\"Poroajelu Levi \u2013 rauhallinen reki- tai vaellusel\u00e4mys Lapin luonnossa. Sopii perheille, pareille ja kaikille, jotka etsiv\u00e4t hiljaisuutta.\" \/>\n<meta property=\"og:url\" content=\"https:\/\/polarlightstours.fi\/fi\/poroelamykset\/\" \/>\n<meta property=\"og:site_name\" content=\"Polar Lights Tours\" \/>\n<meta property=\"article:publisher\" content=\"https:\/\/www.facebook.com\/polarlightstours\/\" \/>\n<meta property=\"article:modified_time\" content=\"2025-11-07T05:34:15+00:00\" \/>\n<meta property=\"og:image\" content=\"https:\/\/polarlightstours.fi\/wp-content\/uploads\/2024\/09\/logo-final.png\" \/>\n\t<meta property=\"og:image:width\" content=\"319\" \/>\n\t<meta property=\"og:image:height\" content=\"200\" \/>\n\t<meta property=\"og:image:type\" content=\"image\/png\" \/>\n<meta name=\"twitter:card\" content=\"summary_large_image\" \/>\n<meta name=\"twitter:label1\" content=\"Est. reading time\" \/>\n\t<meta name=\"twitter:data1\" content=\"1 minute\" \/>\n<script type=\"application\/ld+json\" class=\"yoast-schema-graph\">{\"@context\":\"https:\\\/\\\/schema.org\",\"@graph\":[{\"@type\":\"WebPage\",\"@id\":\"https:\\\/\\\/polarlightstours.fi\\\/fi\\\/poroelamykset\\\/\",\"url\":\"https:\\\/\\\/polarlightstours.fi\\\/fi\\\/poroelamykset\\\/\",\"name\":\"Poroajelu Levi | Rauhallinen el\u00e4mys Lapissa | Polar Lights Tours\",\"isPartOf\":{\"@id\":\"https:\\\/\\\/polarlightstours.fi\\\/#website\"},\"datePublished\":\"2024-09-06T02:48:20+00:00\",\"dateModified\":\"2025-11-07T05:34:15+00:00\",\"description\":\"Poroajelu Levi \u2013 rauhallinen reki- tai vaellusel\u00e4mys Lapin luonnossa. Sopii perheille, pareille ja kaikille, jotka etsiv\u00e4t hiljaisuutta.\",\"breadcrumb\":{\"@id\":\"https:\\\/\\\/polarlightstours.fi\\\/fi\\\/poroelamykset\\\/#breadcrumb\"},\"inLanguage\":\"fi\",\"potentialAction\":[{\"@type\":\"ReadAction\",\"target\":[\"https:\\\/\\\/polarlightstours.fi\\\/fi\\\/poroelamykset\\\/\"]}]},{\"@type\":\"BreadcrumbList\",\"@id\":\"https:\\\/\\\/polarlightstours.fi\\\/fi\\\/poroelamykset\\\/#breadcrumb\",\"itemListElement\":[{\"@type\":\"ListItem\",\"position\":1,\"name\":\"Home\",\"item\":\"https:\\\/\\\/polarlightstours.fi\\\/fi\\\/\"},{\"@type\":\"ListItem\",\"position\":2,\"name\":\"Poroel\u00e4mykset\"}]},{\"@type\":\"WebSite\",\"@id\":\"https:\\\/\\\/polarlightstours.fi\\\/#website\",\"url\":\"https:\\\/\\\/polarlightstours.fi\\\/\",\"name\":\"Polar Lights Tours\",\"description\":\"Experience\u00a0Finnish Lapland\u00a0wilderness with\u00a0huskies, reindeers\u00a0&amp;\u00a0horses\",\"publisher\":{\"@id\":\"https:\\\/\\\/polarlightstours.fi\\\/#organization\"},\"potentialAction\":[{\"@type\":\"SearchAction\",\"target\":{\"@type\":\"EntryPoint\",\"urlTemplate\":\"https:\\\/\\\/polarlightstours.fi\\\/?s={search_term_string}\"},\"query-input\":{\"@type\":\"PropertyValueSpecification\",\"valueRequired\":true,\"valueName\":\"search_term_string\"}}],\"inLanguage\":\"fi\"},{\"@type\":\"Organization\",\"@id\":\"https:\\\/\\\/polarlightstours.fi\\\/#organization\",\"name\":\"Polar Lights Tours\",\"url\":\"https:\\\/\\\/polarlightstours.fi\\\/\",\"logo\":{\"@type\":\"ImageObject\",\"inLanguage\":\"fi\",\"@id\":\"https:\\\/\\\/polarlightstours.fi\\\/#\\\/schema\\\/logo\\\/image\\\/\",\"url\":\"https:\\\/\\\/polarlightstours.fi\\\/wp-content\\\/uploads\\\/2024\\\/09\\\/logo-final.png\",\"contentUrl\":\"https:\\\/\\\/polarlightstours.fi\\\/wp-content\\\/uploads\\\/2024\\\/09\\\/logo-final.png\",\"width\":319,\"height\":200,\"caption\":\"Polar Lights Tours\"},\"image\":{\"@id\":\"https:\\\/\\\/polarlightstours.fi\\\/#\\\/schema\\\/logo\\\/image\\\/\"},\"sameAs\":[\"https:\\\/\\\/www.facebook.com\\\/polarlightstours\\\/\",\"https:\\\/\\\/www.instagram.com\\\/polarlightstours\\\/\"]}]}<\/script>\n<!-- \/ Yoast SEO plugin. -->","yoast_head_json":{"title":"Poroajelu Levi | Rauhallinen el\u00e4mys Lapissa | Polar Lights Tours","description":"Poroajelu Levi \u2013 rauhallinen reki- tai vaellusel\u00e4mys Lapin luonnossa. Sopii perheille, pareille ja kaikille, jotka etsiv\u00e4t hiljaisuutta.","robots":{"index":"index","follow":"follow","max-snippet":"max-snippet:-1","max-image-preview":"max-image-preview:large","max-video-preview":"max-video-preview:-1"},"canonical":"https:\/\/polarlightstours.fi\/fi\/poroelamykset\/","og_locale":"fi_FI","og_type":"article","og_title":"Poroajelu Levi | Rauhallinen el\u00e4mys Lapissa | Polar Lights Tours","og_description":"Poroajelu Levi \u2013 rauhallinen reki- tai vaellusel\u00e4mys Lapin luonnossa. Sopii perheille, pareille ja kaikille, jotka etsiv\u00e4t hiljaisuutta.","og_url":"https:\/\/polarlightstours.fi\/fi\/poroelamykset\/","og_site_name":"Polar Lights Tours","article_publisher":"https:\/\/www.facebook.com\/polarlightstours\/","article_modified_time":"2025-11-07T05:34:15+00:00","og_image":[{"width":319,"height":200,"url":"https:\/\/polarlightstours.fi\/wp-content\/uploads\/2024\/09\/logo-final.png","type":"image\/png"}],"twitter_card":"summary_large_image","twitter_misc":{"Est. reading time":"1 minute"},"schema":{"@context":"https:\/\/schema.org","@graph":[{"@type":"WebPage","@id":"https:\/\/polarlightstours.fi\/fi\/poroelamykset\/","url":"https:\/\/polarlightstours.fi\/fi\/poroelamykset\/","name":"Poroajelu Levi | Rauhallinen el\u00e4mys Lapissa | Polar Lights Tours","isPartOf":{"@id":"https:\/\/polarlightstours.fi\/#website"},"datePublished":"2024-09-06T02:48:20+00:00","dateModified":"2025-11-07T05:34:15+00:00","description":"Poroajelu Levi \u2013 rauhallinen reki- tai vaellusel\u00e4mys Lapin luonnossa. Sopii perheille, pareille ja kaikille, jotka etsiv\u00e4t hiljaisuutta.","breadcrumb":{"@id":"https:\/\/polarlightstours.fi\/fi\/poroelamykset\/#breadcrumb"},"inLanguage":"fi","potentialAction":[{"@type":"ReadAction","target":["https:\/\/polarlightstours.fi\/fi\/poroelamykset\/"]}]},{"@type":"BreadcrumbList","@id":"https:\/\/polarlightstours.fi\/fi\/poroelamykset\/#breadcrumb","itemListElement":[{"@type":"ListItem","position":1,"name":"Home","item":"https:\/\/polarlightstours.fi\/fi\/"},{"@type":"ListItem","position":2,"name":"Poroel\u00e4mykset"}]},{"@type":"WebSite","@id":"https:\/\/polarlightstours.fi\/#website","url":"https:\/\/polarlightstours.fi\/","name":"Polar Lights Tours","description":"Experience\u00a0Finnish Lapland\u00a0wilderness with\u00a0huskies, reindeers\u00a0&amp;\u00a0horses","publisher":{"@id":"https:\/\/polarlightstours.fi\/#organization"},"potentialAction":[{"@type":"SearchAction","target":{"@type":"EntryPoint","urlTemplate":"https:\/\/polarlightstours.fi\/?s={search_term_string}"},"query-input":{"@type":"PropertyValueSpecification","valueRequired":true,"valueName":"search_term_string"}}],"inLanguage":"fi"},{"@type":"Organization","@id":"https:\/\/polarlightstours.fi\/#organization","name":"Polar Lights Tours","url":"https:\/\/polarlightstours.fi\/","logo":{"@type":"ImageObject","inLanguage":"fi","@id":"https:\/\/polarlightstours.fi\/#\/schema\/logo\/image\/","url":"https:\/\/polarlightstours.fi\/wp-content\/uploads\/2024\/09\/logo-final.png","contentUrl":"https:\/\/polarlightstours.fi\/wp-content\/uploads\/2024\/09\/logo-final.png","width":319,"height":200,"caption":"Polar Lights Tours"},"image":{"@id":"https:\/\/polarlightstours.fi\/#\/schema\/logo\/image\/"},"sameAs":["https:\/\/www.facebook.com\/polarlightstours\/","https:\/\/www.instagram.com\/polarlightstours\/"]}]}},"_links":{"self":[{"href":"https:\/\/polarlightstours.fi\/fi\/wp-json\/wp\/v2\/pages\/968","targetHints":{"allow":["GET"]}}],"collection":[{"href":"https:\/\/polarlightstours.fi\/fi\/wp-json\/wp\/v2\/pages"}],"about":[{"href":"https:\/\/polarlightstours.fi\/fi\/wp-json\/wp\/v2\/types\/page"}],"author":[{"embeddable":true,"href":"https:\/\/polarlightstours.fi\/fi\/wp-json\/wp\/v2\/users\/1"}],"replies":[{"embeddable":true,"href":"https:\/\/polarlightstours.fi\/fi\/wp-json\/wp\/v2\/comments?post=968"}],"version-history":[{"count":18,"href":"https:\/\/polarlightstours.fi\/fi\/wp-json\/wp\/v2\/pages\/968\/revisions"}],"predecessor-version":[{"id":5320,"href":"https:\/\/polarlightstours.fi\/fi\/wp-json\/wp\/v2\/pages\/968\/revisions\/5320"}],"wp:attachment":[{"href":"https:\/\/polarlightstours.fi\/fi\/wp-json\/wp\/v2\/media?parent=968"}],"curies":[{"name":"wp","href":"https:\/\/api.w.org\/{rel}","templated":true}]}}