{"id":959,"date":"2024-07-07T07:16:00","date_gmt":"2024-07-07T04:16:00","guid":{"rendered":"https:\/\/discodigimedia.com\/horse-experiences\/"},"modified":"2025-11-07T07:33:23","modified_gmt":"2025-11-07T05:33:23","slug":"hevoselamykset","status":"publish","type":"page","link":"https:\/\/polarlightstours.fi\/fi\/hevoselamykset\/","title":{"rendered":"Hevosel\u00e4mykset"},"content":{"rendered":"<p>[et_pb_section fb_built=&#8221;1&#8243; admin_label=&#8221;Header&#8221; _builder_version=&#8221;4.27.4&#8243; _module_preset=&#8221;default&#8221; background_color=&#8221;RGBA(255,255,255,0)&#8221; background_image=&#8221;https:\/\/polarlightstours.fi\/wp-content\/uploads\/2025\/05\/Polar-lights-tours-ja-Original-Lapland-ratsastusretkella-07-2.jpg&#8221; height=&#8221;700px&#8221; height_tablet=&#8221;500px&#8221; height_phone=&#8221;450px&#8221; height_last_edited=&#8221;on|phone&#8221; custom_padding=&#8221;5vw||5vw||true|false&#8221; collapsed=&#8221;off&#8221; global_colors_info=&#8221;{}&#8221;][et_pb_row _builder_version=&#8221;4.27.4&#8243; _module_preset=&#8221;default&#8221; width=&#8221;50%&#8221; width_tablet=&#8221;80%&#8221; width_phone=&#8221;80%&#8221; width_last_edited=&#8221;on|desktop&#8221; max_width=&#8221;none&#8221; custom_margin=&#8221;0px||||false|false&#8221; hover_enabled=&#8221;0&#8243; global_colors_info=&#8221;{}&#8221; custom_padding=&#8221;250px||50px||false|false&#8221; custom_padding_last_edited=&#8221;on|phone&#8221; sticky_enabled=&#8221;0&#8243; custom_padding_phone=&#8221;100px||30px||false|false&#8221; custom_padding_tablet=&#8221;250px||50px||false|false&#8221;][et_pb_column type=&#8221;4_4&#8243; _builder_version=&#8221;4.24.3&#8243; _module_preset=&#8221;default&#8221; global_colors_info=&#8221;{}&#8221;][et_pb_heading title=&#8221;Hevosel\u00e4mykset&#8221; _builder_version=&#8221;4.25.2&#8243; _module_preset=&#8221;_initial&#8221; title_font=&#8221;PT Serif|700|||||||&#8221; title_text_align=&#8221;center&#8221; title_text_color=&#8221;#FFFFFF&#8221; title_font_size=&#8221;5vw&#8221; title_line_height=&#8221;1.2em&#8221; custom_margin=&#8221;||10px||false|false&#8221; title_font_size_tablet=&#8221;40px&#8221; title_font_size_phone=&#8221;34px&#8221; title_font_size_last_edited=&#8221;on|phone&#8221; text_shadow_style=&#8221;preset5&#8243; text_shadow_horizontal_length=&#8221;0.03em&#8221; text_shadow_vertical_length=&#8221;0.03em&#8221; text_shadow_blur_strength=&#8221;0.01em&#8221; global_colors_info=&#8221;{}&#8221;][\/et_pb_heading][\/et_pb_column][\/et_pb_row][et_pb_row column_structure=&#8221;1_2,1_2&#8243; custom_padding_last_edited=&#8221;on|phone&#8221; _builder_version=&#8221;4.27.4&#8243; _module_preset=&#8221;default&#8221; custom_padding=&#8221;20px||||false|false&#8221; custom_padding_tablet=&#8221;0px||||false|false&#8221; custom_padding_phone=&#8221;0px||||false|false&#8221; hover_enabled=&#8221;0&#8243; global_colors_info=&#8221;{}&#8221; sticky_enabled=&#8221;0&#8243;][et_pb_column type=&#8221;1_2&#8243; _builder_version=&#8221;4.25.2&#8243; _module_preset=&#8221;default&#8221; global_colors_info=&#8221;{}&#8221;][et_pb_button button_url=&#8221;#talvi&#8221; button_text=&#8221;TALVI&#8221; button_alignment=&#8221;center&#8221; _builder_version=&#8221;4.25.2&#8243; _module_preset=&#8221;default&#8221; custom_button=&#8221;on&#8221; button_text_size=&#8221;18px&#8221; button_text_color=&#8221;#FFFFFF&#8221; button_bg_color=&#8221;rgba(204,145,54,0.84)&#8221; button_border_width=&#8221;1px&#8221; button_border_color=&#8221;#FFFFFF&#8221; button_border_radius=&#8221;0px&#8221; button_font=&#8221;Montserrat|700|||||||&#8221; background_layout=&#8221;dark&#8221; global_colors_info=&#8221;{}&#8221;][\/et_pb_button][\/et_pb_column][et_pb_column type=&#8221;1_2&#8243; _builder_version=&#8221;4.25.2&#8243; _module_preset=&#8221;default&#8221; global_colors_info=&#8221;{}&#8221;][et_pb_button button_url=&#8221;#kesa&#8221; button_text=&#8221;KES\u00c4&#8221; button_alignment=&#8221;center&#8221; _builder_version=&#8221;4.25.2&#8243; _module_preset=&#8221;default&#8221; custom_button=&#8221;on&#8221; button_text_size=&#8221;18px&#8221; button_text_color=&#8221;#FFFFFF&#8221; button_bg_color=&#8221;rgba(204,145,54,0.84)&#8221; button_border_width=&#8221;1px&#8221; button_border_color=&#8221;#FFFFFF&#8221; button_border_radius=&#8221;0px&#8221; button_font=&#8221;Montserrat|700|||||||&#8221; background_layout=&#8221;dark&#8221; global_colors_info=&#8221;{}&#8221;][\/et_pb_button][\/et_pb_column][\/et_pb_row][\/et_pb_section][et_pb_section fb_built=&#8221;1&#8243; admin_label=&#8221;About&#8221; _builder_version=&#8221;4.25.2&#8243; _module_preset=&#8221;default&#8221; background_color=&#8221;#f9f5f2&#8243; custom_padding=&#8221;||0px||false|false&#8221; collapsed=&#8221;on&#8221; global_colors_info=&#8221;{}&#8221;][et_pb_row _builder_version=&#8221;4.25.2&#8243; _module_preset=&#8221;default&#8221; custom_margin=&#8221;0px||0px||false|false&#8221; custom_padding=&#8221;0px||0px||false|false&#8221; global_colors_info=&#8221;{}&#8221;][et_pb_column type=&#8221;4_4&#8243; _builder_version=&#8221;4.25.2&#8243; _module_preset=&#8221;default&#8221; global_colors_info=&#8221;{}&#8221;][et_pb_heading title=&#8221;Koe Lapin uskomaton luonto hevosyst\u00e4v\u00e4n kanssa&#8221; _builder_version=&#8221;4.25.2&#8243; _module_preset=&#8221;default&#8221; title_font=&#8221;PT Serif|700|||||||&#8221; title_text_align=&#8221;center&#8221; title_font_size=&#8221;37px&#8221; title_font_size_tablet=&#8221;37px&#8221; title_font_size_phone=&#8221;28px&#8221; title_font_size_last_edited=&#8221;on|phone&#8221; global_colors_info=&#8221;{}&#8221;][\/et_pb_heading][\/et_pb_column][\/et_pb_row][et_pb_row _builder_version=&#8221;4.25.2&#8243; _module_preset=&#8221;default&#8221; custom_margin=&#8221;0px||||false|false&#8221; global_colors_info=&#8221;{}&#8221;][et_pb_column type=&#8221;4_4&#8243; _builder_version=&#8221;4.25.2&#8243; _module_preset=&#8221;default&#8221; global_colors_info=&#8221;{}&#8221;][et_pb_text _builder_version=&#8221;4.27.4&#8243; _module_preset=&#8221;default&#8221; text_font=&#8221;PT Serif||||||||&#8221; text_text_color=&#8221;#000000&#8243; text_font_size=&#8221;23px&#8221; text_line_height=&#8221;1.5em&#8221; text_orientation=&#8221;center&#8221; text_font_size_tablet=&#8221;23px&#8221; text_font_size_phone=&#8221;20px&#8221; text_font_size_last_edited=&#8221;on|desktop&#8221; global_colors_info=&#8221;{}&#8221;]<\/p>\n<p style=\"text-align: center;\">Ratsastus Levill\u00e4 on unohtumaton tapa tutustua arktiseen luontoon. Yst\u00e4v\u00e4lliset suomenhevosemme viev\u00e4t sinut kokemaan ratsastusretken Lapin maisemiin. Oppaamme huolehtivat turvallisuudestasi ja p\u00e4\u00e4set nauttimaan pohjoisen puhtaasta ilmasta ja luonnosta.<br \/>\nSuomenhevoset ovat rauhallisia ja vahvoja kotimaisia hevosia, joihin voi luottaa. Lue lis\u00e4\u00e4 suomenhevosesta osoitteessa <a href=\"https:\/\/www.suomenhevonen.fi\">suomenhevonen.fi<\/a>.<br \/>\nJos kaipaat rauhallisempaa tahtia, l\u00e4hde <a href=\"https:\/\/polarlightstours.fi\/fi\/poroelamykset\/\">poroajelulle<\/a> joka kuljettaa sinut hiljaisesti halki Lapin lumisten metsien.<\/p>\n<p>[\/et_pb_text][\/et_pb_column][\/et_pb_row][\/et_pb_section][et_pb_section fb_built=&#8221;1&#8243; admin_label=&#8221;Contact Info&#8221; _builder_version=&#8221;4.25.2&#8243; _module_preset=&#8221;default&#8221; background_enable_color=&#8221;off&#8221; background_enable_image=&#8221;off&#8221; parallax=&#8221;on&#8221; custom_padding=&#8221;1vw|5vw||5vw|false|true&#8221; collapsed=&#8221;on&#8221; global_colors_info=&#8221;{}&#8221;][et_pb_row _builder_version=&#8221;4.25.2&#8243; _module_preset=&#8221;default&#8221; global_colors_info=&#8221;{}&#8221;][et_pb_column type=&#8221;4_4&#8243; _builder_version=&#8221;4.25.2&#8243; _module_preset=&#8221;default&#8221; global_colors_info=&#8221;{}&#8221;][et_pb_heading title=&#8221;Talvi&#8221; module_id=&#8221;talvi&#8221; _builder_version=&#8221;4.25.2&#8243; _module_preset=&#8221;default&#8221; title_font=&#8221;PT Serif|700|||||||&#8221; title_text_align=&#8221;center&#8221; title_font_size=&#8221;37px&#8221; global_colors_info=&#8221;{}&#8221;][\/et_pb_heading][et_pb_text _builder_version=&#8221;4.25.2&#8243; _module_preset=&#8221;default&#8221; global_colors_info=&#8221;{}&#8221;]<script src=\"https:\/\/fareharbor.com\/embeds\/script\/items\/polarlightstours\/?fallback=simple&full-items=yes&language=fi&flow=527365\"><\/script>[\/et_pb_text][et_pb_heading title=&#8221;Kes\u00e4&#8221; module_id=&#8221;kesa&#8221; _builder_version=&#8221;4.25.2&#8243; _module_preset=&#8221;default&#8221; title_font=&#8221;PT Serif|700|||||||&#8221; title_text_align=&#8221;center&#8221; title_font_size=&#8221;37px&#8221; global_colors_info=&#8221;{}&#8221;][\/et_pb_heading][et_pb_text _builder_version=&#8221;4.25.2&#8243; _module_preset=&#8221;default&#8221; global_colors_info=&#8221;{}&#8221;]<script src=\"https:\/\/fareharbor.com\/embeds\/script\/items\/polarlightstours\/?fallback=simple&full-items=yes&language=fi&flow=527366\"><\/script>[\/et_pb_text][\/et_pb_column][\/et_pb_row][\/et_pb_section][et_pb_section fb_built=&#8221;1&#8243; admin_label=&#8221;Video&#8221; _builder_version=&#8221;4.25.2&#8243; _module_preset=&#8221;default&#8221; background_color=&#8221;#efeded&#8221; collapsed=&#8221;on&#8221; global_colors_info=&#8221;{}&#8221;][\/et_pb_section][et_pb_section fb_built=&#8221;1&#8243; admin_label=&#8221;Menu&#8221; _builder_version=&#8221;4.24.3&#8243; _module_preset=&#8221;default&#8221; collapsed=&#8221;on&#8221; global_colors_info=&#8221;{}&#8221;][\/et_pb_section]<\/p>\n","protected":false},"excerpt":{"rendered":"<p>Ratsastus Levill\u00e4 on unohtumaton tapa tutustua arktiseen luontoon. Yst\u00e4v\u00e4lliset suomenhevosemme viev\u00e4t sinut kokemaan ratsastusretken Lapin maisemiin. Oppaamme huolehtivat turvallisuudestasi ja p\u00e4\u00e4set nauttimaan pohjoisen puhtaasta ilmasta ja luonnosta. Suomenhevoset ovat rauhallisia ja vahvoja kotimaisia hevosia, joihin voi luottaa. Lue lis\u00e4\u00e4 suomenhevosesta osoitteessa suomenhevonen.fi. Jos kaipaat rauhallisempaa tahtia, l\u00e4hde poroajelulle joka kuljettaa sinut hiljaisesti halki Lapin lumisten metsien.<script src=\"https:\/\/fareharbor.com\/embeds\/script\/items\/polarlightstours\/?fallback=simple&full-items=yes&language=fi&flow=527365\"><\/script><script src=\"https:\/\/fareharbor.com\/embeds\/script\/items\/polarlightstours\/?fallback=simple&full-items=yes&language=fi&flow=527366\"><\/script><\/p>\n","protected":false},"author":1,"featured_media":0,"parent":0,"menu_order":0,"comment_status":"closed","ping_status":"closed","template":"","meta":{"_et_pb_use_builder":"on","_et_pb_old_content":"","_et_gb_content_width":"","footnotes":""},"class_list":["post-959","page","type-page","status-publish","hentry"],"yoast_head":"<!-- This site is optimized with the Yoast SEO plugin v27.3 - https:\/\/yoast.com\/product\/yoast-seo-wordpress\/ -->\n<title>Ratsastus Levi | El\u00e4mykset Suomenhevosilla | Polar Lights Tours<\/title>\n<meta name=\"description\" content=\"Ratsastus Levi \u2013 ratsastusvaellukset Suomenhevosilla. Opastetut retket Lapin luonnossa sopivat kaikille \u2013 varaa hevoseikkailusi helposti!\" \/>\n<meta name=\"robots\" content=\"index, follow, max-snippet:-1, max-image-preview:large, max-video-preview:-1\" \/>\n<link rel=\"canonical\" href=\"https:\/\/polarlightstours.fi\/fi\/hevoselamykset\/\" \/>\n<meta property=\"og:locale\" content=\"fi_FI\" \/>\n<meta property=\"og:type\" content=\"article\" \/>\n<meta property=\"og:title\" content=\"Ratsastus Levi | El\u00e4mykset Suomenhevosilla | Polar Lights Tours\" \/>\n<meta property=\"og:description\" content=\"Ratsastus Levi \u2013 ratsastusvaellukset Suomenhevosilla. Opastetut retket Lapin luonnossa sopivat kaikille \u2013 varaa hevoseikkailusi helposti!\" \/>\n<meta property=\"og:url\" content=\"https:\/\/polarlightstours.fi\/fi\/hevoselamykset\/\" \/>\n<meta property=\"og:site_name\" content=\"Polar Lights Tours\" \/>\n<meta property=\"article:publisher\" content=\"https:\/\/www.facebook.com\/polarlightstours\/\" \/>\n<meta property=\"article:modified_time\" content=\"2025-11-07T05:33:23+00:00\" \/>\n<meta property=\"og:image\" content=\"https:\/\/polarlightstours.fi\/wp-content\/uploads\/2024\/09\/logo-final.png\" \/>\n\t<meta property=\"og:image:width\" content=\"319\" \/>\n\t<meta property=\"og:image:height\" content=\"200\" \/>\n\t<meta property=\"og:image:type\" content=\"image\/png\" \/>\n<meta name=\"twitter:card\" content=\"summary_large_image\" \/>\n<meta name=\"twitter:label1\" content=\"Est. reading time\" \/>\n\t<meta name=\"twitter:data1\" content=\"1 minute\" \/>\n<script type=\"application\/ld+json\" class=\"yoast-schema-graph\">{\"@context\":\"https:\\\/\\\/schema.org\",\"@graph\":[{\"@type\":\"WebPage\",\"@id\":\"https:\\\/\\\/polarlightstours.fi\\\/fi\\\/hevoselamykset\\\/\",\"url\":\"https:\\\/\\\/polarlightstours.fi\\\/fi\\\/hevoselamykset\\\/\",\"name\":\"Ratsastus Levi | El\u00e4mykset Suomenhevosilla | Polar Lights Tours\",\"isPartOf\":{\"@id\":\"https:\\\/\\\/polarlightstours.fi\\\/#website\"},\"datePublished\":\"2024-07-07T04:16:00+00:00\",\"dateModified\":\"2025-11-07T05:33:23+00:00\",\"description\":\"Ratsastus Levi \u2013 ratsastusvaellukset Suomenhevosilla. Opastetut retket Lapin luonnossa sopivat kaikille \u2013 varaa hevoseikkailusi helposti!\",\"breadcrumb\":{\"@id\":\"https:\\\/\\\/polarlightstours.fi\\\/fi\\\/hevoselamykset\\\/#breadcrumb\"},\"inLanguage\":\"fi\",\"potentialAction\":[{\"@type\":\"ReadAction\",\"target\":[\"https:\\\/\\\/polarlightstours.fi\\\/fi\\\/hevoselamykset\\\/\"]}]},{\"@type\":\"BreadcrumbList\",\"@id\":\"https:\\\/\\\/polarlightstours.fi\\\/fi\\\/hevoselamykset\\\/#breadcrumb\",\"itemListElement\":[{\"@type\":\"ListItem\",\"position\":1,\"name\":\"Home\",\"item\":\"https:\\\/\\\/polarlightstours.fi\\\/fi\\\/\"},{\"@type\":\"ListItem\",\"position\":2,\"name\":\"Hevosel\u00e4mykset\"}]},{\"@type\":\"WebSite\",\"@id\":\"https:\\\/\\\/polarlightstours.fi\\\/#website\",\"url\":\"https:\\\/\\\/polarlightstours.fi\\\/\",\"name\":\"Polar Lights Tours\",\"description\":\"Experience\u00a0Finnish Lapland\u00a0wilderness with\u00a0huskies, reindeers\u00a0&amp;\u00a0horses\",\"publisher\":{\"@id\":\"https:\\\/\\\/polarlightstours.fi\\\/#organization\"},\"potentialAction\":[{\"@type\":\"SearchAction\",\"target\":{\"@type\":\"EntryPoint\",\"urlTemplate\":\"https:\\\/\\\/polarlightstours.fi\\\/?s={search_term_string}\"},\"query-input\":{\"@type\":\"PropertyValueSpecification\",\"valueRequired\":true,\"valueName\":\"search_term_string\"}}],\"inLanguage\":\"fi\"},{\"@type\":\"Organization\",\"@id\":\"https:\\\/\\\/polarlightstours.fi\\\/#organization\",\"name\":\"Polar Lights Tours\",\"url\":\"https:\\\/\\\/polarlightstours.fi\\\/\",\"logo\":{\"@type\":\"ImageObject\",\"inLanguage\":\"fi\",\"@id\":\"https:\\\/\\\/polarlightstours.fi\\\/#\\\/schema\\\/logo\\\/image\\\/\",\"url\":\"https:\\\/\\\/polarlightstours.fi\\\/wp-content\\\/uploads\\\/2024\\\/09\\\/logo-final.png\",\"contentUrl\":\"https:\\\/\\\/polarlightstours.fi\\\/wp-content\\\/uploads\\\/2024\\\/09\\\/logo-final.png\",\"width\":319,\"height\":200,\"caption\":\"Polar Lights Tours\"},\"image\":{\"@id\":\"https:\\\/\\\/polarlightstours.fi\\\/#\\\/schema\\\/logo\\\/image\\\/\"},\"sameAs\":[\"https:\\\/\\\/www.facebook.com\\\/polarlightstours\\\/\",\"https:\\\/\\\/www.instagram.com\\\/polarlightstours\\\/\"]}]}<\/script>\n<!-- \/ Yoast SEO plugin. -->","yoast_head_json":{"title":"Ratsastus Levi | El\u00e4mykset Suomenhevosilla | Polar Lights Tours","description":"Ratsastus Levi \u2013 ratsastusvaellukset Suomenhevosilla. Opastetut retket Lapin luonnossa sopivat kaikille \u2013 varaa hevoseikkailusi helposti!","robots":{"index":"index","follow":"follow","max-snippet":"max-snippet:-1","max-image-preview":"max-image-preview:large","max-video-preview":"max-video-preview:-1"},"canonical":"https:\/\/polarlightstours.fi\/fi\/hevoselamykset\/","og_locale":"fi_FI","og_type":"article","og_title":"Ratsastus Levi | El\u00e4mykset Suomenhevosilla | Polar Lights Tours","og_description":"Ratsastus Levi \u2013 ratsastusvaellukset Suomenhevosilla. Opastetut retket Lapin luonnossa sopivat kaikille \u2013 varaa hevoseikkailusi helposti!","og_url":"https:\/\/polarlightstours.fi\/fi\/hevoselamykset\/","og_site_name":"Polar Lights Tours","article_publisher":"https:\/\/www.facebook.com\/polarlightstours\/","article_modified_time":"2025-11-07T05:33:23+00:00","og_image":[{"width":319,"height":200,"url":"https:\/\/polarlightstours.fi\/wp-content\/uploads\/2024\/09\/logo-final.png","type":"image\/png"}],"twitter_card":"summary_large_image","twitter_misc":{"Est. reading time":"1 minute"},"schema":{"@context":"https:\/\/schema.org","@graph":[{"@type":"WebPage","@id":"https:\/\/polarlightstours.fi\/fi\/hevoselamykset\/","url":"https:\/\/polarlightstours.fi\/fi\/hevoselamykset\/","name":"Ratsastus Levi | El\u00e4mykset Suomenhevosilla | Polar Lights Tours","isPartOf":{"@id":"https:\/\/polarlightstours.fi\/#website"},"datePublished":"2024-07-07T04:16:00+00:00","dateModified":"2025-11-07T05:33:23+00:00","description":"Ratsastus Levi \u2013 ratsastusvaellukset Suomenhevosilla. Opastetut retket Lapin luonnossa sopivat kaikille \u2013 varaa hevoseikkailusi helposti!","breadcrumb":{"@id":"https:\/\/polarlightstours.fi\/fi\/hevoselamykset\/#breadcrumb"},"inLanguage":"fi","potentialAction":[{"@type":"ReadAction","target":["https:\/\/polarlightstours.fi\/fi\/hevoselamykset\/"]}]},{"@type":"BreadcrumbList","@id":"https:\/\/polarlightstours.fi\/fi\/hevoselamykset\/#breadcrumb","itemListElement":[{"@type":"ListItem","position":1,"name":"Home","item":"https:\/\/polarlightstours.fi\/fi\/"},{"@type":"ListItem","position":2,"name":"Hevosel\u00e4mykset"}]},{"@type":"WebSite","@id":"https:\/\/polarlightstours.fi\/#website","url":"https:\/\/polarlightstours.fi\/","name":"Polar Lights Tours","description":"Experience\u00a0Finnish Lapland\u00a0wilderness with\u00a0huskies, reindeers\u00a0&amp;\u00a0horses","publisher":{"@id":"https:\/\/polarlightstours.fi\/#organization"},"potentialAction":[{"@type":"SearchAction","target":{"@type":"EntryPoint","urlTemplate":"https:\/\/polarlightstours.fi\/?s={search_term_string}"},"query-input":{"@type":"PropertyValueSpecification","valueRequired":true,"valueName":"search_term_string"}}],"inLanguage":"fi"},{"@type":"Organization","@id":"https:\/\/polarlightstours.fi\/#organization","name":"Polar Lights Tours","url":"https:\/\/polarlightstours.fi\/","logo":{"@type":"ImageObject","inLanguage":"fi","@id":"https:\/\/polarlightstours.fi\/#\/schema\/logo\/image\/","url":"https:\/\/polarlightstours.fi\/wp-content\/uploads\/2024\/09\/logo-final.png","contentUrl":"https:\/\/polarlightstours.fi\/wp-content\/uploads\/2024\/09\/logo-final.png","width":319,"height":200,"caption":"Polar Lights Tours"},"image":{"@id":"https:\/\/polarlightstours.fi\/#\/schema\/logo\/image\/"},"sameAs":["https:\/\/www.facebook.com\/polarlightstours\/","https:\/\/www.instagram.com\/polarlightstours\/"]}]}},"_links":{"self":[{"href":"https:\/\/polarlightstours.fi\/fi\/wp-json\/wp\/v2\/pages\/959","targetHints":{"allow":["GET"]}}],"collection":[{"href":"https:\/\/polarlightstours.fi\/fi\/wp-json\/wp\/v2\/pages"}],"about":[{"href":"https:\/\/polarlightstours.fi\/fi\/wp-json\/wp\/v2\/types\/page"}],"author":[{"embeddable":true,"href":"https:\/\/polarlightstours.fi\/fi\/wp-json\/wp\/v2\/users\/1"}],"replies":[{"embeddable":true,"href":"https:\/\/polarlightstours.fi\/fi\/wp-json\/wp\/v2\/comments?post=959"}],"version-history":[{"count":27,"href":"https:\/\/polarlightstours.fi\/fi\/wp-json\/wp\/v2\/pages\/959\/revisions"}],"predecessor-version":[{"id":5319,"href":"https:\/\/polarlightstours.fi\/fi\/wp-json\/wp\/v2\/pages\/959\/revisions\/5319"}],"wp:attachment":[{"href":"https:\/\/polarlightstours.fi\/fi\/wp-json\/wp\/v2\/media?parent=959"}],"curies":[{"name":"wp","href":"https:\/\/api.w.org\/{rel}","templated":true}]}}