{"id":890,"date":"2024-09-06T05:44:41","date_gmt":"2024-09-06T02:44:41","guid":{"rendered":"https:\/\/discodigimedia.com\/husky-experiences\/"},"modified":"2025-12-11T15:13:13","modified_gmt":"2025-12-11T13:13:13","slug":"huskyelamykset","status":"publish","type":"page","link":"https:\/\/polarlightstours.fi\/fi\/huskyelamykset\/","title":{"rendered":"Huskyel\u00e4mykset"},"content":{"rendered":"<p>[et_pb_section fb_built=&#8221;1&#8243; admin_label=&#8221;Header&#8221; _builder_version=&#8221;4.27.4&#8243; _module_preset=&#8221;default&#8221; background_color=&#8221;RGBA(255,255,255,0)&#8221; background_image=&#8221;https:\/\/polarlightstours.fi\/wp-content\/uploads\/2025\/09\/husky-safari-winter-levi-lapland-25.jpg&#8221; height=&#8221;700px&#8221; height_tablet=&#8221;500px&#8221; height_phone=&#8221;450px&#8221; height_last_edited=&#8221;on|phone&#8221; custom_padding=&#8221;5vw||5vw||true|false&#8221; hover_enabled=&#8221;0&#8243; collapsed=&#8221;off&#8221; global_colors_info=&#8221;{}&#8221; alt=&#8221;Guests on a husky safari riding through snowy Lapland wilderness with a sled dog team.&#8221; title_text=&#8221;Husky Safari in Lapland&#8221; sticky_enabled=&#8221;0&#8243;][et_pb_row custom_padding_last_edited=&#8221;on|desktop&#8221; _builder_version=&#8221;4.27.4&#8243; _module_preset=&#8221;default&#8221; width=&#8221;50%&#8221; width_tablet=&#8221;80%&#8221; width_phone=&#8221;80%&#8221; width_last_edited=&#8221;on|desktop&#8221; max_width=&#8221;none&#8221; custom_margin=&#8221;||||false|false&#8221; custom_padding=&#8221;250px||50px||false|false&#8221; custom_padding_tablet=&#8221;250px||50px||false|false&#8221; custom_padding_phone=&#8221;100px||30px||false|false&#8221; global_colors_info=&#8221;{}&#8221;][et_pb_column type=&#8221;4_4&#8243; _builder_version=&#8221;4.24.3&#8243; _module_preset=&#8221;default&#8221; global_colors_info=&#8221;{}&#8221;][et_pb_heading title=&#8221;Huskyel\u00e4mykset&#8221; _builder_version=&#8221;4.25.2&#8243; _module_preset=&#8221;_initial&#8221; title_font=&#8221;PT Serif|700|||||||&#8221; title_text_align=&#8221;center&#8221; title_text_color=&#8221;#FFFFFF&#8221; title_font_size=&#8221;5vw&#8221; title_line_height=&#8221;1.2em&#8221; custom_margin=&#8221;||10px||false|false&#8221; title_font_size_tablet=&#8221;40px&#8221; title_font_size_phone=&#8221;24px&#8221; title_font_size_last_edited=&#8221;on|desktop&#8221; text_shadow_style=&#8221;preset4&#8243; text_shadow_vertical_length=&#8221;0.04em&#8221; global_colors_info=&#8221;{}&#8221;][\/et_pb_heading][\/et_pb_column][\/et_pb_row][et_pb_row column_structure=&#8221;1_2,1_2&#8243; _builder_version=&#8221;4.27.4&#8243; _module_preset=&#8221;default&#8221; custom_padding=&#8221;0px||||false|false&#8221; global_colors_info=&#8221;{}&#8221;][et_pb_column type=&#8221;1_2&#8243; _builder_version=&#8221;4.25.2&#8243; _module_preset=&#8221;default&#8221; global_colors_info=&#8221;{}&#8221;][et_pb_button button_url=&#8221;#talvi&#8221; button_text=&#8221;TALVI&#8221; button_alignment=&#8221;center&#8221; _builder_version=&#8221;4.25.2&#8243; _module_preset=&#8221;default&#8221; custom_button=&#8221;on&#8221; button_text_size=&#8221;18px&#8221; button_text_color=&#8221;#FFFFFF&#8221; button_bg_color=&#8221;rgba(204,145,54,0.84)&#8221; button_border_width=&#8221;1px&#8221; button_border_color=&#8221;#FFFFFF&#8221; button_border_radius=&#8221;0px&#8221; button_font=&#8221;Montserrat|700|||||||&#8221; background_layout=&#8221;dark&#8221; global_colors_info=&#8221;{}&#8221;][\/et_pb_button][\/et_pb_column][et_pb_column type=&#8221;1_2&#8243; _builder_version=&#8221;4.25.2&#8243; _module_preset=&#8221;default&#8221; global_colors_info=&#8221;{}&#8221;][et_pb_button button_url=&#8221;#kesa&#8221; button_text=&#8221;KES\u00c4&#8221; button_alignment=&#8221;center&#8221; _builder_version=&#8221;4.25.2&#8243; _module_preset=&#8221;default&#8221; custom_button=&#8221;on&#8221; button_text_size=&#8221;18px&#8221; button_text_color=&#8221;#FFFFFF&#8221; button_bg_color=&#8221;rgba(204,145,54,0.84)&#8221; button_border_width=&#8221;1px&#8221; button_border_color=&#8221;#FFFFFF&#8221; button_border_radius=&#8221;0px&#8221; button_font=&#8221;Montserrat|700|||||||&#8221; background_layout=&#8221;dark&#8221; global_colors_info=&#8221;{}&#8221;][\/et_pb_button][\/et_pb_column][\/et_pb_row][\/et_pb_section][et_pb_section fb_built=&#8221;1&#8243; admin_label=&#8221;About&#8221; _builder_version=&#8221;4.25.2&#8243; _module_preset=&#8221;default&#8221; background_color=&#8221;#f9f5f2&#8243; custom_padding=&#8221;||0px||false|false&#8221; collapsed=&#8221;on&#8221; global_colors_info=&#8221;{}&#8221;][et_pb_row _builder_version=&#8221;4.25.2&#8243; _module_preset=&#8221;default&#8221; custom_margin=&#8221;0px||0px||false|false&#8221; custom_padding=&#8221;0px||0px||false|false&#8221; global_colors_info=&#8221;{}&#8221;][et_pb_column type=&#8221;4_4&#8243; _builder_version=&#8221;4.25.2&#8243; _module_preset=&#8221;default&#8221; global_colors_info=&#8221;{}&#8221;][et_pb_heading title=&#8221;Huskysafarit \u2013 nouse rekeen anna vauhdin hurman helli\u00e4!&#8221; _builder_version=&#8221;4.25.2&#8243; _module_preset=&#8221;default&#8221; title_font=&#8221;PT Serif|700|||||||&#8221; title_text_align=&#8221;center&#8221; title_font_size=&#8221;37px&#8221; global_colors_info=&#8221;{}&#8221;][\/et_pb_heading][\/et_pb_column][\/et_pb_row][et_pb_row _builder_version=&#8221;4.25.2&#8243; _module_preset=&#8221;default&#8221; custom_margin=&#8221;0px||||false|false&#8221; global_colors_info=&#8221;{}&#8221;][et_pb_column type=&#8221;4_4&#8243; _builder_version=&#8221;4.25.2&#8243; _module_preset=&#8221;default&#8221; global_colors_info=&#8221;{}&#8221;][et_pb_text _builder_version=&#8221;4.27.4&#8243; _module_preset=&#8221;default&#8221; text_font=&#8221;PT Serif||||||||&#8221; text_text_color=&#8221;#000000&#8243; text_font_size=&#8221;23px&#8221; text_line_height=&#8221;1.5em&#8221; text_orientation=&#8221;center&#8221; text_font_size_tablet=&#8221;23px&#8221; text_font_size_phone=&#8221;20px&#8221; text_font_size_last_edited=&#8221;on|tablet&#8221; global_colors_info=&#8221;{}&#8221;]Istu rekeen, rentoudu ja anna talvisen maiseman hurmata rekikoirasfarilla. Huskysafari Levill\u00e4 on unohtumaton tapa kokea Lapin talvi aidosti koiravaljakon kyydiss\u00e4. Sata iloista ja innokasta <a href=\"https:\/\/fi.wikipedia.org\/wiki\/Alaskanhusky\">Alaskan huskyamme <\/a> johdattavat sinut Lapin luonnon helmaan el\u00e4myksellisille retkille vuoden ymp\u00e4ri.<br \/>\nKiinnostaisiko my\u00f6s <a href=\"https:\/\/polarlightstours.fi\/fi\/poroelamykset\/\">poroajelu Levill\u00e4<\/a>? Se tarjoaa rauhallisemman el\u00e4myksen Lapin maisemissa.[\/et_pb_text][\/et_pb_column][\/et_pb_row][\/et_pb_section][et_pb_section fb_built=&#8221;1&#8243; admin_label=&#8221;Contact Info&#8221; _builder_version=&#8221;4.25.2&#8243; _module_preset=&#8221;default&#8221; background_enable_color=&#8221;off&#8221; background_enable_image=&#8221;off&#8221; parallax=&#8221;on&#8221; custom_padding=&#8221;1vw|5vw||5vw|false|true&#8221; collapsed=&#8221;on&#8221; global_colors_info=&#8221;{}&#8221;][et_pb_row _builder_version=&#8221;4.25.2&#8243; _module_preset=&#8221;default&#8221; global_colors_info=&#8221;{}&#8221;][et_pb_column type=&#8221;4_4&#8243; _builder_version=&#8221;4.25.2&#8243; _module_preset=&#8221;default&#8221; global_colors_info=&#8221;{}&#8221;][et_pb_heading title=&#8221;Talvi&#8221; module_id=&#8221;talvi&#8221; _builder_version=&#8221;4.25.2&#8243; _module_preset=&#8221;default&#8221; title_font=&#8221;PT Serif|700|||||||&#8221; title_text_align=&#8221;center&#8221; title_font_size=&#8221;37px&#8221; global_colors_info=&#8221;{}&#8221;][\/et_pb_heading][et_pb_text _builder_version=&#8221;4.27.4&#8243; _module_preset=&#8221;default&#8221; global_colors_info=&#8221;{}&#8221;]<script src=\"https:\/\/fareharbor.com\/embeds\/script\/items\/polarlightstours\/?fallback=simple&full-items=yes&language=fi&flow=527363\"><\/script>[\/et_pb_text][et_pb_heading title=&#8221;Kes\u00e4&#8221; module_id=&#8221;kesa&#8221; _builder_version=&#8221;4.25.2&#8243; _module_preset=&#8221;default&#8221; title_font=&#8221;PT Serif|700|||||||&#8221; title_text_align=&#8221;center&#8221; title_font_size=&#8221;37px&#8221; global_colors_info=&#8221;{}&#8221;][\/et_pb_heading][et_pb_text _builder_version=&#8221;4.25.2&#8243; _module_preset=&#8221;default&#8221; global_colors_info=&#8221;{}&#8221;]<script src=\"https:\/\/fareharbor.com\/embeds\/script\/items\/polarlightstours\/?fallback=simple&full-items=yes&language=fi&flow=527364\"><\/script>[\/et_pb_text][\/et_pb_column][\/et_pb_row][\/et_pb_section][et_pb_section fb_built=&#8221;1&#8243; admin_label=&#8221;Menu&#8221; _builder_version=&#8221;4.24.3&#8243; _module_preset=&#8221;default&#8221; collapsed=&#8221;on&#8221; global_colors_info=&#8221;{}&#8221;][\/et_pb_section]<\/p>\n","protected":false},"excerpt":{"rendered":"<p>Istu rekeen, rentoudu ja anna talvisen maiseman hurmata rekikoirasfarilla. Huskysafari Levill\u00e4 on unohtumaton tapa kokea Lapin talvi aidosti koiravaljakon kyydiss\u00e4. Sata iloista ja innokasta Alaskan huskyamme johdattavat sinut Lapin luonnon helmaan el\u00e4myksellisille retkille vuoden ymp\u00e4ri. Kiinnostaisiko my\u00f6s poroajelu Levill\u00e4? Se tarjoaa rauhallisemman el\u00e4myksen Lapin maisemissa.<script src=\"https:\/\/fareharbor.com\/embeds\/script\/items\/polarlightstours\/?fallback=simple&full-items=yes&language=fi&flow=527363\"><\/script><script src=\"https:\/\/fareharbor.com\/embeds\/script\/items\/polarlightstours\/?fallback=simple&full-items=yes&language=fi&flow=527364\"><\/script><\/p>\n","protected":false},"author":1,"featured_media":5074,"parent":0,"menu_order":0,"comment_status":"closed","ping_status":"closed","template":"","meta":{"_et_pb_use_builder":"on","_et_pb_old_content":"","_et_gb_content_width":"","footnotes":""},"class_list":["post-890","page","type-page","status-publish","has-post-thumbnail","hentry"],"yoast_head":"<!-- This site is optimized with the Yoast SEO plugin v27.3 - https:\/\/yoast.com\/product\/yoast-seo-wordpress\/ -->\n<title>Huskysafari Levi | Aidot el\u00e4mykset Lapissa | Polar Lights Tours<\/title>\n<meta name=\"description\" content=\"Huskysafari Levi - El\u00e4mys Lapin luonnon keskell\u00e4. Opastetut retket turvallisilla valjakoilla \u2013 sopii koko perheelle. Varaa el\u00e4mys helposti!\" \/>\n<meta name=\"robots\" content=\"index, follow, max-snippet:-1, max-image-preview:large, max-video-preview:-1\" \/>\n<link rel=\"canonical\" href=\"https:\/\/polarlightstours.fi\/fi\/huskyelamykset\/\" \/>\n<meta property=\"og:locale\" content=\"fi_FI\" \/>\n<meta property=\"og:type\" content=\"article\" \/>\n<meta property=\"og:title\" content=\"Huskysafari Levi | Aidot el\u00e4mykset Lapissa | Polar Lights Tours\" \/>\n<meta property=\"og:description\" content=\"Huskysafari Levi - El\u00e4mys Lapin luonnon keskell\u00e4. Opastetut retket turvallisilla valjakoilla \u2013 sopii koko perheelle. Varaa el\u00e4mys helposti!\" \/>\n<meta property=\"og:url\" content=\"https:\/\/polarlightstours.fi\/fi\/huskyelamykset\/\" \/>\n<meta property=\"og:site_name\" content=\"Polar Lights Tours\" \/>\n<meta property=\"article:publisher\" content=\"https:\/\/www.facebook.com\/polarlightstours\/\" \/>\n<meta property=\"article:modified_time\" content=\"2025-12-11T13:13:13+00:00\" \/>\n<meta property=\"og:image\" content=\"https:\/\/polarlightstours.fi\/wp-content\/uploads\/2025\/09\/husky-safari-winter-levi-lapland-25.jpg\" \/>\n\t<meta property=\"og:image:width\" content=\"2000\" \/>\n\t<meta property=\"og:image:height\" content=\"1335\" \/>\n\t<meta property=\"og:image:type\" content=\"image\/jpeg\" \/>\n<meta name=\"twitter:card\" content=\"summary_large_image\" \/>\n<meta name=\"twitter:label1\" content=\"Est. reading time\" \/>\n\t<meta name=\"twitter:data1\" content=\"1 minute\" \/>\n<script type=\"application\/ld+json\" class=\"yoast-schema-graph\">{\"@context\":\"https:\\\/\\\/schema.org\",\"@graph\":[{\"@type\":\"WebPage\",\"@id\":\"https:\\\/\\\/polarlightstours.fi\\\/husky-experiences\\\/\",\"url\":\"https:\\\/\\\/polarlightstours.fi\\\/fi\\\/huskyelamykset\\\/\",\"name\":\"Huskysafari Levi | Aidot el\u00e4mykset Lapissa | Polar Lights Tours\",\"isPartOf\":{\"@id\":\"https:\\\/\\\/polarlightstours.fi\\\/#website\"},\"primaryImageOfPage\":{\"@id\":\"https:\\\/\\\/polarlightstours.fi\\\/fi\\\/huskyelamykset\\\/#primaryimage\"},\"image\":{\"@id\":\"https:\\\/\\\/polarlightstours.fi\\\/fi\\\/huskyelamykset\\\/#primaryimage\"},\"thumbnailUrl\":\"https:\\\/\\\/polarlightstours.fi\\\/wp-content\\\/uploads\\\/2025\\\/09\\\/husky-safari-winter-levi-lapland-25.jpg\",\"datePublished\":\"2024-09-06T02:44:41+00:00\",\"dateModified\":\"2025-12-11T13:13:13+00:00\",\"description\":\"Huskysafari Levi - El\u00e4mys Lapin luonnon keskell\u00e4. Opastetut retket turvallisilla valjakoilla \u2013 sopii koko perheelle. Varaa el\u00e4mys helposti!\",\"breadcrumb\":{\"@id\":\"https:\\\/\\\/polarlightstours.fi\\\/fi\\\/huskyelamykset\\\/#breadcrumb\"},\"inLanguage\":\"fi\",\"potentialAction\":[{\"@type\":\"ReadAction\",\"target\":[\"https:\\\/\\\/polarlightstours.fi\\\/fi\\\/huskyelamykset\\\/\"]}]},{\"@type\":\"ImageObject\",\"inLanguage\":\"fi\",\"@id\":\"https:\\\/\\\/polarlightstours.fi\\\/fi\\\/huskyelamykset\\\/#primaryimage\",\"url\":\"https:\\\/\\\/polarlightstours.fi\\\/wp-content\\\/uploads\\\/2025\\\/09\\\/husky-safari-winter-levi-lapland-25.jpg\",\"contentUrl\":\"https:\\\/\\\/polarlightstours.fi\\\/wp-content\\\/uploads\\\/2025\\\/09\\\/husky-safari-winter-levi-lapland-25.jpg\",\"width\":2000,\"height\":1335,\"caption\":\"Exciting husky sledding adventure in Lapland, guided by Polar Lights Tours in Levi, Kittil\u00e4, Finland.\"},{\"@type\":\"BreadcrumbList\",\"@id\":\"https:\\\/\\\/polarlightstours.fi\\\/fi\\\/huskyelamykset\\\/#breadcrumb\",\"itemListElement\":[{\"@type\":\"ListItem\",\"position\":1,\"name\":\"Home\",\"item\":\"https:\\\/\\\/polarlightstours.fi\\\/fi\\\/\"},{\"@type\":\"ListItem\",\"position\":2,\"name\":\"Huskyel\u00e4mykset\"}]},{\"@type\":\"WebSite\",\"@id\":\"https:\\\/\\\/polarlightstours.fi\\\/#website\",\"url\":\"https:\\\/\\\/polarlightstours.fi\\\/\",\"name\":\"Polar Lights Tours\",\"description\":\"Experience\u00a0Finnish Lapland\u00a0wilderness with\u00a0huskies, reindeers\u00a0&amp;\u00a0horses\",\"publisher\":{\"@id\":\"https:\\\/\\\/polarlightstours.fi\\\/#organization\"},\"potentialAction\":[{\"@type\":\"SearchAction\",\"target\":{\"@type\":\"EntryPoint\",\"urlTemplate\":\"https:\\\/\\\/polarlightstours.fi\\\/?s={search_term_string}\"},\"query-input\":{\"@type\":\"PropertyValueSpecification\",\"valueRequired\":true,\"valueName\":\"search_term_string\"}}],\"inLanguage\":\"fi\"},{\"@type\":\"Organization\",\"@id\":\"https:\\\/\\\/polarlightstours.fi\\\/#organization\",\"name\":\"Polar Lights Tours\",\"url\":\"https:\\\/\\\/polarlightstours.fi\\\/\",\"logo\":{\"@type\":\"ImageObject\",\"inLanguage\":\"fi\",\"@id\":\"https:\\\/\\\/polarlightstours.fi\\\/#\\\/schema\\\/logo\\\/image\\\/\",\"url\":\"https:\\\/\\\/polarlightstours.fi\\\/wp-content\\\/uploads\\\/2024\\\/09\\\/logo-final.png\",\"contentUrl\":\"https:\\\/\\\/polarlightstours.fi\\\/wp-content\\\/uploads\\\/2024\\\/09\\\/logo-final.png\",\"width\":319,\"height\":200,\"caption\":\"Polar Lights Tours\"},\"image\":{\"@id\":\"https:\\\/\\\/polarlightstours.fi\\\/#\\\/schema\\\/logo\\\/image\\\/\"},\"sameAs\":[\"https:\\\/\\\/www.facebook.com\\\/polarlightstours\\\/\",\"https:\\\/\\\/www.instagram.com\\\/polarlightstours\\\/\"]}]}<\/script>\n<!-- \/ Yoast SEO plugin. -->","yoast_head_json":{"title":"Huskysafari Levi | Aidot el\u00e4mykset Lapissa | Polar Lights Tours","description":"Huskysafari Levi - El\u00e4mys Lapin luonnon keskell\u00e4. Opastetut retket turvallisilla valjakoilla \u2013 sopii koko perheelle. Varaa el\u00e4mys helposti!","robots":{"index":"index","follow":"follow","max-snippet":"max-snippet:-1","max-image-preview":"max-image-preview:large","max-video-preview":"max-video-preview:-1"},"canonical":"https:\/\/polarlightstours.fi\/fi\/huskyelamykset\/","og_locale":"fi_FI","og_type":"article","og_title":"Huskysafari Levi | Aidot el\u00e4mykset Lapissa | Polar Lights Tours","og_description":"Huskysafari Levi - El\u00e4mys Lapin luonnon keskell\u00e4. Opastetut retket turvallisilla valjakoilla \u2013 sopii koko perheelle. Varaa el\u00e4mys helposti!","og_url":"https:\/\/polarlightstours.fi\/fi\/huskyelamykset\/","og_site_name":"Polar Lights Tours","article_publisher":"https:\/\/www.facebook.com\/polarlightstours\/","article_modified_time":"2025-12-11T13:13:13+00:00","og_image":[{"width":2000,"height":1335,"url":"https:\/\/polarlightstours.fi\/wp-content\/uploads\/2025\/09\/husky-safari-winter-levi-lapland-25.jpg","type":"image\/jpeg"}],"twitter_card":"summary_large_image","twitter_misc":{"Est. reading time":"1 minute"},"schema":{"@context":"https:\/\/schema.org","@graph":[{"@type":"WebPage","@id":"https:\/\/polarlightstours.fi\/husky-experiences\/","url":"https:\/\/polarlightstours.fi\/fi\/huskyelamykset\/","name":"Huskysafari Levi | Aidot el\u00e4mykset Lapissa | Polar Lights Tours","isPartOf":{"@id":"https:\/\/polarlightstours.fi\/#website"},"primaryImageOfPage":{"@id":"https:\/\/polarlightstours.fi\/fi\/huskyelamykset\/#primaryimage"},"image":{"@id":"https:\/\/polarlightstours.fi\/fi\/huskyelamykset\/#primaryimage"},"thumbnailUrl":"https:\/\/polarlightstours.fi\/wp-content\/uploads\/2025\/09\/husky-safari-winter-levi-lapland-25.jpg","datePublished":"2024-09-06T02:44:41+00:00","dateModified":"2025-12-11T13:13:13+00:00","description":"Huskysafari Levi - El\u00e4mys Lapin luonnon keskell\u00e4. Opastetut retket turvallisilla valjakoilla \u2013 sopii koko perheelle. Varaa el\u00e4mys helposti!","breadcrumb":{"@id":"https:\/\/polarlightstours.fi\/fi\/huskyelamykset\/#breadcrumb"},"inLanguage":"fi","potentialAction":[{"@type":"ReadAction","target":["https:\/\/polarlightstours.fi\/fi\/huskyelamykset\/"]}]},{"@type":"ImageObject","inLanguage":"fi","@id":"https:\/\/polarlightstours.fi\/fi\/huskyelamykset\/#primaryimage","url":"https:\/\/polarlightstours.fi\/wp-content\/uploads\/2025\/09\/husky-safari-winter-levi-lapland-25.jpg","contentUrl":"https:\/\/polarlightstours.fi\/wp-content\/uploads\/2025\/09\/husky-safari-winter-levi-lapland-25.jpg","width":2000,"height":1335,"caption":"Exciting husky sledding adventure in Lapland, guided by Polar Lights Tours in Levi, Kittil\u00e4, Finland."},{"@type":"BreadcrumbList","@id":"https:\/\/polarlightstours.fi\/fi\/huskyelamykset\/#breadcrumb","itemListElement":[{"@type":"ListItem","position":1,"name":"Home","item":"https:\/\/polarlightstours.fi\/fi\/"},{"@type":"ListItem","position":2,"name":"Huskyel\u00e4mykset"}]},{"@type":"WebSite","@id":"https:\/\/polarlightstours.fi\/#website","url":"https:\/\/polarlightstours.fi\/","name":"Polar Lights Tours","description":"Experience\u00a0Finnish Lapland\u00a0wilderness with\u00a0huskies, reindeers\u00a0&amp;\u00a0horses","publisher":{"@id":"https:\/\/polarlightstours.fi\/#organization"},"potentialAction":[{"@type":"SearchAction","target":{"@type":"EntryPoint","urlTemplate":"https:\/\/polarlightstours.fi\/?s={search_term_string}"},"query-input":{"@type":"PropertyValueSpecification","valueRequired":true,"valueName":"search_term_string"}}],"inLanguage":"fi"},{"@type":"Organization","@id":"https:\/\/polarlightstours.fi\/#organization","name":"Polar Lights Tours","url":"https:\/\/polarlightstours.fi\/","logo":{"@type":"ImageObject","inLanguage":"fi","@id":"https:\/\/polarlightstours.fi\/#\/schema\/logo\/image\/","url":"https:\/\/polarlightstours.fi\/wp-content\/uploads\/2024\/09\/logo-final.png","contentUrl":"https:\/\/polarlightstours.fi\/wp-content\/uploads\/2024\/09\/logo-final.png","width":319,"height":200,"caption":"Polar Lights Tours"},"image":{"@id":"https:\/\/polarlightstours.fi\/#\/schema\/logo\/image\/"},"sameAs":["https:\/\/www.facebook.com\/polarlightstours\/","https:\/\/www.instagram.com\/polarlightstours\/"]}]}},"_links":{"self":[{"href":"https:\/\/polarlightstours.fi\/fi\/wp-json\/wp\/v2\/pages\/890","targetHints":{"allow":["GET"]}}],"collection":[{"href":"https:\/\/polarlightstours.fi\/fi\/wp-json\/wp\/v2\/pages"}],"about":[{"href":"https:\/\/polarlightstours.fi\/fi\/wp-json\/wp\/v2\/types\/page"}],"author":[{"embeddable":true,"href":"https:\/\/polarlightstours.fi\/fi\/wp-json\/wp\/v2\/users\/1"}],"replies":[{"embeddable":true,"href":"https:\/\/polarlightstours.fi\/fi\/wp-json\/wp\/v2\/comments?post=890"}],"version-history":[{"count":34,"href":"https:\/\/polarlightstours.fi\/fi\/wp-json\/wp\/v2\/pages\/890\/revisions"}],"predecessor-version":[{"id":5452,"href":"https:\/\/polarlightstours.fi\/fi\/wp-json\/wp\/v2\/pages\/890\/revisions\/5452"}],"wp:featuredmedia":[{"embeddable":true,"href":"https:\/\/polarlightstours.fi\/fi\/wp-json\/wp\/v2\/media\/5074"}],"wp:attachment":[{"href":"https:\/\/polarlightstours.fi\/fi\/wp-json\/wp\/v2\/media?parent=890"}],"curies":[{"name":"wp","href":"https:\/\/api.w.org\/{rel}","templated":true}]}}