{"id":5176,"date":"2025-10-23T10:31:38","date_gmt":"2025-10-23T07:31:38","guid":{"rendered":"https:\/\/polarlightstours.fi\/meista\/porot\/"},"modified":"2025-11-07T07:19:54","modified_gmt":"2025-11-07T05:19:54","slug":"porot","status":"publish","type":"page","link":"https:\/\/polarlightstours.fi\/fi\/meista\/porot\/","title":{"rendered":"Porot"},"content":{"rendered":"<p>[et_pb_section fb_built=&#8221;1&#8243; admin_label=&#8221;Header&#8221; _builder_version=&#8221;4.27.4&#8243; _module_preset=&#8221;default&#8221; background_color=&#8221;RGBA(255,255,255,0)&#8221; background_image=&#8221;https:\/\/polarlightstours.fi\/wp-content\/uploads\/2024\/09\/Polar-lights-tours-reindeer-safari-02.jpg&#8221; background_enable_video_mp4=&#8221;off&#8221; width=&#8221;100%&#8221; width_tablet=&#8221;100%&#8221; width_phone=&#8221;100%&#8221; width_last_edited=&#8221;on|phone&#8221; max_width_tablet=&#8221;&#8221; max_width_phone=&#8221;100%&#8221; max_width_last_edited=&#8221;on|phone&#8221; height=&#8221;700px&#8221; height_tablet=&#8221;500px&#8221; height_phone=&#8221;450px&#8221; height_last_edited=&#8221;on|phone&#8221; custom_padding=&#8221;5vw||5vw||true|false&#8221; background_last_edited=&#8221;on|tablet&#8221; saved_tabs=&#8221;all&#8221; collapsed=&#8221;off&#8221; global_colors_info=&#8221;{}&#8221;][et_pb_row _builder_version=&#8221;4.27.4&#8243; _module_preset=&#8221;default&#8221; width=&#8221;50%&#8221; width_tablet=&#8221;80%&#8221; width_phone=&#8221;80%&#8221; width_last_edited=&#8221;on|desktop&#8221; max_width=&#8221;none&#8221; custom_margin=&#8221;||||false|false&#8221; hover_enabled=&#8221;0&#8243; global_colors_info=&#8221;{}&#8221; custom_padding=&#8221;250px||150px||false|false&#8221; custom_padding_last_edited=&#8221;on|phone&#8221; sticky_enabled=&#8221;0&#8243; custom_padding_phone=&#8221;150px||||false|false&#8221; custom_padding_tablet=&#8221;250px||150px||false|false&#8221;][et_pb_column type=&#8221;4_4&#8243; _builder_version=&#8221;4.24.3&#8243; _module_preset=&#8221;default&#8221; global_colors_info=&#8221;{}&#8221;][et_pb_heading title=&#8221;Porot&#8221; _builder_version=&#8221;4.25.2&#8243; _module_preset=&#8221;_initial&#8221; title_font=&#8221;PT Serif|700|||||||&#8221; title_text_align=&#8221;center&#8221; title_text_color=&#8221;#FFFFFF&#8221; title_font_size=&#8221;4vw&#8221; title_line_height=&#8221;1.2em&#8221; custom_margin=&#8221;||10px||false|false&#8221; title_font_size_tablet=&#8221;46px&#8221; title_font_size_phone=&#8221;47px&#8221; title_font_size_last_edited=&#8221;on|phone&#8221; text_shadow_style=&#8221;preset5&#8243; text_shadow_horizontal_length=&#8221;0.03em&#8221; text_shadow_vertical_length=&#8221;0.03em&#8221; text_shadow_blur_strength=&#8221;0.01em&#8221; global_colors_info=&#8221;{}&#8221;][\/et_pb_heading][et_pb_text quote_border_color=&#8221;#ff4d00&#8243; _builder_version=&#8221;4.25.2&#8243; _module_preset=&#8221;_initial&#8221; text_font=&#8221;Montserrat|700|||||||&#8221; text_text_color=&#8221;#FFFFFF&#8221; text_font_size=&#8221;24px&#8221; text_line_height=&#8221;1.6em&#8221; link_text_color=&#8221;#ff4d00&#8243; quote_font=&#8221;Encode Sans Condensed|600|||||||&#8221; quote_text_color=&#8221;#FFFFFF&#8221; quote_font_size=&#8221;24px&#8221; quote_line_height=&#8221;1.4em&#8221; header_font=&#8221;Encode Sans Condensed|600||on|||||&#8221; header_text_color=&#8221;#FFFFFF&#8221; header_font_size=&#8221;72px&#8221; header_line_height=&#8221;1.2em&#8221; header_2_font=&#8221;Encode Sans Condensed|500|||||||&#8221; header_2_text_color=&#8221;#FFFFFF&#8221; header_2_font_size=&#8221;52px&#8221; header_2_line_height=&#8221;1.4em&#8221; header_3_font=&#8221;Encode Sans Condensed|500|||||||&#8221; header_3_text_color=&#8221;#FFFFFF&#8221; header_3_font_size=&#8221;36px&#8221; header_3_line_height=&#8221;1.4em&#8221; header_4_font=&#8221;Encode Sans Condensed|600|||||||&#8221; header_4_text_color=&#8221;#FFFFFF&#8221; header_4_font_size=&#8221;24px&#8221; header_4_line_height=&#8221;1.4em&#8221; header_5_font=&#8221;Encode Sans Condensed|600|||||||&#8221; header_5_text_color=&#8221;#FFFFFF&#8221; header_5_font_size=&#8221;20px&#8221; header_5_line_height=&#8221;1.5em&#8221; header_6_font=&#8221;Josefin Sans|700|||||||&#8221; header_6_text_color=&#8221;#FFFFFF&#8221; header_6_font_size=&#8221;16px&#8221; header_6_line_height=&#8221;1.8em&#8221; text_orientation=&#8221;center&#8221; text_font_size_tablet=&#8221;22px&#8221; text_font_size_phone=&#8221;14px&#8221; text_font_size_last_edited=&#8221;on|phone&#8221; quote_font_size_tablet=&#8221;16px&#8221; quote_font_size_phone=&#8221;15px&#8221; quote_font_size_last_edited=&#8221;on|desktop&#8221; header_font_size_tablet=&#8221;40px&#8221; header_font_size_phone=&#8221;24px&#8221; header_font_size_last_edited=&#8221;on|desktop&#8221; header_2_font_size_tablet=&#8221;32px&#8221; header_2_font_size_phone=&#8221;20px&#8221; header_2_font_size_last_edited=&#8221;on|desktop&#8221; header_3_font_size_tablet=&#8221;20px&#8221; header_3_font_size_phone=&#8221;16px&#8221; header_3_font_size_last_edited=&#8221;on|desktop&#8221; header_4_font_size_tablet=&#8221;16px&#8221; header_4_font_size_phone=&#8221;15px&#8221; header_4_font_size_last_edited=&#8221;on|desktop&#8221; header_5_font_size_tablet=&#8221;16px&#8221; header_5_font_size_phone=&#8221;14px&#8221; header_5_font_size_last_edited=&#8221;on|desktop&#8221; header_6_font_size_tablet=&#8221;15px&#8221; header_6_font_size_phone=&#8221;14px&#8221; header_6_font_size_last_edited=&#8221;on|desktop&#8221; text_text_shadow_style=&#8221;preset5&#8243; text_text_shadow_horizontal_length=&#8221;0.05em&#8221; text_text_shadow_vertical_length=&#8221;0.05em&#8221; global_colors_info=&#8221;{}&#8221;][\/et_pb_text][\/et_pb_column][\/et_pb_row][\/et_pb_section][et_pb_section fb_built=&#8221;1&#8243; admin_label=&#8221;About&#8221; _builder_version=&#8221;4.25.2&#8243; _module_preset=&#8221;default&#8221; background_color=&#8221;#efeded&#8221; custom_padding=&#8221;||0px||false|false&#8221; collapsed=&#8221;on&#8221; global_colors_info=&#8221;{}&#8221;][et_pb_row _builder_version=&#8221;4.25.2&#8243; _module_preset=&#8221;default&#8221; custom_margin=&#8221;0px||0px||false|false&#8221; custom_padding=&#8221;0px||0px||false|false&#8221; global_colors_info=&#8221;{}&#8221;][et_pb_column type=&#8221;4_4&#8243; _builder_version=&#8221;4.25.2&#8243; _module_preset=&#8221;default&#8221; global_colors_info=&#8221;{}&#8221;][et_pb_heading title=&#8221;Poro \u2013 osa el\u00e4m\u00e4\u00e4, kulttuuria ja perint\u00f6\u00e4&#8221; _builder_version=&#8221;4.27.4&#8243; _module_preset=&#8221;default&#8221; title_font=&#8221;PT Serif|700|||||||&#8221; title_text_align=&#8221;center&#8221; title_font_size=&#8221;37px&#8221; title_line_height=&#8221;1.2em&#8221; title_font_size_tablet=&#8221;37px&#8221; title_font_size_phone=&#8221;32px&#8221; title_font_size_last_edited=&#8221;on|desktop&#8221; global_colors_info=&#8221;{}&#8221;][\/et_pb_heading][\/et_pb_column][\/et_pb_row][et_pb_row _builder_version=&#8221;4.25.2&#8243; _module_preset=&#8221;default&#8221; custom_margin=&#8221;0px||||false|false&#8221; global_colors_info=&#8221;{}&#8221;][et_pb_column type=&#8221;4_4&#8243; _builder_version=&#8221;4.25.2&#8243; _module_preset=&#8221;default&#8221; global_colors_info=&#8221;{}&#8221;][et_pb_text _builder_version=&#8221;4.27.4&#8243; _module_preset=&#8221;default&#8221; text_font=&#8221;PT Serif||||||||&#8221; text_text_color=&#8221;#000000&#8243; text_font_size=&#8221;23px&#8221; text_line_height=&#8221;1.5em&#8221; text_orientation=&#8221;center&#8221; global_colors_info=&#8221;{}&#8221;]<\/p>\n<p>Lapin tuntureiden syd\u00e4mess\u00e4 poro ei ole vain el\u00e4in \u2013 se on osa el\u00e4m\u00e4\u00e4, kulttuuria ja sukupolvien mittaista perint\u00f6\u00e4. Meille poro on ollut kumppani jo useiden sukupolvien ajan. Sen kanssa olemme el\u00e4neet arkea, matkustaneet, jakaneet hiljaisia hetki\u00e4 ja oppineet luonnon rytmin, joka ohjaa kaikkea tekemist\u00e4mme. Poro huolehtii omistajastaan, aivan kuten omistaja huolehtii porosta.<\/p>\n<p>[\/et_pb_text][\/et_pb_column][\/et_pb_row][\/et_pb_section][et_pb_section fb_built=&#8221;1&#8243; admin_label=&#8221;Menu&#8221; _builder_version=&#8221;4.24.3&#8243; _module_preset=&#8221;default&#8221; collapsed=&#8221;on&#8221; global_colors_info=&#8221;{}&#8221;][et_pb_row column_structure=&#8221;1_2,1_2&#8243; use_custom_gutter=&#8221;on&#8221; gutter_width=&#8221;1&#8243; make_equal=&#8221;on&#8221; _builder_version=&#8221;4.25.2&#8243; _module_preset=&#8221;default&#8221; background_size=&#8221;initial&#8221; max_width=&#8221;100%&#8221; module_alignment=&#8221;center&#8221; min_height=&#8221;100%&#8221; custom_margin=&#8221;0px|0px|0px|0px|false|false&#8221; custom_padding=&#8221;0px|0px|0px|0px|false|false&#8221; global_colors_info=&#8221;{}&#8221;][et_pb_column type=&#8221;1_2&#8243; _builder_version=&#8221;4.25.2&#8243; _module_preset=&#8221;default&#8221; global_colors_info=&#8221;{}&#8221;][et_pb_image src=&#8221;https:\/\/polarlightstours.fi\/wp-content\/uploads\/2025\/04\/SEO_AI_1-9.jpg&#8221; alt=&#8221;A woman dressed in warm winter clothing gently greeting a reindeer during an authentic reindeer safari in Lapland, Finland. Snowy forest in the background.&#8221; title_text=&#8221;Authentic Reindeer Safari Experience in Lapland&#8221; _builder_version=&#8221;4.27.4&#8243; _module_preset=&#8221;default&#8221; global_colors_info=&#8221;{}&#8221;][\/et_pb_image][\/et_pb_column][et_pb_column type=&#8221;1_2&#8243; _builder_version=&#8221;4.25.2&#8243; _module_preset=&#8221;default&#8221; global_colors_info=&#8221;{}&#8221;][et_pb_heading title=&#8221;Aito el\u00e4mys, ei pelkk\u00e4 ohjelma&#8221; _builder_version=&#8221;4.27.4&#8243; _module_preset=&#8221;default&#8221; title_text_align=&#8221;center&#8221; module_alignment=&#8221;center&#8221; custom_padding=&#8221;2vw||1px||false|false&#8221; global_colors_info=&#8221;{}&#8221;][\/et_pb_heading][et_pb_text _builder_version=&#8221;4.27.4&#8243; _module_preset=&#8221;default&#8221; text_font_size=&#8221;17px&#8221; text_line_height=&#8221;1.6em&#8221; text_orientation=&#8221;center&#8221; module_alignment=&#8221;center&#8221; custom_padding=&#8221;1vw|2vw|1vw|2vw|false|false&#8221; global_colors_info=&#8221;{}&#8221;]<\/p>\n<p style=\"text-align: center;\"><span style=\"font-weight: 400;\">Meid\u00e4n porosafarimme ovat syntyneet halusta jakaa t\u00e4m\u00e4 el\u00e4m\u00e4ntapa muiden kanssa \u2013 ei turistin\u00e4ht\u00e4vyyten\u00e4, vaan aitona kokemuksena. Kun saavut meille, et vain l\u00e4hde safarille \u2013 saavut keskelle el\u00e4v\u00e4\u00e4 perinnett\u00e4.<br \/>\nP\u00e4\u00e4set kokemaan, milt\u00e4 tuntuu liikkua Lapin luonnossa tavalla, jota on harjoitettu vuosisatojen ajan. Poro vet\u00e4\u00e4 reen rauhallisesti eteenp\u00e4in, lumi narskuu suksien alla ja pohjoisen hiljaisuus t\u00e4ytt\u00e4\u00e4 ilman. Siin\u00e4 hetkess\u00e4 aika pys\u00e4htyy \u2013 aivan kuten ennen vanhaan. <\/span><\/p>\n<p>[\/et_pb_text][\/et_pb_column][\/et_pb_row][et_pb_row column_structure=&#8221;1_2,1_2&#8243; use_custom_gutter=&#8221;on&#8221; gutter_width=&#8221;1&#8243; make_equal=&#8221;on&#8221; _builder_version=&#8221;4.25.2&#8243; _module_preset=&#8221;default&#8221; background_size=&#8221;initial&#8221; max_width=&#8221;100%&#8221; module_alignment=&#8221;center&#8221; min_height=&#8221;100%&#8221; custom_margin=&#8221;0px|0px|0px|0px|false|false&#8221; custom_padding=&#8221;0px|0px|0px|0px|false|false&#8221; custom_css_main_element=&#8221;display: flex;||flex-wrap: wrap;&#8221; global_colors_info=&#8221;{}&#8221;][et_pb_column type=&#8221;1_2&#8243; _builder_version=&#8221;4.25.2&#8243; _module_preset=&#8221;default&#8221; custom_css_main_element=&#8221;order: 1;&#8221; global_colors_info=&#8221;{}&#8221;][et_pb_heading title=&#8221;Perinteit\u00e4 ja k\u00e4sity\u00f6taitoa&#8221; _builder_version=&#8221;4.27.4&#8243; _module_preset=&#8221;default&#8221; title_text_align=&#8221;center&#8221; module_alignment=&#8221;center&#8221; custom_padding=&#8221;2vw||1px||false|false&#8221; global_colors_info=&#8221;{}&#8221;][\/et_pb_heading][et_pb_text _builder_version=&#8221;4.27.4&#8243; _module_preset=&#8221;default&#8221; text_font_size=&#8221;17px&#8221; text_line_height=&#8221;1.6em&#8221; text_orientation=&#8221;center&#8221; module_alignment=&#8221;center&#8221; custom_padding=&#8221;1vw|2vw|1vw|2vw|false|false&#8221; global_colors_info=&#8221;{}&#8221;]<\/p>\n<p style=\"text-align: center;\"><span style=\"font-weight: 400;\">Poro on meille ty\u00f6toveri ja perheenj\u00e4sen. Huolehdimme jokaisesta yksil\u00f6st\u00e4 \u2013 seuraamme sen terveytt\u00e4, lepoa ja ravintoa vuodenkierron mukaan.<br \/>\nKes\u00e4ll\u00e4 porot kulkevat vapaana mets\u00e4ss\u00e4 vahvistuen tulevaa talvea varten, talvella ne ty\u00f6skentelev\u00e4t rauhalliseen tahtiin \u2013 omassa luonnollisessa rytmiss\u00e4\u00e4n.<\/span><\/p>\n<p>[\/et_pb_text][\/et_pb_column][et_pb_column type=&#8221;1_2&#8243; _builder_version=&#8221;4.25.2&#8243; _module_preset=&#8221;default&#8221; global_colors_info=&#8221;{}&#8221;][et_pb_image src=&#8221;https:\/\/polarlightstours.fi\/wp-content\/uploads\/2025\/10\/Polar-lights-tours-reindeer-herding-18.jpg&#8221; alt=&#8221;Reindeer grazing in a snowy forest in Lapland, Finland, during winter. The image shows the calm rhythm of traditional reindeer herding life.&#8221; title_text=&#8221;Polar lights tours reindeer herding &#8211; 18&#8243; _builder_version=&#8221;4.27.4&#8243; _module_preset=&#8221;default&#8221; global_colors_info=&#8221;{}&#8221;][\/et_pb_image][\/et_pb_column][\/et_pb_row][\/et_pb_section]<\/p>\n","protected":false},"excerpt":{"rendered":"<p>Lapin tuntureiden syd\u00e4mess\u00e4 poro ei ole vain el\u00e4in \u2013 se on osa el\u00e4m\u00e4\u00e4, kulttuuria ja sukupolvien mittaista perint\u00f6\u00e4. Meille poro on ollut kumppani jo useiden sukupolvien ajan. Sen kanssa olemme el\u00e4neet arkea, matkustaneet, jakaneet hiljaisia hetki\u00e4 ja oppineet luonnon rytmin, joka ohjaa kaikkea tekemist\u00e4mme. Poro huolehtii omistajastaan, aivan kuten omistaja huolehtii porosta.Meid\u00e4n porosafarimme ovat syntyneet halusta jakaa t\u00e4m\u00e4 el\u00e4m\u00e4ntapa muiden kanssa \u2013 ei turistin\u00e4ht\u00e4vyyten\u00e4, vaan aitona kokemuksena. Kun saavut meille, et vain l\u00e4hde safarille \u2013 saavut keskelle el\u00e4v\u00e4\u00e4 perinnett\u00e4. P\u00e4\u00e4set kokemaan, milt\u00e4 tuntuu liikkua Lapin luonnossa tavalla, jota on harjoitettu vuosisatojen ajan. Poro vet\u00e4\u00e4 reen rauhallisesti eteenp\u00e4in, lumi narskuu suksien alla ja pohjoisen hiljaisuus t\u00e4ytt\u00e4\u00e4 ilman. Siin\u00e4 hetkess\u00e4 aika pys\u00e4htyy \u2013 aivan kuten ennen vanhaan. Poro on meille ty\u00f6toveri ja perheenj\u00e4sen. Huolehdimme jokaisesta yksil\u00f6st\u00e4 \u2013 seuraamme sen terveytt\u00e4, lepoa ja ravintoa vuodenkierron mukaan. Kes\u00e4ll\u00e4 porot kulkevat vapaana mets\u00e4ss\u00e4 vahvistuen tulevaa talvea varten, talvella ne ty\u00f6skentelev\u00e4t rauhalliseen tahtiin \u2013 omassa luonnollisessa rytmiss\u00e4\u00e4n.<\/p>\n","protected":false},"author":4,"featured_media":0,"parent":1013,"menu_order":0,"comment_status":"closed","ping_status":"closed","template":"","meta":{"_et_pb_use_builder":"on","_et_pb_old_content":"","_et_gb_content_width":"","footnotes":""},"class_list":["post-5176","page","type-page","status-publish","hentry"],"yoast_head":"<!-- This site is optimized with the Yoast SEO plugin v27.3 - https:\/\/yoast.com\/product\/yoast-seo-wordpress\/ -->\n<title>Porosafari Levi \u2013 Tapaa aidot lapinporot mets\u00e4ss\u00e4<\/title>\n<meta name=\"description\" content=\"Porosafari Levill\u00e4 \u2013 koe lappilainen perinne ja tapaa porot lumisessa mets\u00e4ss\u00e4. Varaa el\u00e4myksesi nyt!\" \/>\n<meta name=\"robots\" content=\"index, follow, max-snippet:-1, max-image-preview:large, max-video-preview:-1\" \/>\n<link rel=\"canonical\" href=\"https:\/\/polarlightstours.fi\/fi\/meista\/porot\/\" \/>\n<meta property=\"og:locale\" content=\"fi_FI\" \/>\n<meta property=\"og:type\" content=\"article\" \/>\n<meta property=\"og:title\" content=\"Porosafari Levi \u2013 Tapaa aidot lapinporot mets\u00e4ss\u00e4\" \/>\n<meta property=\"og:description\" content=\"Porosafari Levill\u00e4 \u2013 koe lappilainen perinne ja tapaa porot lumisessa mets\u00e4ss\u00e4. Varaa el\u00e4myksesi nyt!\" \/>\n<meta property=\"og:url\" content=\"https:\/\/polarlightstours.fi\/fi\/meista\/porot\/\" \/>\n<meta property=\"og:site_name\" content=\"Polar Lights Tours\" \/>\n<meta property=\"article:publisher\" content=\"https:\/\/www.facebook.com\/polarlightstours\/\" \/>\n<meta property=\"article:modified_time\" content=\"2025-11-07T05:19:54+00:00\" \/>\n<meta property=\"og:image\" content=\"https:\/\/polarlightstours.fi\/wp-content\/uploads\/2024\/09\/logo-final.png\" \/>\n\t<meta property=\"og:image:width\" content=\"319\" \/>\n\t<meta property=\"og:image:height\" content=\"200\" \/>\n\t<meta property=\"og:image:type\" content=\"image\/png\" \/>\n<meta name=\"twitter:card\" content=\"summary_large_image\" \/>\n<meta name=\"twitter:label1\" content=\"Est. reading time\" \/>\n\t<meta name=\"twitter:data1\" content=\"2 minutes\" \/>\n<script type=\"application\/ld+json\" class=\"yoast-schema-graph\">{\"@context\":\"https:\\\/\\\/schema.org\",\"@graph\":[{\"@type\":\"WebPage\",\"@id\":\"https:\\\/\\\/polarlightstours.fi\\\/fi\\\/meista\\\/porot\\\/\",\"url\":\"https:\\\/\\\/polarlightstours.fi\\\/fi\\\/meista\\\/porot\\\/\",\"name\":\"Porosafari Levi \u2013 Tapaa aidot lapinporot mets\u00e4ss\u00e4\",\"isPartOf\":{\"@id\":\"https:\\\/\\\/polarlightstours.fi\\\/#website\"},\"datePublished\":\"2025-10-23T07:31:38+00:00\",\"dateModified\":\"2025-11-07T05:19:54+00:00\",\"description\":\"Porosafari Levill\u00e4 \u2013 koe lappilainen perinne ja tapaa porot lumisessa mets\u00e4ss\u00e4. Varaa el\u00e4myksesi nyt!\",\"breadcrumb\":{\"@id\":\"https:\\\/\\\/polarlightstours.fi\\\/fi\\\/meista\\\/porot\\\/#breadcrumb\"},\"inLanguage\":\"fi\",\"potentialAction\":[{\"@type\":\"ReadAction\",\"target\":[\"https:\\\/\\\/polarlightstours.fi\\\/fi\\\/meista\\\/porot\\\/\"]}]},{\"@type\":\"BreadcrumbList\",\"@id\":\"https:\\\/\\\/polarlightstours.fi\\\/fi\\\/meista\\\/porot\\\/#breadcrumb\",\"itemListElement\":[{\"@type\":\"ListItem\",\"position\":1,\"name\":\"Home\",\"item\":\"https:\\\/\\\/polarlightstours.fi\\\/fi\\\/\"},{\"@type\":\"ListItem\",\"position\":2,\"name\":\"Meist\u00e4\",\"item\":\"https:\\\/\\\/polarlightstours.fi\\\/fi\\\/meista\\\/\"},{\"@type\":\"ListItem\",\"position\":3,\"name\":\"Porot\"}]},{\"@type\":\"WebSite\",\"@id\":\"https:\\\/\\\/polarlightstours.fi\\\/#website\",\"url\":\"https:\\\/\\\/polarlightstours.fi\\\/\",\"name\":\"Polar Lights Tours\",\"description\":\"Experience\u00a0Finnish Lapland\u00a0wilderness with\u00a0huskies, reindeers\u00a0&amp;\u00a0horses\",\"publisher\":{\"@id\":\"https:\\\/\\\/polarlightstours.fi\\\/#organization\"},\"potentialAction\":[{\"@type\":\"SearchAction\",\"target\":{\"@type\":\"EntryPoint\",\"urlTemplate\":\"https:\\\/\\\/polarlightstours.fi\\\/?s={search_term_string}\"},\"query-input\":{\"@type\":\"PropertyValueSpecification\",\"valueRequired\":true,\"valueName\":\"search_term_string\"}}],\"inLanguage\":\"fi\"},{\"@type\":\"Organization\",\"@id\":\"https:\\\/\\\/polarlightstours.fi\\\/#organization\",\"name\":\"Polar Lights Tours\",\"url\":\"https:\\\/\\\/polarlightstours.fi\\\/\",\"logo\":{\"@type\":\"ImageObject\",\"inLanguage\":\"fi\",\"@id\":\"https:\\\/\\\/polarlightstours.fi\\\/#\\\/schema\\\/logo\\\/image\\\/\",\"url\":\"https:\\\/\\\/polarlightstours.fi\\\/wp-content\\\/uploads\\\/2024\\\/09\\\/logo-final.png\",\"contentUrl\":\"https:\\\/\\\/polarlightstours.fi\\\/wp-content\\\/uploads\\\/2024\\\/09\\\/logo-final.png\",\"width\":319,\"height\":200,\"caption\":\"Polar Lights Tours\"},\"image\":{\"@id\":\"https:\\\/\\\/polarlightstours.fi\\\/#\\\/schema\\\/logo\\\/image\\\/\"},\"sameAs\":[\"https:\\\/\\\/www.facebook.com\\\/polarlightstours\\\/\",\"https:\\\/\\\/www.instagram.com\\\/polarlightstours\\\/\"]}]}<\/script>\n<!-- \/ Yoast SEO plugin. -->","yoast_head_json":{"title":"Porosafari Levi \u2013 Tapaa aidot lapinporot mets\u00e4ss\u00e4","description":"Porosafari Levill\u00e4 \u2013 koe lappilainen perinne ja tapaa porot lumisessa mets\u00e4ss\u00e4. Varaa el\u00e4myksesi nyt!","robots":{"index":"index","follow":"follow","max-snippet":"max-snippet:-1","max-image-preview":"max-image-preview:large","max-video-preview":"max-video-preview:-1"},"canonical":"https:\/\/polarlightstours.fi\/fi\/meista\/porot\/","og_locale":"fi_FI","og_type":"article","og_title":"Porosafari Levi \u2013 Tapaa aidot lapinporot mets\u00e4ss\u00e4","og_description":"Porosafari Levill\u00e4 \u2013 koe lappilainen perinne ja tapaa porot lumisessa mets\u00e4ss\u00e4. Varaa el\u00e4myksesi nyt!","og_url":"https:\/\/polarlightstours.fi\/fi\/meista\/porot\/","og_site_name":"Polar Lights Tours","article_publisher":"https:\/\/www.facebook.com\/polarlightstours\/","article_modified_time":"2025-11-07T05:19:54+00:00","og_image":[{"width":319,"height":200,"url":"https:\/\/polarlightstours.fi\/wp-content\/uploads\/2024\/09\/logo-final.png","type":"image\/png"}],"twitter_card":"summary_large_image","twitter_misc":{"Est. reading time":"2 minutes"},"schema":{"@context":"https:\/\/schema.org","@graph":[{"@type":"WebPage","@id":"https:\/\/polarlightstours.fi\/fi\/meista\/porot\/","url":"https:\/\/polarlightstours.fi\/fi\/meista\/porot\/","name":"Porosafari Levi \u2013 Tapaa aidot lapinporot mets\u00e4ss\u00e4","isPartOf":{"@id":"https:\/\/polarlightstours.fi\/#website"},"datePublished":"2025-10-23T07:31:38+00:00","dateModified":"2025-11-07T05:19:54+00:00","description":"Porosafari Levill\u00e4 \u2013 koe lappilainen perinne ja tapaa porot lumisessa mets\u00e4ss\u00e4. Varaa el\u00e4myksesi nyt!","breadcrumb":{"@id":"https:\/\/polarlightstours.fi\/fi\/meista\/porot\/#breadcrumb"},"inLanguage":"fi","potentialAction":[{"@type":"ReadAction","target":["https:\/\/polarlightstours.fi\/fi\/meista\/porot\/"]}]},{"@type":"BreadcrumbList","@id":"https:\/\/polarlightstours.fi\/fi\/meista\/porot\/#breadcrumb","itemListElement":[{"@type":"ListItem","position":1,"name":"Home","item":"https:\/\/polarlightstours.fi\/fi\/"},{"@type":"ListItem","position":2,"name":"Meist\u00e4","item":"https:\/\/polarlightstours.fi\/fi\/meista\/"},{"@type":"ListItem","position":3,"name":"Porot"}]},{"@type":"WebSite","@id":"https:\/\/polarlightstours.fi\/#website","url":"https:\/\/polarlightstours.fi\/","name":"Polar Lights Tours","description":"Experience\u00a0Finnish Lapland\u00a0wilderness with\u00a0huskies, reindeers\u00a0&amp;\u00a0horses","publisher":{"@id":"https:\/\/polarlightstours.fi\/#organization"},"potentialAction":[{"@type":"SearchAction","target":{"@type":"EntryPoint","urlTemplate":"https:\/\/polarlightstours.fi\/?s={search_term_string}"},"query-input":{"@type":"PropertyValueSpecification","valueRequired":true,"valueName":"search_term_string"}}],"inLanguage":"fi"},{"@type":"Organization","@id":"https:\/\/polarlightstours.fi\/#organization","name":"Polar Lights Tours","url":"https:\/\/polarlightstours.fi\/","logo":{"@type":"ImageObject","inLanguage":"fi","@id":"https:\/\/polarlightstours.fi\/#\/schema\/logo\/image\/","url":"https:\/\/polarlightstours.fi\/wp-content\/uploads\/2024\/09\/logo-final.png","contentUrl":"https:\/\/polarlightstours.fi\/wp-content\/uploads\/2024\/09\/logo-final.png","width":319,"height":200,"caption":"Polar Lights Tours"},"image":{"@id":"https:\/\/polarlightstours.fi\/#\/schema\/logo\/image\/"},"sameAs":["https:\/\/www.facebook.com\/polarlightstours\/","https:\/\/www.instagram.com\/polarlightstours\/"]}]}},"_links":{"self":[{"href":"https:\/\/polarlightstours.fi\/fi\/wp-json\/wp\/v2\/pages\/5176","targetHints":{"allow":["GET"]}}],"collection":[{"href":"https:\/\/polarlightstours.fi\/fi\/wp-json\/wp\/v2\/pages"}],"about":[{"href":"https:\/\/polarlightstours.fi\/fi\/wp-json\/wp\/v2\/types\/page"}],"author":[{"embeddable":true,"href":"https:\/\/polarlightstours.fi\/fi\/wp-json\/wp\/v2\/users\/4"}],"replies":[{"embeddable":true,"href":"https:\/\/polarlightstours.fi\/fi\/wp-json\/wp\/v2\/comments?post=5176"}],"version-history":[{"count":6,"href":"https:\/\/polarlightstours.fi\/fi\/wp-json\/wp\/v2\/pages\/5176\/revisions"}],"predecessor-version":[{"id":5303,"href":"https:\/\/polarlightstours.fi\/fi\/wp-json\/wp\/v2\/pages\/5176\/revisions\/5303"}],"up":[{"embeddable":true,"href":"https:\/\/polarlightstours.fi\/fi\/wp-json\/wp\/v2\/pages\/1013"}],"wp:attachment":[{"href":"https:\/\/polarlightstours.fi\/fi\/wp-json\/wp\/v2\/media?parent=5176"}],"curies":[{"name":"wp","href":"https:\/\/api.w.org\/{rel}","templated":true}]}}