{"id":1917,"date":"2025-01-27T06:12:33","date_gmt":"2025-01-27T06:12:33","guid":{"rendered":"https:\/\/discodigimedia.com\/?page_id=1917"},"modified":"2025-11-07T07:37:03","modified_gmt":"2025-11-07T05:37:03","slug":"ratsastustunnit","status":"publish","type":"page","link":"https:\/\/polarlightstours.fi\/fi\/ratsastustunnit\/","title":{"rendered":"Ratsastustunnit"},"content":{"rendered":"<p>[et_pb_section fb_built=&#8221;1&#8243; admin_label=&#8221;Header&#8221; _builder_version=&#8221;4.25.2&#8243; _module_preset=&#8221;default&#8221; background_color=&#8221;RGBA(255,255,255,0)&#8221; background_image=&#8221;https:\/\/discodigimedia.com\/wp-content\/uploads\/2024\/09\/Polar-lights-tours-ja-Original-Lapland-ratsastusretkella-96.jpg&#8221; height=&#8221;700px&#8221; height_tablet=&#8221;500px&#8221; height_phone=&#8221;400px&#8221; height_last_edited=&#8221;on|phone&#8221; custom_padding=&#8221;5vw||5vw||true|false&#8221; collapsed=&#8221;off&#8221; global_colors_info=&#8221;{}&#8221;][et_pb_row _builder_version=&#8221;4.27.4&#8243; _module_preset=&#8221;default&#8221; width=&#8221;50%&#8221; width_tablet=&#8221;80%&#8221; width_phone=&#8221;80%&#8221; width_last_edited=&#8221;on|desktop&#8221; max_width=&#8221;none&#8221; custom_margin=&#8221;0px||||false|false&#8221; hover_enabled=&#8221;0&#8243; global_colors_info=&#8221;{}&#8221; custom_padding=&#8221;250px||150px||false|false&#8221; custom_padding_last_edited=&#8221;on|phone&#8221; sticky_enabled=&#8221;0&#8243; custom_padding_phone=&#8221;150px||||false|false&#8221; custom_padding_tablet=&#8221;250px||150px||false|false&#8221;][et_pb_column type=&#8221;4_4&#8243; _builder_version=&#8221;4.24.3&#8243; _module_preset=&#8221;default&#8221; global_colors_info=&#8221;{}&#8221;][et_pb_heading title=&#8221;Ratsastustunnit&#8221; _builder_version=&#8221;4.25.2&#8243; _module_preset=&#8221;_initial&#8221; title_font=&#8221;PT Serif|700|||||||&#8221; title_text_align=&#8221;center&#8221; title_text_color=&#8221;#FFFFFF&#8221; title_font_size=&#8221;5vw&#8221; title_line_height=&#8221;1.2em&#8221; custom_margin=&#8221;||10px||false|false&#8221; title_font_size_tablet=&#8221;40px&#8221; title_font_size_phone=&#8221;24px&#8221; title_font_size_last_edited=&#8221;on|desktop&#8221; text_shadow_style=&#8221;preset4&#8243; text_shadow_vertical_length=&#8221;0.04em&#8221; global_colors_info=&#8221;{}&#8221;][\/et_pb_heading][\/et_pb_column][\/et_pb_row][et_pb_row column_structure=&#8221;1_2,1_2&#8243; _builder_version=&#8221;4.25.2&#8243; _module_preset=&#8221;default&#8221; custom_padding=&#8221;10vw||||false|false&#8221; global_colors_info=&#8221;{}&#8221;][et_pb_column type=&#8221;1_2&#8243; _builder_version=&#8221;4.25.2&#8243; _module_preset=&#8221;default&#8221; global_colors_info=&#8221;{}&#8221;][\/et_pb_column][et_pb_column type=&#8221;1_2&#8243; _builder_version=&#8221;4.25.2&#8243; _module_preset=&#8221;default&#8221; global_colors_info=&#8221;{}&#8221;][\/et_pb_column][\/et_pb_row][\/et_pb_section][et_pb_section fb_built=&#8221;1&#8243; admin_label=&#8221;About&#8221; _builder_version=&#8221;4.25.2&#8243; _module_preset=&#8221;default&#8221; background_color=&#8221;#f9f5f2&#8243; custom_padding=&#8221;||0px||false|false&#8221; collapsed=&#8221;on&#8221; global_colors_info=&#8221;{}&#8221;][et_pb_row _builder_version=&#8221;4.25.2&#8243; _module_preset=&#8221;default&#8221; custom_margin=&#8221;0px||0px||false|false&#8221; custom_padding=&#8221;0px||0px||false|false&#8221; global_colors_info=&#8221;{}&#8221;][et_pb_column type=&#8221;4_4&#8243; _builder_version=&#8221;4.25.2&#8243; _module_preset=&#8221;default&#8221; global_colors_info=&#8221;{}&#8221;][et_pb_heading title=&#8221;Ratsastustunnit Levill\u00e4&#8221; _builder_version=&#8221;4.25.2&#8243; _module_preset=&#8221;default&#8221; title_font=&#8221;PT Serif|700|||||||&#8221; title_text_align=&#8221;center&#8221; title_font_size=&#8221;37px&#8221; global_colors_info=&#8221;{}&#8221;][\/et_pb_heading][\/et_pb_column][\/et_pb_row][et_pb_row _builder_version=&#8221;4.25.2&#8243; _module_preset=&#8221;default&#8221; custom_margin=&#8221;0px||||false|false&#8221; global_colors_info=&#8221;{}&#8221;][et_pb_column type=&#8221;4_4&#8243; _builder_version=&#8221;4.25.2&#8243; _module_preset=&#8221;default&#8221; global_colors_info=&#8221;{}&#8221;][et_pb_text _builder_version=&#8221;4.27.4&#8243; _module_preset=&#8221;default&#8221; text_font=&#8221;PT Serif||||||||&#8221; text_text_color=&#8221;#000000&#8243; text_font_size=&#8221;23px&#8221; text_line_height=&#8221;1.5em&#8221; text_orientation=&#8221;center&#8221; global_colors_info=&#8221;{}&#8221;]<\/p>\n<p>J\u00e4rjest\u00e4mme ratsastustunteja pieniss\u00e4 ryhmiss\u00e4 tai yksityisesti lapsille ja aikuisille. Omat ryhm\u00e4t aloittelijoille ja kokeneimmille ratsastajille. Kaikki hevosemme ovat kilttej\u00e4 ja osaavia suomenhevosia. Soita ja varaa oma yksityistuntisi tai tule muiden mukaan ryhm\u00e4tunneille.<br \/>Puh. +358 30 047 2017 (0,49 \u20ac\/min)<br \/>Varaa suoraan netist\u00e4: <a href=\"https:\/\/polarlightstours.fi\/fi\/hevoselamykset\/#kesa\">Hevosel\u00e4mykset kes\u00e4ll\u00e4<\/a><\/p>\n<p>[\/et_pb_text][\/et_pb_column][\/et_pb_row][\/et_pb_section][et_pb_section fb_built=&#8221;1&#8243; admin_label=&#8221;Menu&#8221; _builder_version=&#8221;4.24.3&#8243; _module_preset=&#8221;default&#8221; collapsed=&#8221;on&#8221; global_colors_info=&#8221;{}&#8221;][et_pb_row _builder_version=&#8221;4.25.2&#8243; _module_preset=&#8221;default&#8221; width=&#8221;50%&#8221; width_tablet=&#8221;80%&#8221; width_phone=&#8221;80%&#8221; width_last_edited=&#8221;on|phone&#8221; custom_padding=&#8221;|0px||0px|false|false&#8221; global_colors_info=&#8221;{}&#8221;][et_pb_column type=&#8221;4_4&#8243; _builder_version=&#8221;4.25.2&#8243; _module_preset=&#8221;default&#8221; global_colors_info=&#8221;{}&#8221;][dsm_pricelist _builder_version=&#8221;4.27.4&#8243; _module_preset=&#8221;default&#8221; header_font_size=&#8221;25px&#8221; content_font_size=&#8221;17px&#8221; price_font_size=&#8221;24px&#8221; global_colors_info=&#8221;{}&#8221;][dsm_pricelist_child price=&#8221;50 \u20ac&#8221; title=&#8221;Irtotunnit&#8221; _builder_version=&#8221;4.27.4&#8243; _module_preset=&#8221;default&#8221; global_colors_info=&#8221;{}&#8221;][\/dsm_pricelist_child][dsm_pricelist_child price=&#8221;70 \u20ac&#8221; title=&#8221;Yksityistunti&#8221; _builder_version=&#8221;4.27.4&#8243; _module_preset=&#8221;default&#8221; global_colors_info=&#8221;{}&#8221;][\/dsm_pricelist_child][dsm_pricelist_child price=&#8221;400 \u20ac&#8221; title=&#8221;10 kerran kortti&#8221; _builder_version=&#8221;4.27.4&#8243; _module_preset=&#8221;default&#8221; global_colors_info=&#8221;{}&#8221;]<\/p>\n<p>Kortti on perhekohtainen ja aikaa k\u00e4ytt\u00e4\u00e4 4 kk ostop\u00e4iv\u00e4st\u00e4.<\/p>\n<p>[\/dsm_pricelist_child][dsm_pricelist_child price=&#8221;40 \u20ac&#8221; title=&#8221;Talutusratsastus&#8221; _builder_version=&#8221;4.27.4&#8243; _module_preset=&#8221;default&#8221; global_colors_info=&#8221;{}&#8221;]<\/p>\n<p>Perheen pienimmille, kesto 30 min.<\/p>\n<p>[\/dsm_pricelist_child][\/dsm_pricelist][\/et_pb_column][\/et_pb_row][\/et_pb_section]<\/p>\n","protected":false},"excerpt":{"rendered":"<p>J\u00e4rjest\u00e4mme ratsastustunteja pieniss\u00e4 ryhmiss\u00e4 tai yksityisesti lapsille ja aikuisille. Omat ryhm\u00e4t aloittelijoille ja kokeneimmille ratsastajille. Kaikki hevosemme ovat kilttej\u00e4 ja osaavia suomenhevosia. Soita ja varaa oma yksityistuntisi tai tule muiden mukaan ryhm\u00e4tunneille.Puh. +358 30 047 2017 (0,49 \u20ac\/min)Varaa suoraan netist\u00e4: Hevosel\u00e4mykset kes\u00e4ll\u00e4<div class=\"et_pb_module dsm_pricelist dsm_pricelist_0\">\n\t\t\t\t\n\t\t\t\t\n\t\t\t\t\n\t\t\t\t\n\t\t\t\t\n\t\t\t\t\n\t\t\t\t<div class=\"et_pb_module_inner\">\n\t\t\t\t\t<div class=\"dsm_pricelist\"><div class=\"dsm_pricelist_child dsm_pricelist_child_0\">\n\t\t\t\t\n\t\t\t\t\n\t\t\t\t\n\t\t\t\t\n\t\t\t\t\n\t\t\t\t\n\t\t\t\t<div class=\"et_pb_module_inner\">\n\t\t\t\t\t\n\t\t\t\n\t\t\t\n\t\t\t<div class=\"dsm_pricelist_item_wrapper\">\n\t\t\t\t<div class=\"dsm-pricelist-header\">\n\t\t\t\t\t<div class=\"dsm-pricelist-title et_pb_module_header\">Irtotunnit<\/div>\n\t\t\t\t\t<div class=\"dsm-pricelist-separator\"><\/div>\n\t\t\t\t\t<div class=\"dsm-pricelist-price\">50 \u20ac<\/div>\n\t\t\t\t<\/div>\n\t\t\t\t\n\t\t\t\t\n\t\t\t<\/div>\n\t\t\t\t<\/div>\n\t\t\t<\/div><div class=\"dsm_pricelist_child dsm_pricelist_child_1\">\n\t\t\t\t\n\t\t\t\t\n\t\t\t\t\n\t\t\t\t\n\t\t\t\t\n\t\t\t\t\n\t\t\t\t<div class=\"et_pb_module_inner\">\n\t\t\t\t\t\n\t\t\t\n\t\t\t\n\t\t\t<div class=\"dsm_pricelist_item_wrapper\">\n\t\t\t\t<div class=\"dsm-pricelist-header\">\n\t\t\t\t\t<div class=\"dsm-pricelist-title et_pb_module_header\">Yksityistunti<\/div>\n\t\t\t\t\t<div class=\"dsm-pricelist-separator\"><\/div>\n\t\t\t\t\t<div class=\"dsm-pricelist-price\">70 \u20ac<\/div>\n\t\t\t\t<\/div>\n\t\t\t\t\n\t\t\t\t\n\t\t\t<\/div>\n\t\t\t\t<\/div>\n\t\t\t<\/div><div class=\"dsm_pricelist_child dsm_pricelist_child_2\">\n\t\t\t\t\n\t\t\t\t\n\t\t\t\t\n\t\t\t\t\n\t\t\t\t\n\t\t\t\t\n\t\t\t\t<div class=\"et_pb_module_inner\">\n\t\t\t\t\t\n\t\t\t\n\t\t\t\n\t\t\t<div class=\"dsm_pricelist_item_wrapper\">\n\t\t\t\t<div class=\"dsm-pricelist-header\">\n\t\t\t\t\t<div class=\"dsm-pricelist-title et_pb_module_header\">10 kerran kortti<\/div>\n\t\t\t\t\t<div class=\"dsm-pricelist-separator\"><\/div>\n\t\t\t\t\t<div class=\"dsm-pricelist-price\">400 \u20ac<\/div>\n\t\t\t\t<\/div>\n\t\t\t\t<div class=\"dsm-pricelist-description\">Kortti on perhekohtainen ja aikaa k\u00e4ytt\u00e4\u00e4 4 kk ostop\u00e4iv\u00e4st\u00e4.<\/div>\n\t\t\t\t\n\t\t\t<\/div>\n\t\t\t\t<\/div>\n\t\t\t<\/div><div class=\"dsm_pricelist_child dsm_pricelist_child_3\">\n\t\t\t\t\n\t\t\t\t\n\t\t\t\t\n\t\t\t\t\n\t\t\t\t\n\t\t\t\t\n\t\t\t\t<div class=\"et_pb_module_inner\">\n\t\t\t\t\t\n\t\t\t\n\t\t\t\n\t\t\t<div class=\"dsm_pricelist_item_wrapper\">\n\t\t\t\t<div class=\"dsm-pricelist-header\">\n\t\t\t\t\t<div class=\"dsm-pricelist-title et_pb_module_header\">Talutusratsastus<\/div>\n\t\t\t\t\t<div class=\"dsm-pricelist-separator\"><\/div>\n\t\t\t\t\t<div class=\"dsm-pricelist-price\">40 \u20ac<\/div>\n\t\t\t\t<\/div>\n\t\t\t\t<div class=\"dsm-pricelist-description\">Perheen pienimmille, kesto 30 min.<\/div>\n\t\t\t\t\n\t\t\t<\/div>\n\t\t\t\t<\/div>\n\t\t\t<\/div><\/div>\n\t\t\t\t<\/div>\n\t\t\t<\/div><\/p>\n","protected":false},"author":1,"featured_media":0,"parent":0,"menu_order":0,"comment_status":"closed","ping_status":"closed","template":"","meta":{"_et_pb_use_builder":"on","_et_pb_old_content":"","_et_gb_content_width":"","footnotes":""},"class_list":["post-1917","page","type-page","status-publish","hentry"],"yoast_head":"<!-- This site is optimized with the Yoast SEO plugin v27.3 - https:\/\/yoast.com\/product\/yoast-seo-wordpress\/ -->\n<title>Ratsastustunnit - Polar Lights Tours<\/title>\n<meta name=\"robots\" content=\"index, follow, max-snippet:-1, max-image-preview:large, max-video-preview:-1\" \/>\n<link rel=\"canonical\" href=\"https:\/\/polarlightstours.fi\/fi\/ratsastustunnit\/\" \/>\n<meta property=\"og:locale\" content=\"fi_FI\" \/>\n<meta property=\"og:type\" content=\"article\" \/>\n<meta property=\"og:title\" content=\"Ratsastustunnit - Polar Lights Tours\" \/>\n<meta property=\"og:description\" content=\"J\u00e4rjest\u00e4mme ratsastustunteja pieniss\u00e4 ryhmiss\u00e4 tai yksityisesti lapsille ja aikuisille. Omat ryhm\u00e4t aloittelijoille ja kokeneimmille ratsastajille. Kaikki hevosemme ovat kilttej\u00e4 ja osaavia suomenhevosia. Soita ja varaa oma yksityistuntisi tai tule muiden mukaan ryhm\u00e4tunneille.Puh. +358 30 047 2017 (0,49 \u20ac\/min)Varaa suoraan netist\u00e4: Hevosel\u00e4mykset kes\u00e4ll\u00e4\" \/>\n<meta property=\"og:url\" content=\"https:\/\/polarlightstours.fi\/fi\/ratsastustunnit\/\" \/>\n<meta property=\"og:site_name\" content=\"Polar Lights Tours\" \/>\n<meta property=\"article:publisher\" content=\"https:\/\/www.facebook.com\/polarlightstours\/\" \/>\n<meta property=\"article:modified_time\" content=\"2025-11-07T05:37:03+00:00\" \/>\n<meta property=\"og:image\" content=\"https:\/\/polarlightstours.fi\/wp-content\/uploads\/2024\/09\/logo-final.png\" \/>\n\t<meta property=\"og:image:width\" content=\"319\" \/>\n\t<meta property=\"og:image:height\" content=\"200\" \/>\n\t<meta property=\"og:image:type\" content=\"image\/png\" \/>\n<meta name=\"twitter:card\" content=\"summary_large_image\" \/>\n<meta name=\"twitter:label1\" content=\"Est. reading time\" \/>\n\t<meta name=\"twitter:data1\" content=\"1 minute\" \/>\n<script type=\"application\/ld+json\" class=\"yoast-schema-graph\">{\"@context\":\"https:\\\/\\\/schema.org\",\"@graph\":[{\"@type\":\"WebPage\",\"@id\":\"https:\\\/\\\/polarlightstours.fi\\\/fi\\\/ratsastustunnit\\\/\",\"url\":\"https:\\\/\\\/polarlightstours.fi\\\/fi\\\/ratsastustunnit\\\/\",\"name\":\"Ratsastustunnit - Polar Lights Tours\",\"isPartOf\":{\"@id\":\"https:\\\/\\\/polarlightstours.fi\\\/#website\"},\"datePublished\":\"2025-01-27T06:12:33+00:00\",\"dateModified\":\"2025-11-07T05:37:03+00:00\",\"breadcrumb\":{\"@id\":\"https:\\\/\\\/polarlightstours.fi\\\/fi\\\/ratsastustunnit\\\/#breadcrumb\"},\"inLanguage\":\"fi\",\"potentialAction\":[{\"@type\":\"ReadAction\",\"target\":[\"https:\\\/\\\/polarlightstours.fi\\\/fi\\\/ratsastustunnit\\\/\"]}]},{\"@type\":\"BreadcrumbList\",\"@id\":\"https:\\\/\\\/polarlightstours.fi\\\/fi\\\/ratsastustunnit\\\/#breadcrumb\",\"itemListElement\":[{\"@type\":\"ListItem\",\"position\":1,\"name\":\"Home\",\"item\":\"https:\\\/\\\/polarlightstours.fi\\\/fi\\\/\"},{\"@type\":\"ListItem\",\"position\":2,\"name\":\"Ratsastustunnit\"}]},{\"@type\":\"WebSite\",\"@id\":\"https:\\\/\\\/polarlightstours.fi\\\/#website\",\"url\":\"https:\\\/\\\/polarlightstours.fi\\\/\",\"name\":\"Polar Lights Tours\",\"description\":\"Experience\u00a0Finnish Lapland\u00a0wilderness with\u00a0huskies, reindeers\u00a0&amp;\u00a0horses\",\"publisher\":{\"@id\":\"https:\\\/\\\/polarlightstours.fi\\\/#organization\"},\"potentialAction\":[{\"@type\":\"SearchAction\",\"target\":{\"@type\":\"EntryPoint\",\"urlTemplate\":\"https:\\\/\\\/polarlightstours.fi\\\/?s={search_term_string}\"},\"query-input\":{\"@type\":\"PropertyValueSpecification\",\"valueRequired\":true,\"valueName\":\"search_term_string\"}}],\"inLanguage\":\"fi\"},{\"@type\":\"Organization\",\"@id\":\"https:\\\/\\\/polarlightstours.fi\\\/#organization\",\"name\":\"Polar Lights Tours\",\"url\":\"https:\\\/\\\/polarlightstours.fi\\\/\",\"logo\":{\"@type\":\"ImageObject\",\"inLanguage\":\"fi\",\"@id\":\"https:\\\/\\\/polarlightstours.fi\\\/#\\\/schema\\\/logo\\\/image\\\/\",\"url\":\"https:\\\/\\\/polarlightstours.fi\\\/wp-content\\\/uploads\\\/2024\\\/09\\\/logo-final.png\",\"contentUrl\":\"https:\\\/\\\/polarlightstours.fi\\\/wp-content\\\/uploads\\\/2024\\\/09\\\/logo-final.png\",\"width\":319,\"height\":200,\"caption\":\"Polar Lights Tours\"},\"image\":{\"@id\":\"https:\\\/\\\/polarlightstours.fi\\\/#\\\/schema\\\/logo\\\/image\\\/\"},\"sameAs\":[\"https:\\\/\\\/www.facebook.com\\\/polarlightstours\\\/\",\"https:\\\/\\\/www.instagram.com\\\/polarlightstours\\\/\"]}]}<\/script>\n<!-- \/ Yoast SEO plugin. -->","yoast_head_json":{"title":"Ratsastustunnit - Polar Lights Tours","robots":{"index":"index","follow":"follow","max-snippet":"max-snippet:-1","max-image-preview":"max-image-preview:large","max-video-preview":"max-video-preview:-1"},"canonical":"https:\/\/polarlightstours.fi\/fi\/ratsastustunnit\/","og_locale":"fi_FI","og_type":"article","og_title":"Ratsastustunnit - Polar Lights Tours","og_description":"J\u00e4rjest\u00e4mme ratsastustunteja pieniss\u00e4 ryhmiss\u00e4 tai yksityisesti lapsille ja aikuisille. Omat ryhm\u00e4t aloittelijoille ja kokeneimmille ratsastajille. Kaikki hevosemme ovat kilttej\u00e4 ja osaavia suomenhevosia. Soita ja varaa oma yksityistuntisi tai tule muiden mukaan ryhm\u00e4tunneille.Puh. +358 30 047 2017 (0,49 \u20ac\/min)Varaa suoraan netist\u00e4: Hevosel\u00e4mykset kes\u00e4ll\u00e4","og_url":"https:\/\/polarlightstours.fi\/fi\/ratsastustunnit\/","og_site_name":"Polar Lights Tours","article_publisher":"https:\/\/www.facebook.com\/polarlightstours\/","article_modified_time":"2025-11-07T05:37:03+00:00","og_image":[{"width":319,"height":200,"url":"https:\/\/polarlightstours.fi\/wp-content\/uploads\/2024\/09\/logo-final.png","type":"image\/png"}],"twitter_card":"summary_large_image","twitter_misc":{"Est. reading time":"1 minute"},"schema":{"@context":"https:\/\/schema.org","@graph":[{"@type":"WebPage","@id":"https:\/\/polarlightstours.fi\/fi\/ratsastustunnit\/","url":"https:\/\/polarlightstours.fi\/fi\/ratsastustunnit\/","name":"Ratsastustunnit - Polar Lights Tours","isPartOf":{"@id":"https:\/\/polarlightstours.fi\/#website"},"datePublished":"2025-01-27T06:12:33+00:00","dateModified":"2025-11-07T05:37:03+00:00","breadcrumb":{"@id":"https:\/\/polarlightstours.fi\/fi\/ratsastustunnit\/#breadcrumb"},"inLanguage":"fi","potentialAction":[{"@type":"ReadAction","target":["https:\/\/polarlightstours.fi\/fi\/ratsastustunnit\/"]}]},{"@type":"BreadcrumbList","@id":"https:\/\/polarlightstours.fi\/fi\/ratsastustunnit\/#breadcrumb","itemListElement":[{"@type":"ListItem","position":1,"name":"Home","item":"https:\/\/polarlightstours.fi\/fi\/"},{"@type":"ListItem","position":2,"name":"Ratsastustunnit"}]},{"@type":"WebSite","@id":"https:\/\/polarlightstours.fi\/#website","url":"https:\/\/polarlightstours.fi\/","name":"Polar Lights Tours","description":"Experience\u00a0Finnish Lapland\u00a0wilderness with\u00a0huskies, reindeers\u00a0&amp;\u00a0horses","publisher":{"@id":"https:\/\/polarlightstours.fi\/#organization"},"potentialAction":[{"@type":"SearchAction","target":{"@type":"EntryPoint","urlTemplate":"https:\/\/polarlightstours.fi\/?s={search_term_string}"},"query-input":{"@type":"PropertyValueSpecification","valueRequired":true,"valueName":"search_term_string"}}],"inLanguage":"fi"},{"@type":"Organization","@id":"https:\/\/polarlightstours.fi\/#organization","name":"Polar Lights Tours","url":"https:\/\/polarlightstours.fi\/","logo":{"@type":"ImageObject","inLanguage":"fi","@id":"https:\/\/polarlightstours.fi\/#\/schema\/logo\/image\/","url":"https:\/\/polarlightstours.fi\/wp-content\/uploads\/2024\/09\/logo-final.png","contentUrl":"https:\/\/polarlightstours.fi\/wp-content\/uploads\/2024\/09\/logo-final.png","width":319,"height":200,"caption":"Polar Lights Tours"},"image":{"@id":"https:\/\/polarlightstours.fi\/#\/schema\/logo\/image\/"},"sameAs":["https:\/\/www.facebook.com\/polarlightstours\/","https:\/\/www.instagram.com\/polarlightstours\/"]}]}},"_links":{"self":[{"href":"https:\/\/polarlightstours.fi\/fi\/wp-json\/wp\/v2\/pages\/1917","targetHints":{"allow":["GET"]}}],"collection":[{"href":"https:\/\/polarlightstours.fi\/fi\/wp-json\/wp\/v2\/pages"}],"about":[{"href":"https:\/\/polarlightstours.fi\/fi\/wp-json\/wp\/v2\/types\/page"}],"author":[{"embeddable":true,"href":"https:\/\/polarlightstours.fi\/fi\/wp-json\/wp\/v2\/users\/1"}],"replies":[{"embeddable":true,"href":"https:\/\/polarlightstours.fi\/fi\/wp-json\/wp\/v2\/comments?post=1917"}],"version-history":[{"count":18,"href":"https:\/\/polarlightstours.fi\/fi\/wp-json\/wp\/v2\/pages\/1917\/revisions"}],"predecessor-version":[{"id":5323,"href":"https:\/\/polarlightstours.fi\/fi\/wp-json\/wp\/v2\/pages\/1917\/revisions\/5323"}],"wp:attachment":[{"href":"https:\/\/polarlightstours.fi\/fi\/wp-json\/wp\/v2\/media?parent=1917"}],"curies":[{"name":"wp","href":"https:\/\/api.w.org\/{rel}","templated":true}]}}