{"id":1346,"date":"2025-01-09T07:57:49","date_gmt":"2025-01-09T05:57:49","guid":{"rendered":"https:\/\/discodigimedia.com\/polar-lights-lodge\/"},"modified":"2025-12-11T15:16:23","modified_gmt":"2025-12-11T13:16:23","slug":"elamysten-majat","status":"publish","type":"page","link":"https:\/\/polarlightstours.fi\/fi\/elamysten-majat\/","title":{"rendered":"El\u00e4mysten majat"},"content":{"rendered":"<p>[et_pb_section fb_built=&#8221;1&#8243; admin_label=&#8221;Header&#8221; _builder_version=&#8221;4.27.4&#8243; _module_preset=&#8221;default&#8221; background_color=&#8221;RGBA(255,255,255,0)&#8221; background_image=&#8221;https:\/\/polarlightstours.fi\/wp-content\/uploads\/2025\/04\/SEO_AI_1-3.jpg&#8221; height=&#8221;700px&#8221; height_tablet=&#8221;500px&#8221; height_phone=&#8221;450px&#8221; height_last_edited=&#8221;on|phone&#8221; custom_padding=&#8221;5vw||5vw||true|false&#8221; hover_enabled=&#8221;0&#8243; collapsed=&#8221;off&#8221; global_colors_info=&#8221;{}&#8221; alt=&#8221;Aurora wilderness cabin&#8221; title_text=&#8221;SEO_AI_1 (3)&#8221; sticky_enabled=&#8221;0&#8243;][et_pb_row custom_padding_last_edited=&#8221;on|phone&#8221; _builder_version=&#8221;4.27.4&#8243; _module_preset=&#8221;default&#8221; width=&#8221;50%&#8221; width_tablet=&#8221;80%&#8221; width_phone=&#8221;80%&#8221; width_last_edited=&#8221;on|desktop&#8221; max_width=&#8221;none&#8221; custom_margin=&#8221;0px||||false|false&#8221; custom_padding=&#8221;250px||50px||false|false&#8221; custom_padding_tablet=&#8221;250px||50px||false|false&#8221; custom_padding_phone=&#8221;100px||30px||false|false&#8221; global_colors_info=&#8221;{}&#8221;][et_pb_column type=&#8221;4_4&#8243; _builder_version=&#8221;4.24.3&#8243; _module_preset=&#8221;default&#8221; global_colors_info=&#8221;{}&#8221;][et_pb_heading title=&#8221;El\u00e4mysten majat&#8221; _builder_version=&#8221;4.25.2&#8243; _module_preset=&#8221;_initial&#8221; title_font=&#8221;PT Serif|700|||||||&#8221; title_text_align=&#8221;center&#8221; title_text_color=&#8221;#FFFFFF&#8221; title_font_size=&#8221;5vw&#8221; title_line_height=&#8221;1.2em&#8221; custom_margin=&#8221;||10px||false|false&#8221; title_font_size_tablet=&#8221;40px&#8221; title_font_size_phone=&#8221;34px&#8221; title_font_size_last_edited=&#8221;on|phone&#8221; text_shadow_style=&#8221;preset5&#8243; text_shadow_horizontal_length=&#8221;0.03em&#8221; text_shadow_vertical_length=&#8221;0.03em&#8221; text_shadow_blur_strength=&#8221;0.01em&#8221; global_colors_info=&#8221;{}&#8221;][\/et_pb_heading][et_pb_text quote_border_color=&#8221;#ff4d00&#8243; _builder_version=&#8221;4.25.2&#8243; _module_preset=&#8221;_initial&#8221; text_font=&#8221;Montserrat|700|||||||&#8221; text_text_color=&#8221;#FFFFFF&#8221; text_font_size=&#8221;28px&#8221; text_line_height=&#8221;1.6em&#8221; link_text_color=&#8221;#ff4d00&#8243; quote_font=&#8221;Encode Sans Condensed|600|||||||&#8221; quote_text_color=&#8221;#FFFFFF&#8221; quote_font_size=&#8221;24px&#8221; quote_line_height=&#8221;1.4em&#8221; header_font=&#8221;Encode Sans Condensed|600||on|||||&#8221; header_text_color=&#8221;#FFFFFF&#8221; header_font_size=&#8221;72px&#8221; header_line_height=&#8221;1.2em&#8221; header_2_font=&#8221;Encode Sans Condensed|500|||||||&#8221; header_2_text_color=&#8221;#FFFFFF&#8221; header_2_font_size=&#8221;52px&#8221; header_2_line_height=&#8221;1.4em&#8221; header_3_font=&#8221;Encode Sans Condensed|500|||||||&#8221; header_3_text_color=&#8221;#FFFFFF&#8221; header_3_font_size=&#8221;36px&#8221; header_3_line_height=&#8221;1.4em&#8221; header_4_font=&#8221;Encode Sans Condensed|600|||||||&#8221; header_4_text_color=&#8221;#FFFFFF&#8221; header_4_font_size=&#8221;24px&#8221; header_4_line_height=&#8221;1.4em&#8221; header_5_font=&#8221;Encode Sans Condensed|600|||||||&#8221; header_5_text_color=&#8221;#FFFFFF&#8221; header_5_font_size=&#8221;20px&#8221; header_5_line_height=&#8221;1.5em&#8221; header_6_font=&#8221;Josefin Sans|700|||||||&#8221; header_6_text_color=&#8221;#FFFFFF&#8221; header_6_font_size=&#8221;16px&#8221; header_6_line_height=&#8221;1.8em&#8221; text_orientation=&#8221;center&#8221; text_font_size_tablet=&#8221;25px&#8221; text_font_size_phone=&#8221;24px&#8221; text_font_size_last_edited=&#8221;on|phone&#8221; quote_font_size_tablet=&#8221;16px&#8221; quote_font_size_phone=&#8221;15px&#8221; quote_font_size_last_edited=&#8221;on|desktop&#8221; header_font_size_tablet=&#8221;40px&#8221; header_font_size_phone=&#8221;24px&#8221; header_font_size_last_edited=&#8221;on|desktop&#8221; header_2_font_size_tablet=&#8221;32px&#8221; header_2_font_size_phone=&#8221;20px&#8221; header_2_font_size_last_edited=&#8221;on|desktop&#8221; header_3_font_size_tablet=&#8221;20px&#8221; header_3_font_size_phone=&#8221;16px&#8221; header_3_font_size_last_edited=&#8221;on|desktop&#8221; header_4_font_size_tablet=&#8221;16px&#8221; header_4_font_size_phone=&#8221;15px&#8221; header_4_font_size_last_edited=&#8221;on|desktop&#8221; header_5_font_size_tablet=&#8221;16px&#8221; header_5_font_size_phone=&#8221;14px&#8221; header_5_font_size_last_edited=&#8221;on|desktop&#8221; header_6_font_size_tablet=&#8221;15px&#8221; header_6_font_size_phone=&#8221;14px&#8221; header_6_font_size_last_edited=&#8221;on|desktop&#8221; text_text_shadow_style=&#8221;preset5&#8243; text_text_shadow_horizontal_length=&#8221;0.03em&#8221; text_text_shadow_vertical_length=&#8221;0.03em&#8221; text_text_shadow_blur_strength=&#8221;0.01em&#8221; global_colors_info=&#8221;{}&#8221;]<\/p>\n<p>ER\u00c4MAAMAJOITUSTA LAPISSA<\/p>\n<p>[\/et_pb_text][\/et_pb_column][\/et_pb_row][et_pb_row column_structure=&#8221;1_2,1_2&#8243; _builder_version=&#8221;4.27.4&#8243; _module_preset=&#8221;default&#8221; custom_padding=&#8221;0px||||false|false&#8221; global_colors_info=&#8221;{}&#8221;][et_pb_column type=&#8221;1_2&#8243; _builder_version=&#8221;4.25.2&#8243; _module_preset=&#8221;default&#8221; global_colors_info=&#8221;{}&#8221;][\/et_pb_column][et_pb_column type=&#8221;1_2&#8243; _builder_version=&#8221;4.25.2&#8243; _module_preset=&#8221;default&#8221; global_colors_info=&#8221;{}&#8221;][\/et_pb_column][\/et_pb_row][\/et_pb_section][et_pb_section fb_built=&#8221;1&#8243; admin_label=&#8221;About&#8221; _builder_version=&#8221;4.25.2&#8243; _module_preset=&#8221;default&#8221; background_color=&#8221;#f9f5f2&#8243; custom_padding=&#8221;||0px||false|false&#8221; collapsed=&#8221;on&#8221; global_colors_info=&#8221;{}&#8221;][et_pb_row _builder_version=&#8221;4.25.2&#8243; _module_preset=&#8221;default&#8221; custom_margin=&#8221;0px||0px||false|false&#8221; custom_padding=&#8221;0px||0px||false|false&#8221; global_colors_info=&#8221;{}&#8221;][et_pb_column type=&#8221;4_4&#8243; _builder_version=&#8221;4.25.2&#8243; _module_preset=&#8221;default&#8221; global_colors_info=&#8221;{}&#8221;][et_pb_heading title=&#8221;Koe tunnelmallinen y\u00f6 er\u00e4k\u00e4mp\u00e4ss\u00e4, h\u00e4mm\u00e4stele revontulia ja hengit\u00e4 syv\u00e4\u00e4n maailman puhtainta ilmaa&#8221; _builder_version=&#8221;4.25.2&#8243; _module_preset=&#8221;default&#8221; title_font=&#8221;PT Serif|700|||||||&#8221; title_text_align=&#8221;center&#8221; title_font_size=&#8221;35px&#8221; title_line_height=&#8221;1.3em&#8221; title_font_size_tablet=&#8221;35px&#8221; title_font_size_phone=&#8221;30px&#8221; title_font_size_last_edited=&#8221;on|desktop&#8221; global_colors_info=&#8221;{}&#8221;][\/et_pb_heading][\/et_pb_column][\/et_pb_row][et_pb_row _builder_version=&#8221;4.25.2&#8243; _module_preset=&#8221;default&#8221; custom_margin=&#8221;0px||||false|false&#8221; global_colors_info=&#8221;{}&#8221;][et_pb_column type=&#8221;4_4&#8243; _builder_version=&#8221;4.25.2&#8243; _module_preset=&#8221;default&#8221; global_colors_info=&#8221;{}&#8221;][et_pb_text _builder_version=&#8221;4.27.4&#8243; _module_preset=&#8221;default&#8221; text_font=&#8221;PT Serif||||||||&#8221; text_text_color=&#8221;#000000&#8243; text_font_size=&#8221;23px&#8221; text_line_height=&#8221;1.5em&#8221; text_orientation=&#8221;center&#8221; global_colors_info=&#8221;{}&#8221;]<\/p>\n<p>Nauti ylellisest\u00e4 <a href=\"https:\/\/polarlightstours.fi\/fi\/majoitusta-levilla\/\" title=\"Majoitusta Levill\u00e4 \u2013 revontulimajoitus ja er\u00e4k\u00e4mpp\u00e4el\u00e4mys\">er\u00e4k\u00e4mp\u00e4ss\u00e4 y\u00f6pymisest\u00e4 Levill\u00e4<\/a> tai <a href=\"https:\/\/polarlightstours.fi\/fi\/majoitusta-posiolla\/\" title=\"j\u00e4rvenrannalla Posiolla\">j\u00e4rvenrannalla Posiolla<\/a>. Hengit\u00e4 syv\u00e4\u00e4n maailman puhtainta ilmaa ja ihaile arktista t\u00e4htitaivasta \u2013 ja hyv\u00e4ll\u00e4 onnella revontulia. Koe ja maista aito suomalainen onnellisuus kanssamme.<\/p>\n<h3 data-start=\"311\" data-end=\"359\"><strong>Majoitu Levill\u00e4 \u2013 Aurora Wilderness Cabins<\/strong><\/h3>\n<p data-start=\"360\" data-end=\"838\">Vain 1,5 km:n p\u00e4\u00e4ss\u00e4 husky- ja hevostilaltamme sijaitsevat viihtyis\u00e4t <strong data-start=\"431\" data-end=\"459\">Aurora Wilderness Cabins<\/strong> -m\u00f6kit rauhallisen mets\u00e4n keskell\u00e4. N\u00e4m\u00e4 ekologiset m\u00f6kit on varustettu suurilla maisemaikkunoilla ja kattoikkunalla \u2013 t\u00e4ydellisi\u00e4 luonnon ja y\u00f6llisen taivaan ihailuun. M\u00f6keiss\u00e4 on ekok\u00e4ym\u00e4l\u00e4, k\u00e4sienpesuallas, pellettitakka ja USB-latauspiste. Ateriat nautitaan l\u00e4heisess\u00e4 Metsola-rakennuksessa, ja perinteinen puul\u00e4mmitteinen sauna on varattavissa yksityisk\u00e4ytt\u00f6\u00f6n.<\/p>\n<h3 data-start=\"840\" data-end=\"896\"><strong>Majoitu Posiolla \u2013 Lehtiniemi Guesthouse &amp; Caravan<\/strong><\/h3>\n<p data-start=\"897\" data-end=\"1412\">Jos suuntaat Posion suuntaan, majoitu mukavasti <strong data-start=\"945\" data-end=\"980\">Lehtiniemi Guesthouse &amp; Caravan<\/strong> -majatalossa, joka sijaitsee upean Suolij\u00e4rven rannalla. Majoitut 2\u20136 hengen huoneistoon j\u00e4rvin\u00e4k\u00f6alalla, keitti\u00f6ll\u00e4, saunalla ja yhteisell\u00e4 oleskelutilalla. Paikan p\u00e4\u00e4ll\u00e4 ja l\u00e4hist\u00f6ll\u00e4 voit nauttia mm. melonnasta, hiihdosta, patikoinnista ja paikallisesta kulttuurista. T\u00e4ydellinen valinta perheille ja pareille, jotka etsiv\u00e4t luonnonl\u00e4heisyytt\u00e4, mukavuutta ja aitoa lappilaista vieraanvaraisuutta Etel\u00e4-Lapissa.<\/p>\n<p data-start=\"1414\" data-end=\"1603\" data-is-last-node=\"\" data-is-only-node=\"\">Molemmat kohteet tarjoavat ainutlaatuisen luontoyhteyden \u2013 olitpa sitten Lapin metsiss\u00e4 tai kirkasvetisen Posionj\u00e4rven rannalla. L\u00f6yd\u00e4 t\u00e4ydellinen piilopaikkasi Lapin syd\u00e4mest\u00e4.<\/p>\n<p style=\"text-align: center;\">[\/et_pb_text][\/et_pb_column][\/et_pb_row][\/et_pb_section][et_pb_section fb_built=&#8221;1&#8243; admin_label=&#8221;Contact Info&#8221; _builder_version=&#8221;4.25.2&#8243; _module_preset=&#8221;default&#8221; background_enable_color=&#8221;off&#8221; background_enable_image=&#8221;off&#8221; parallax=&#8221;on&#8221; custom_padding=&#8221;1vw|5vw||5vw|false|true&#8221; collapsed=&#8221;on&#8221; global_colors_info=&#8221;{}&#8221;][et_pb_row _builder_version=&#8221;4.25.2&#8243; _module_preset=&#8221;default&#8221; global_colors_info=&#8221;{}&#8221;][et_pb_column type=&#8221;4_4&#8243; _builder_version=&#8221;4.25.2&#8243; _module_preset=&#8221;default&#8221; global_colors_info=&#8221;{}&#8221;][et_pb_text _builder_version=&#8221;4.25.2&#8243; _module_preset=&#8221;default&#8221; global_colors_info=&#8221;{}&#8221;]<script src=\"https:\/\/fareharbor.com\/embeds\/script\/items\/polarlightstours\/?fallback=simple&full-items=yes&language=fi&flow=527361\"><\/script>[\/et_pb_text][\/et_pb_column][\/et_pb_row][\/et_pb_section]<\/p>\n","protected":false},"excerpt":{"rendered":"<p>ER\u00c4MAAMAJOITUSTA LAPISSANauti ylellisest\u00e4 er\u00e4k\u00e4mp\u00e4ss\u00e4 y\u00f6pymisest\u00e4 Levill\u00e4 tai j\u00e4rvenrannalla Posiolla. Hengit\u00e4 syv\u00e4\u00e4n maailman puhtainta ilmaa ja ihaile arktista t\u00e4htitaivasta \u2013 ja hyv\u00e4ll\u00e4 onnella revontulia. Koe ja maista aito suomalainen onnellisuus kanssamme. Majoitu Levill\u00e4 \u2013 Aurora Wilderness Cabins Vain 1,5 km:n p\u00e4\u00e4ss\u00e4 husky- ja hevostilaltamme sijaitsevat viihtyis\u00e4t Aurora Wilderness Cabins -m\u00f6kit rauhallisen mets\u00e4n keskell\u00e4. N\u00e4m\u00e4 ekologiset m\u00f6kit on varustettu suurilla maisemaikkunoilla ja kattoikkunalla \u2013 t\u00e4ydellisi\u00e4 luonnon ja y\u00f6llisen taivaan ihailuun. M\u00f6keiss\u00e4 on ekok\u00e4ym\u00e4l\u00e4, k\u00e4sienpesuallas, pellettitakka ja USB-latauspiste. Ateriat nautitaan l\u00e4heisess\u00e4 Metsola-rakennuksessa, ja perinteinen puul\u00e4mmitteinen sauna on varattavissa yksityisk\u00e4ytt\u00f6\u00f6n. Majoitu Posiolla \u2013 Lehtiniemi Guesthouse &amp; Caravan Jos suuntaat Posion suuntaan, majoitu mukavasti Lehtiniemi Guesthouse &amp; Caravan -majatalossa, joka sijaitsee upean Suolij\u00e4rven rannalla. Majoitut 2\u20136 hengen huoneistoon j\u00e4rvin\u00e4k\u00f6alalla, keitti\u00f6ll\u00e4, saunalla ja yhteisell\u00e4 oleskelutilalla. Paikan p\u00e4\u00e4ll\u00e4 ja l\u00e4hist\u00f6ll\u00e4 voit nauttia mm. melonnasta, hiihdosta, patikoinnista ja paikallisesta kulttuurista. T\u00e4ydellinen valinta perheille ja pareille, jotka etsiv\u00e4t luonnonl\u00e4heisyytt\u00e4, mukavuutta ja aitoa lappilaista vieraanvaraisuutta Etel\u00e4-Lapissa. Molemmat kohteet tarjoavat ainutlaatuisen luontoyhteyden \u2013 olitpa sitten Lapin metsiss\u00e4 tai kirkasvetisen Posionj\u00e4rven rannalla. L\u00f6yd\u00e4 t\u00e4ydellinen piilopaikkasi Lapin syd\u00e4mest\u00e4. <script src=\"https:\/\/fareharbor.com\/embeds\/script\/items\/polarlightstours\/?fallback=simple&full-items=yes&language=fi&flow=527361\"><\/script><\/p>\n","protected":false},"author":1,"featured_media":0,"parent":0,"menu_order":0,"comment_status":"closed","ping_status":"closed","template":"","meta":{"_et_pb_use_builder":"on","_et_pb_old_content":"","_et_gb_content_width":"","footnotes":""},"class_list":["post-1346","page","type-page","status-publish","hentry"],"yoast_head":"<!-- This site is optimized with the Yoast SEO plugin v27.3 - https:\/\/yoast.com\/product\/yoast-seo-wordpress\/ -->\n<title>Revontulimajoitusta Lapissa luonnon keskell\u00e4 | Polar Lights Tours<\/title>\n<meta name=\"description\" content=\"Etsitk\u00f6 revontulimajoitusta Lapissa? Koe revontulet, y\u00f6tt\u00f6m\u00e4n y\u00f6n taika ja hengit\u00e4 maailman puhtainta ilmaa Polar Lights Toursin kanssa.\" \/>\n<meta name=\"robots\" content=\"index, follow, max-snippet:-1, max-image-preview:large, max-video-preview:-1\" \/>\n<link rel=\"canonical\" href=\"https:\/\/polarlightstours.fi\/polar-lights-lodge\/\" \/>\n<meta property=\"og:locale\" content=\"fi_FI\" \/>\n<meta property=\"og:type\" content=\"article\" \/>\n<meta property=\"og:title\" content=\"Revontulimajoitusta Lapissa luonnon keskell\u00e4 | Polar Lights Tours\" \/>\n<meta property=\"og:description\" content=\"Etsitk\u00f6 revontulimajoitusta Lapissa? Koe revontulet, y\u00f6tt\u00f6m\u00e4n y\u00f6n taika ja hengit\u00e4 maailman puhtainta ilmaa Polar Lights Toursin kanssa.\" \/>\n<meta property=\"og:url\" content=\"https:\/\/polarlightstours.fi\/polar-lights-lodge\/\" \/>\n<meta property=\"og:site_name\" content=\"Polar Lights Tours\" \/>\n<meta property=\"article:publisher\" content=\"https:\/\/www.facebook.com\/polarlightstours\/\" \/>\n<meta property=\"article:modified_time\" content=\"2025-12-11T13:16:23+00:00\" \/>\n<meta property=\"og:image\" content=\"https:\/\/polarlightstours.fi\/wp-content\/uploads\/2024\/09\/logo-final.png\" \/>\n\t<meta property=\"og:image:width\" content=\"319\" \/>\n\t<meta property=\"og:image:height\" content=\"200\" \/>\n\t<meta property=\"og:image:type\" content=\"image\/png\" \/>\n<meta name=\"twitter:card\" content=\"summary_large_image\" \/>\n<meta name=\"twitter:label1\" content=\"Est. reading time\" \/>\n\t<meta name=\"twitter:data1\" content=\"1 minute\" \/>\n<script type=\"application\/ld+json\" class=\"yoast-schema-graph\">{\"@context\":\"https:\\\/\\\/schema.org\",\"@graph\":[{\"@type\":\"WebPage\",\"@id\":\"https:\\\/\\\/polarlightstours.fi\\\/polar-lights-lodge\\\/\",\"url\":\"https:\\\/\\\/polarlightstours.fi\\\/polar-lights-lodge\\\/\",\"name\":\"Revontulimajoitusta Lapissa luonnon keskell\u00e4 | Polar Lights Tours\",\"isPartOf\":{\"@id\":\"https:\\\/\\\/polarlightstours.fi\\\/#website\"},\"datePublished\":\"2025-01-09T05:57:49+00:00\",\"dateModified\":\"2025-12-11T13:16:23+00:00\",\"description\":\"Etsitk\u00f6 revontulimajoitusta Lapissa? Koe revontulet, y\u00f6tt\u00f6m\u00e4n y\u00f6n taika ja hengit\u00e4 maailman puhtainta ilmaa Polar Lights Toursin kanssa.\",\"breadcrumb\":{\"@id\":\"https:\\\/\\\/polarlightstours.fi\\\/polar-lights-lodge\\\/#breadcrumb\"},\"inLanguage\":\"fi\",\"potentialAction\":[{\"@type\":\"ReadAction\",\"target\":[\"https:\\\/\\\/polarlightstours.fi\\\/polar-lights-lodge\\\/\"]}]},{\"@type\":\"BreadcrumbList\",\"@id\":\"https:\\\/\\\/polarlightstours.fi\\\/polar-lights-lodge\\\/#breadcrumb\",\"itemListElement\":[{\"@type\":\"ListItem\",\"position\":1,\"name\":\"Home\",\"item\":\"https:\\\/\\\/polarlightstours.fi\\\/fi\\\/\"},{\"@type\":\"ListItem\",\"position\":2,\"name\":\"El\u00e4mysten majat\"}]},{\"@type\":\"WebSite\",\"@id\":\"https:\\\/\\\/polarlightstours.fi\\\/#website\",\"url\":\"https:\\\/\\\/polarlightstours.fi\\\/\",\"name\":\"Polar Lights Tours\",\"description\":\"Experience\u00a0Finnish Lapland\u00a0wilderness with\u00a0huskies, reindeers\u00a0&amp;\u00a0horses\",\"publisher\":{\"@id\":\"https:\\\/\\\/polarlightstours.fi\\\/#organization\"},\"potentialAction\":[{\"@type\":\"SearchAction\",\"target\":{\"@type\":\"EntryPoint\",\"urlTemplate\":\"https:\\\/\\\/polarlightstours.fi\\\/?s={search_term_string}\"},\"query-input\":{\"@type\":\"PropertyValueSpecification\",\"valueRequired\":true,\"valueName\":\"search_term_string\"}}],\"inLanguage\":\"fi\"},{\"@type\":\"Organization\",\"@id\":\"https:\\\/\\\/polarlightstours.fi\\\/#organization\",\"name\":\"Polar Lights Tours\",\"url\":\"https:\\\/\\\/polarlightstours.fi\\\/\",\"logo\":{\"@type\":\"ImageObject\",\"inLanguage\":\"fi\",\"@id\":\"https:\\\/\\\/polarlightstours.fi\\\/#\\\/schema\\\/logo\\\/image\\\/\",\"url\":\"https:\\\/\\\/polarlightstours.fi\\\/wp-content\\\/uploads\\\/2024\\\/09\\\/logo-final.png\",\"contentUrl\":\"https:\\\/\\\/polarlightstours.fi\\\/wp-content\\\/uploads\\\/2024\\\/09\\\/logo-final.png\",\"width\":319,\"height\":200,\"caption\":\"Polar Lights Tours\"},\"image\":{\"@id\":\"https:\\\/\\\/polarlightstours.fi\\\/#\\\/schema\\\/logo\\\/image\\\/\"},\"sameAs\":[\"https:\\\/\\\/www.facebook.com\\\/polarlightstours\\\/\",\"https:\\\/\\\/www.instagram.com\\\/polarlightstours\\\/\"]}]}<\/script>\n<!-- \/ Yoast SEO plugin. -->","yoast_head_json":{"title":"Revontulimajoitusta Lapissa luonnon keskell\u00e4 | Polar Lights Tours","description":"Etsitk\u00f6 revontulimajoitusta Lapissa? Koe revontulet, y\u00f6tt\u00f6m\u00e4n y\u00f6n taika ja hengit\u00e4 maailman puhtainta ilmaa Polar Lights Toursin kanssa.","robots":{"index":"index","follow":"follow","max-snippet":"max-snippet:-1","max-image-preview":"max-image-preview:large","max-video-preview":"max-video-preview:-1"},"canonical":"https:\/\/polarlightstours.fi\/polar-lights-lodge\/","og_locale":"fi_FI","og_type":"article","og_title":"Revontulimajoitusta Lapissa luonnon keskell\u00e4 | Polar Lights Tours","og_description":"Etsitk\u00f6 revontulimajoitusta Lapissa? Koe revontulet, y\u00f6tt\u00f6m\u00e4n y\u00f6n taika ja hengit\u00e4 maailman puhtainta ilmaa Polar Lights Toursin kanssa.","og_url":"https:\/\/polarlightstours.fi\/polar-lights-lodge\/","og_site_name":"Polar Lights Tours","article_publisher":"https:\/\/www.facebook.com\/polarlightstours\/","article_modified_time":"2025-12-11T13:16:23+00:00","og_image":[{"width":319,"height":200,"url":"https:\/\/polarlightstours.fi\/wp-content\/uploads\/2024\/09\/logo-final.png","type":"image\/png"}],"twitter_card":"summary_large_image","twitter_misc":{"Est. reading time":"1 minute"},"schema":{"@context":"https:\/\/schema.org","@graph":[{"@type":"WebPage","@id":"https:\/\/polarlightstours.fi\/polar-lights-lodge\/","url":"https:\/\/polarlightstours.fi\/polar-lights-lodge\/","name":"Revontulimajoitusta Lapissa luonnon keskell\u00e4 | Polar Lights Tours","isPartOf":{"@id":"https:\/\/polarlightstours.fi\/#website"},"datePublished":"2025-01-09T05:57:49+00:00","dateModified":"2025-12-11T13:16:23+00:00","description":"Etsitk\u00f6 revontulimajoitusta Lapissa? Koe revontulet, y\u00f6tt\u00f6m\u00e4n y\u00f6n taika ja hengit\u00e4 maailman puhtainta ilmaa Polar Lights Toursin kanssa.","breadcrumb":{"@id":"https:\/\/polarlightstours.fi\/polar-lights-lodge\/#breadcrumb"},"inLanguage":"fi","potentialAction":[{"@type":"ReadAction","target":["https:\/\/polarlightstours.fi\/polar-lights-lodge\/"]}]},{"@type":"BreadcrumbList","@id":"https:\/\/polarlightstours.fi\/polar-lights-lodge\/#breadcrumb","itemListElement":[{"@type":"ListItem","position":1,"name":"Home","item":"https:\/\/polarlightstours.fi\/fi\/"},{"@type":"ListItem","position":2,"name":"El\u00e4mysten majat"}]},{"@type":"WebSite","@id":"https:\/\/polarlightstours.fi\/#website","url":"https:\/\/polarlightstours.fi\/","name":"Polar Lights Tours","description":"Experience\u00a0Finnish Lapland\u00a0wilderness with\u00a0huskies, reindeers\u00a0&amp;\u00a0horses","publisher":{"@id":"https:\/\/polarlightstours.fi\/#organization"},"potentialAction":[{"@type":"SearchAction","target":{"@type":"EntryPoint","urlTemplate":"https:\/\/polarlightstours.fi\/?s={search_term_string}"},"query-input":{"@type":"PropertyValueSpecification","valueRequired":true,"valueName":"search_term_string"}}],"inLanguage":"fi"},{"@type":"Organization","@id":"https:\/\/polarlightstours.fi\/#organization","name":"Polar Lights Tours","url":"https:\/\/polarlightstours.fi\/","logo":{"@type":"ImageObject","inLanguage":"fi","@id":"https:\/\/polarlightstours.fi\/#\/schema\/logo\/image\/","url":"https:\/\/polarlightstours.fi\/wp-content\/uploads\/2024\/09\/logo-final.png","contentUrl":"https:\/\/polarlightstours.fi\/wp-content\/uploads\/2024\/09\/logo-final.png","width":319,"height":200,"caption":"Polar Lights Tours"},"image":{"@id":"https:\/\/polarlightstours.fi\/#\/schema\/logo\/image\/"},"sameAs":["https:\/\/www.facebook.com\/polarlightstours\/","https:\/\/www.instagram.com\/polarlightstours\/"]}]}},"_links":{"self":[{"href":"https:\/\/polarlightstours.fi\/fi\/wp-json\/wp\/v2\/pages\/1346","targetHints":{"allow":["GET"]}}],"collection":[{"href":"https:\/\/polarlightstours.fi\/fi\/wp-json\/wp\/v2\/pages"}],"about":[{"href":"https:\/\/polarlightstours.fi\/fi\/wp-json\/wp\/v2\/types\/page"}],"author":[{"embeddable":true,"href":"https:\/\/polarlightstours.fi\/fi\/wp-json\/wp\/v2\/users\/1"}],"replies":[{"embeddable":true,"href":"https:\/\/polarlightstours.fi\/fi\/wp-json\/wp\/v2\/comments?post=1346"}],"version-history":[{"count":37,"href":"https:\/\/polarlightstours.fi\/fi\/wp-json\/wp\/v2\/pages\/1346\/revisions"}],"predecessor-version":[{"id":5453,"href":"https:\/\/polarlightstours.fi\/fi\/wp-json\/wp\/v2\/pages\/1346\/revisions\/5453"}],"wp:attachment":[{"href":"https:\/\/polarlightstours.fi\/fi\/wp-json\/wp\/v2\/media?parent=1346"}],"curies":[{"name":"wp","href":"https:\/\/api.w.org\/{rel}","templated":true}]}}