{"id":1320,"date":"2025-01-09T06:15:19","date_gmt":"2025-01-09T04:15:19","guid":{"rendered":"https:\/\/discodigimedia.com\/booking-terms\/"},"modified":"2025-01-09T06:44:00","modified_gmt":"2025-01-09T06:44:00","slug":"varausehdot","status":"publish","type":"page","link":"https:\/\/polarlightstours.fi\/fi\/varausehdot\/","title":{"rendered":"Varausehdot"},"content":{"rendered":"<p>[et_pb_section fb_built=&#8221;1&#8243; admin_label=&#8221;About&#8221; _builder_version=&#8221;4.25.2&#8243; _module_preset=&#8221;default&#8221; background_color=&#8221;#f9f5f2&#8243; background_enable_image=&#8221;off&#8221; min_height=&#8221;150px&#8221; custom_margin=&#8221;100px||||false|false&#8221; custom_padding=&#8221;||0px||false|false&#8221; collapsed=&#8221;on&#8221; global_colors_info=&#8221;{}&#8221;][et_pb_row _builder_version=&#8221;4.25.2&#8243; _module_preset=&#8221;default&#8221; custom_margin=&#8221;0px||0px||false|false&#8221; custom_padding=&#8221;0px||0px||false|false&#8221; global_colors_info=&#8221;{}&#8221;][et_pb_column type=&#8221;4_4&#8243; _builder_version=&#8221;4.25.2&#8243; _module_preset=&#8221;default&#8221; global_colors_info=&#8221;{}&#8221;][et_pb_heading title=&#8221;Varausehdot&#8221; _builder_version=&#8221;4.25.2&#8243; _module_preset=&#8221;default&#8221; title_font=&#8221;PT Serif|700|||||||&#8221; title_text_align=&#8221;center&#8221; title_font_size=&#8221;37px&#8221; hover_enabled=&#8221;0&#8243; global_colors_info=&#8221;{}&#8221; sticky_enabled=&#8221;0&#8243;][\/et_pb_heading][\/et_pb_column][\/et_pb_row][\/et_pb_section][et_pb_section fb_built=&#8221;1&#8243; admin_label=&#8221;Contact Info&#8221; _builder_version=&#8221;4.25.2&#8243; _module_preset=&#8221;default&#8221; background_enable_color=&#8221;off&#8221; background_enable_image=&#8221;off&#8221; parallax=&#8221;on&#8221; custom_padding=&#8221;1vw|5vw||5vw|false|true&#8221; collapsed=&#8221;on&#8221; global_colors_info=&#8221;{}&#8221;][et_pb_row _builder_version=&#8221;4.25.2&#8243; _module_preset=&#8221;default&#8221; global_colors_info=&#8221;{}&#8221;][et_pb_column type=&#8221;4_4&#8243; _builder_version=&#8221;4.25.2&#8243; _module_preset=&#8221;default&#8221; global_colors_info=&#8221;{}&#8221;][et_pb_text _builder_version=&#8221;4.25.2&#8243; _module_preset=&#8221;default&#8221; text_font_size=&#8221;16px&#8221; header_2_font=&#8221;|700||on|||||&#8221; header_4_font=&#8221;&#8211;et_global_heading_font|700||on|||||&#8221; hover_enabled=&#8221;0&#8243; global_colors_info=&#8221;{}&#8221; sticky_enabled=&#8221;0&#8243;]<\/p>\n<h2><strong>TUTUSTUTHAN VARAUS- JA PERUUTUSEHTOIHIMME<\/strong><\/h2>\n<p>Matkaehdot koskevat kaikkia Polar Lights Tours Oy:n ja sen lis\u00e4toiminimell\u00e4 toimitettuja palveluita. Aktiviteetit, retkien kesto, lis\u00e4palvelut ja muut matkaa koskevat palvelut neuvotellaan erikseen asiakasryhm\u00e4n kanssa ja hyv\u00e4ksyt\u00e4\u00e4n kirjallisesti varauksen vahvistuksen yhteydess\u00e4.<\/p>\n<h4><strong>Varausehdot<\/strong><\/h4>\n<p>Varaus tehd\u00e4\u00e4n suullisesti tai kirjallisesti. Varaus on voimassa ilmoitetun henkil\u00f6m\u00e4\u00e4r\u00e4n mukaisesti ja laillisesti vahvistuu Polar Lights Tours Oy:n toimitettua kirjallisen varausvahvistuksen (kirje tai s\u00e4hk\u00f6posti).\u00a0 Sopimus astuu voimaan asiakkaan toimitettua kirjallisen varausvahvistuksen (kirje tai s\u00e4hk\u00f6posti). Varausvahvistuksen p\u00e4iv\u00e4m\u00e4\u00e4r\u00e4 mainitaan asiakkaalle l\u00e4hetett\u00e4v\u00e4ss\u00e4 tarjouksessa. Varaus- ja peruutusehdot toimitetaan kirjallisen tarjouksen yhteydess\u00e4.<\/p>\n<p>Palvelun\/aktiviteetin tms. vahvistamisen j\u00e4lkeen varaus maksetaan kokonaisuudessaan paikan p\u00e4\u00e4ll\u00e4 k\u00e4teisell\u00e4 tai yleisimmill\u00e4 pankki- tai luottokorteilla, ellei toisin sovita. Laskutuksesta sovitaan erillisell\u00e4 sopimuksella. Mik\u00e4li maksua ei suoriteta ajallaan, lis\u00e4t\u00e4\u00e4n kokonaishintaan korkolain pyk\u00e4l\u00e4n 4 mukainen viiv\u00e4styskorko. Mik\u00e4li asiakas on kyvyt\u00f6n suorittamaan maksun, Polar Lights Tours Oy:ll\u00e4 on oikeus purkaa sopimus. Maksukyvytt\u00f6myydest\u00e4 johtuvan sopimuksen peruutuksen yhteydess\u00e4 asiakkaalla on velvollisuus kompensoida sopimuksen peruuttamisesta syntyneet kulut.<\/p>\n<h4><strong>Peruutukset ja muutokset<\/strong><\/h4>\n<p>Peruutusp\u00e4iv\u00e4 on p\u00e4iv\u00e4, jolloin Polar Lights Tours Oy on vastaanottanut peruutusilmoituksen. Varaus tulee aina peruuttaa kirjallisesti (kirje tai s\u00e4hk\u00f6posti). Palvelumaksu kahdeksankymment\u00e4 euroa (80 euroa) veloitetaan vahvistetun varauksen peruutuksen yhteydess\u00e4.<\/p>\n<p>Vahvistetun varauksen peruutuksen yhteydess\u00e4 k\u00e4ytett\u00e4v\u00e4t ehdot:<\/p>\n<ul>\n<li>peruutuksen tapahtuessa 7-0 p\u00e4iv\u00e4\u00e4 ennen varauksen alkua, veloitetaan 100% varauksen kokonaishinnasta<\/li>\n<li>Joulun ja Uuden Vuoden = 16.12. \u2013 05.01. v\u00e4lisen\u00e4 aikana peruutuskulut ovat 100\u00a0% varauksen kokonaishinnasta, mik\u00e4li peruutus tapahtuu 14-0 p\u00e4iv\u00e4\u00e4 ennen varauksen alkua.<\/li>\n<\/ul>\n<p>Mik\u00e4li varaus peruuntuu asiakkaan tai h\u00e4nen l\u00e4heisens\u00e4 yht\u00e4kkisen sairastumisen, tapaturman tai kuoleman johdosta, asiakas on oikeutettu hyvitykseen, jossa veloitetaan 30\u00a0% varauksen kokonaishinnasta. T\u00e4ss\u00e4 tapauksessa peruutus on teht\u00e4v\u00e4 v\u00e4litt\u00f6m\u00e4sti. L\u00e4\u00e4k\u00e4rintodistus tai muu laillinen dokumentti peruutuksen syyst\u00e4 tulee l\u00e4hett\u00e4\u00e4 Polar Lights Tours Oy:lle nelj\u00e4ntoista (14) p\u00e4iv\u00e4n sis\u00e4ll\u00e4 varauksen peruutuksen ilmoittamisesta. Peruutus on teht\u00e4v\u00e4 ennen varauksen alkua. Suosittelemme asiakkaita ottamaan soveltuvan matkavakuutuksen poikkeuksellisia ja force majeure-tilanteita varten.<\/p>\n<p><strong>Ryhm\u00e4t: Ryhmien peruutusehdot sovitaan erikseen ryhm\u00e4kohtaisesti riippuen ryhm\u00e4n koosta sek\u00e4 varauksen ja palveluiden ajankohdasta., ja ne sovitaan aina varauksen yhteydess\u00e4 kirjallisesti.<\/strong><\/p>\n<h4>Henkil\u00f6m\u00e4\u00e4r\u00e4<\/h4>\n<p>Varauksen lopullinen henkil\u00f6m\u00e4\u00e4r\u00e4 tulee vahvistaa viimeist\u00e4\u00e4n seitsem\u00e4n (7) p\u00e4iv\u00e4\u00e4 ennen varauksen alkua. Henkil\u00f6m\u00e4\u00e4r\u00e4n muutoksen +\/-10% voi kuitenkin ilmoittaa viimeist\u00e4\u00e4n kaksi (2) p\u00e4iv\u00e4\u00e4 ennen varauksen alkua. Varauksen maksun perusteena k\u00e4ytet\u00e4\u00e4n viimeisint\u00e4 ajallaan ilmoitettua henkil\u00f6m\u00e4\u00e4r\u00e4\u00e4. Mik\u00e4li henkil\u00f6m\u00e4\u00e4r\u00e4n muutos ilmoitetaan my\u00f6hemmin kuin kaksi (2) p\u00e4iv\u00e4\u00e4 ennen varauksen alkua, tai ei ilmoiteta lainkaan, Polar Lights Tours Oy:lla on oikeus veloittaa varaus varauksen vahvistuksen yhteydess\u00e4 ilmoitetun henkil\u00f6m\u00e4\u00e4r\u00e4n mukaisesti. Mik\u00e4li varaus sis\u00e4lt\u00e4\u00e4 tapahtumaan erikseen valmistettuja tai hankittuja uudelleen k\u00e4ytt\u00f6\u00f6n sopimattomia tai pilaantuvia ruokia tai juomia, Polar Lights Tours Oy:lla on oikeus veloittaa tuotteet vahvistetussa varauksessa sovitun mukaisesti. Kaikki erityisvaatimukset koskien valittuja ruokia, erityisruokavalioita, ruoka-aineallergioita, yhteyshenkil\u00f6n yhteystietoja tai mahdollisia juomatilauksia tulee ilmoittaa viimeist\u00e4\u00e4n seitsem\u00e4n (7) p\u00e4iv\u00e4\u00e4 ennen varauksen alkua.<\/p>\n<h4>Erityisj\u00e4rjestelyt<\/h4>\n<p>Mik\u00e4li, asiakkaan pyynt\u00f6\u00f6n perustuen, Polar Lights Tours Oy hakee erikoislupia, kuten alkoholijuomien anniskelun jatkoaikaa, tai sitoutuu muihin erityissopimuksiin\/tilauksiin asiakkaan pyynt\u00f6\u00f6n perustuen, asiakas on velvollinen korvaamaan erityisj\u00e4rjestelyist\u00e4 syntyv\u00e4t kulut.<\/p>\n<h4>Asiakkaan velvollisuudet<\/h4>\n<p>Asiakas on velvollinen korvaamaan kaikki vahingot, jotka asiakas tai asiakkaan varusteet, henkil\u00f6kunta, esiintyj\u00e4t tai muut vastaavat aiheuttavat Polar Lights Toursille tai muulle kolmannelle osapuolelle. Asiakas on velvollinen noudattamaan Polar Lights Tours Oy:n antamia ohjeita koskien tilan k\u00e4ytt\u00f6\u00e4, varusteita, laitteita tai muita erityisvarusteita. Asiakas on velvollinen noudattamaan annettuja turvallisuus- ja erityisohjeita sek\u00e4 ohjelmassa sovittua varausta koskevaa aikataulua. Mik\u00e4li asiakas laiminly\u00f6 velvollisuutensa, Polar Lights Tours Oy on oikeutettu veloittamaan asiakkaalta laiminly\u00f6nnist\u00e4 syntyneet kulut.<\/p>\n<h4>Hinnat ja hinnanmuutokset<\/h4>\n<p>Varauksessa ilmoitettu hinta sis\u00e4lt\u00e4\u00e4 erikseen ryhm\u00e4\u00e4 koskevat sovitut palvelut ja verot.<\/p>\n<p>Polar Lights Tours varaa itselleen oikeuden tehd\u00e4 hinnanmuutoksia, jotka johtuvat ennalta arvaamattomien kustannusten noususta (mukaan lukien mutta ei rajoittuen polttoaineet, verot tai muut vastaavat).<\/p>\n<h4>Varauksen sis\u00e4ltyvien palveluiden k\u00e4ytt\u00f6<\/h4>\n<p>Asiakas, joka j\u00e4tt\u00e4\u00e4 ryhm\u00e4n, saapuu my\u00f6h\u00e4ss\u00e4, ei k\u00e4yt\u00e4 varattua palvelua tai k\u00e4ytt\u00e4\u00e4 sen vain osin, on velvoitettu ilmoittamaan t\u00e4st\u00e4 ryhm\u00e4njohtajalle tai Polar Lights Tours Oy:n edustajalle. Asiakas on velvoitettu korvaamaan maksut kokonaisuudessaan, mik\u00e4li yll\u00e4 olevista ei ole ilmoitettu Polar Lights Tours Oy:lle peruutusehdoissa ilmoitetun ajan puitteissa. Mik\u00e4li asiakas j\u00e4tt\u00e4\u00e4 suorittamatta velvollisuuden ilmoittaa tai saapuu my\u00f6h\u00e4ss\u00e4 sovitusta aloitusajankohdasta, asiakas on velvollinen itse j\u00e4rjest\u00e4m\u00e4\u00e4n kuljetuksen. N\u00e4in tapahtuessa asiakasryhm\u00e4 ei ole oikeutettu alennuksiin k\u00e4ytt\u00e4m\u00e4tt\u00e4 j\u00e4tt\u00e4mist\u00e4 palveluista.<\/p>\n<h4>Laskutusehdot<\/h4>\n<p>Mik\u00e4li palvelut laskutetaan ja maksua ei suoriteta ajallaan, lis\u00e4t\u00e4\u00e4n kokonaishintaan korkolain pyk\u00e4l\u00e4n 4 mukainen viiv\u00e4styskorko.<\/p>\n<h4>Ep\u00e4selvien tilanteiden selvitys<\/h4>\n<p>Asiakas on velvollinen huolehtimaan, ett\u00e4 palveluiden k\u00e4ytt\u00f6\u00f6n liittyv\u00e4t luvat ja todistukset, kuten lainmukainen ajokortti, ovat voimassa. Polar Lights Tours Oy ei ole vastuullinen korvaamaan mahdollisia asiakkaalle tapahtuvia luonnon olosuhteisiin, hy\u00f6nteisiin, el\u00e4imiin tai odottamattomiin s\u00e4\u00e4n muutoksiin liittyvi\u00e4 vahinkoja. Polar Lights Tours Oy varaa oikeuden muuttaa tai peruuttaa ohjelman mik\u00e4li s\u00e4\u00e4tila tai muu tekij\u00e4 saattaa aiheuttaa vaarallisen tilanteen tai muuten uhata turvallisuutta. Polar Lights Tours Oy ei ole vastuussa painettujen materiaalien painovirheist\u00e4 tai painetun materiaalin julkaisun j\u00e4lkeisist\u00e4 muutoksista. Asiakas on velvollinen itse j\u00e4rjest\u00e4m\u00e4\u00e4n kuljetuksen, mik\u00e4li se ei kuulu varatun ohjelman hintaan. Asiakas on velvollinen saapumaan sovittuun paikkaan ja aikaan hyviss\u00e4 ajoin.<\/p>\n<h4>Valitukset<\/h4>\n<p>Mahdolliset valitukset tulee tehd\u00e4 heti paikan p\u00e4\u00e4ll\u00e4 Polar Lights Tours Oy:lle. Mik\u00e4li t\u00e4m\u00e4 ei ole mahdollista tai tyydytt\u00e4v\u00e4\u00e4, ratkaisu tehd\u00e4\u00e4n kohteessa paikan p\u00e4\u00e4ll\u00e4, tai mik\u00e4li vahingonkorvaus liittyy valitukseen, valitus tulee l\u00e4hett\u00e4\u00e4 kirjallisesti viimeist\u00e4\u00e4n kaksi p\u00e4iv\u00e4\u00e4 varauksen k\u00e4ytt\u00e4misen j\u00e4lkeen seuraavaan osoitteeseen: Polar Lights Tours Oy, Muoniontie 955, 99130 Sirkka.<\/p>\n<h4>Erimielisyydet<\/h4>\n<p>Erimielisyydet sovitaan ensisijaisesti neuvottelemalla, mutta tarpeen vaatiessa Polar Lights Tours Oy:n sijaintikunnan k\u00e4r\u00e4j\u00e4oikeudessa.<\/p>\n<p>[\/et_pb_text][\/et_pb_column][\/et_pb_row][\/et_pb_section][et_pb_section fb_built=&#8221;1&#8243; admin_label=&#8221;Menu&#8221; _builder_version=&#8221;4.24.3&#8243; _module_preset=&#8221;default&#8221; collapsed=&#8221;on&#8221; global_colors_info=&#8221;{}&#8221;][\/et_pb_section]<\/p>\n","protected":false},"excerpt":{"rendered":"<p>TUTUSTUTHAN VARAUS- JA PERUUTUSEHTOIHIMME Matkaehdot koskevat kaikkia Polar Lights Tours Oy:n ja sen lis\u00e4toiminimell\u00e4 toimitettuja palveluita. Aktiviteetit, retkien kesto, lis\u00e4palvelut ja muut matkaa koskevat palvelut neuvotellaan erikseen asiakasryhm\u00e4n kanssa ja hyv\u00e4ksyt\u00e4\u00e4n kirjallisesti varauksen vahvistuksen yhteydess\u00e4. Varausehdot Varaus tehd\u00e4\u00e4n suullisesti tai kirjallisesti. Varaus on voimassa ilmoitetun henkil\u00f6m\u00e4\u00e4r\u00e4n mukaisesti ja laillisesti vahvistuu Polar Lights Tours Oy:n toimitettua kirjallisen varausvahvistuksen (kirje tai s\u00e4hk\u00f6posti).\u00a0 Sopimus astuu voimaan asiakkaan toimitettua kirjallisen varausvahvistuksen (kirje tai s\u00e4hk\u00f6posti). Varausvahvistuksen p\u00e4iv\u00e4m\u00e4\u00e4r\u00e4 mainitaan asiakkaalle l\u00e4hetett\u00e4v\u00e4ss\u00e4 tarjouksessa. Varaus- ja peruutusehdot toimitetaan kirjallisen tarjouksen yhteydess\u00e4. Palvelun\/aktiviteetin tms. vahvistamisen j\u00e4lkeen varaus maksetaan kokonaisuudessaan paikan p\u00e4\u00e4ll\u00e4 k\u00e4teisell\u00e4 tai yleisimmill\u00e4 pankki- tai luottokorteilla, ellei toisin sovita. Laskutuksesta sovitaan erillisell\u00e4 sopimuksella. Mik\u00e4li maksua ei suoriteta ajallaan, lis\u00e4t\u00e4\u00e4n kokonaishintaan korkolain pyk\u00e4l\u00e4n 4 mukainen viiv\u00e4styskorko. Mik\u00e4li asiakas on kyvyt\u00f6n suorittamaan maksun, Polar Lights Tours Oy:ll\u00e4 on oikeus purkaa sopimus. Maksukyvytt\u00f6myydest\u00e4 johtuvan sopimuksen peruutuksen yhteydess\u00e4 asiakkaalla on velvollisuus kompensoida sopimuksen peruuttamisesta syntyneet kulut. Peruutukset ja muutokset Peruutusp\u00e4iv\u00e4 on p\u00e4iv\u00e4, jolloin Polar Lights Tours Oy on vastaanottanut peruutusilmoituksen. Varaus tulee aina peruuttaa kirjallisesti (kirje tai s\u00e4hk\u00f6posti). Palvelumaksu kahdeksankymment\u00e4 euroa (80 euroa) veloitetaan vahvistetun varauksen peruutuksen yhteydess\u00e4. Vahvistetun varauksen peruutuksen yhteydess\u00e4 k\u00e4ytett\u00e4v\u00e4t ehdot: peruutuksen tapahtuessa 7-0 p\u00e4iv\u00e4\u00e4 ennen varauksen alkua, veloitetaan 100% varauksen kokonaishinnasta Joulun ja Uuden Vuoden = 16.12. \u2013 [&hellip;]<\/p>\n","protected":false},"author":1,"featured_media":0,"parent":0,"menu_order":0,"comment_status":"closed","ping_status":"closed","template":"","meta":{"_et_pb_use_builder":"on","_et_pb_old_content":"","_et_gb_content_width":"","footnotes":""},"class_list":["post-1320","page","type-page","status-publish","hentry"],"yoast_head":"<!-- This site is optimized with the Yoast SEO plugin v27.3 - https:\/\/yoast.com\/product\/yoast-seo-wordpress\/ -->\n<title>Varausehdot - Polar Lights Tours<\/title>\n<meta name=\"robots\" content=\"index, follow, max-snippet:-1, max-image-preview:large, max-video-preview:-1\" \/>\n<link rel=\"canonical\" href=\"https:\/\/polarlightstours.fi\/booking-terms\/\" \/>\n<meta property=\"og:locale\" content=\"fi_FI\" \/>\n<meta property=\"og:type\" content=\"article\" \/>\n<meta property=\"og:title\" content=\"Varausehdot - Polar Lights Tours\" \/>\n<meta property=\"og:description\" content=\"TUTUSTUTHAN VARAUS- JA PERUUTUSEHTOIHIMME Matkaehdot koskevat kaikkia Polar Lights Tours Oy:n ja sen lis\u00e4toiminimell\u00e4 toimitettuja palveluita. Aktiviteetit, retkien kesto, lis\u00e4palvelut ja muut matkaa koskevat palvelut neuvotellaan erikseen asiakasryhm\u00e4n kanssa ja hyv\u00e4ksyt\u00e4\u00e4n kirjallisesti varauksen vahvistuksen yhteydess\u00e4. Varausehdot Varaus tehd\u00e4\u00e4n suullisesti tai kirjallisesti. Varaus on voimassa ilmoitetun henkil\u00f6m\u00e4\u00e4r\u00e4n mukaisesti ja laillisesti vahvistuu Polar Lights Tours Oy:n toimitettua kirjallisen varausvahvistuksen (kirje tai s\u00e4hk\u00f6posti).\u00a0 Sopimus astuu voimaan asiakkaan toimitettua kirjallisen varausvahvistuksen (kirje tai s\u00e4hk\u00f6posti). Varausvahvistuksen p\u00e4iv\u00e4m\u00e4\u00e4r\u00e4 mainitaan asiakkaalle l\u00e4hetett\u00e4v\u00e4ss\u00e4 tarjouksessa. Varaus- ja peruutusehdot toimitetaan kirjallisen tarjouksen yhteydess\u00e4. Palvelun\/aktiviteetin tms. vahvistamisen j\u00e4lkeen varaus maksetaan kokonaisuudessaan paikan p\u00e4\u00e4ll\u00e4 k\u00e4teisell\u00e4 tai yleisimmill\u00e4 pankki- tai luottokorteilla, ellei toisin sovita. Laskutuksesta sovitaan erillisell\u00e4 sopimuksella. Mik\u00e4li maksua ei suoriteta ajallaan, lis\u00e4t\u00e4\u00e4n kokonaishintaan korkolain pyk\u00e4l\u00e4n 4 mukainen viiv\u00e4styskorko. Mik\u00e4li asiakas on kyvyt\u00f6n suorittamaan maksun, Polar Lights Tours Oy:ll\u00e4 on oikeus purkaa sopimus. Maksukyvytt\u00f6myydest\u00e4 johtuvan sopimuksen peruutuksen yhteydess\u00e4 asiakkaalla on velvollisuus kompensoida sopimuksen peruuttamisesta syntyneet kulut. Peruutukset ja muutokset Peruutusp\u00e4iv\u00e4 on p\u00e4iv\u00e4, jolloin Polar Lights Tours Oy on vastaanottanut peruutusilmoituksen. Varaus tulee aina peruuttaa kirjallisesti (kirje tai s\u00e4hk\u00f6posti). Palvelumaksu kahdeksankymment\u00e4 euroa (80 euroa) veloitetaan vahvistetun varauksen peruutuksen yhteydess\u00e4. Vahvistetun varauksen peruutuksen yhteydess\u00e4 k\u00e4ytett\u00e4v\u00e4t ehdot: peruutuksen tapahtuessa 7-0 p\u00e4iv\u00e4\u00e4 ennen varauksen alkua, veloitetaan 100% varauksen kokonaishinnasta Joulun ja Uuden Vuoden = 16.12. \u2013 [&hellip;]\" \/>\n<meta property=\"og:url\" content=\"https:\/\/polarlightstours.fi\/booking-terms\/\" \/>\n<meta property=\"og:site_name\" content=\"Polar Lights Tours\" \/>\n<meta property=\"article:publisher\" content=\"https:\/\/www.facebook.com\/polarlightstours\/\" \/>\n<meta property=\"article:modified_time\" content=\"2025-01-09T06:44:00+00:00\" \/>\n<meta property=\"og:image\" content=\"https:\/\/polarlightstours.fi\/wp-content\/uploads\/2024\/09\/logo-final.png\" \/>\n\t<meta property=\"og:image:width\" content=\"319\" \/>\n\t<meta property=\"og:image:height\" content=\"200\" \/>\n\t<meta property=\"og:image:type\" content=\"image\/png\" \/>\n<meta name=\"twitter:card\" content=\"summary_large_image\" \/>\n<meta name=\"twitter:label1\" content=\"Est. reading time\" \/>\n\t<meta name=\"twitter:data1\" content=\"6 minutes\" \/>\n<script type=\"application\/ld+json\" class=\"yoast-schema-graph\">{\"@context\":\"https:\\\/\\\/schema.org\",\"@graph\":[{\"@type\":\"WebPage\",\"@id\":\"https:\\\/\\\/polarlightstours.fi\\\/booking-terms\\\/\",\"url\":\"https:\\\/\\\/polarlightstours.fi\\\/booking-terms\\\/\",\"name\":\"Varausehdot - Polar Lights Tours\",\"isPartOf\":{\"@id\":\"https:\\\/\\\/polarlightstours.fi\\\/#website\"},\"datePublished\":\"2025-01-09T04:15:19+00:00\",\"dateModified\":\"2025-01-09T06:44:00+00:00\",\"breadcrumb\":{\"@id\":\"https:\\\/\\\/polarlightstours.fi\\\/booking-terms\\\/#breadcrumb\"},\"inLanguage\":\"fi\",\"potentialAction\":[{\"@type\":\"ReadAction\",\"target\":[\"https:\\\/\\\/polarlightstours.fi\\\/booking-terms\\\/\"]}]},{\"@type\":\"BreadcrumbList\",\"@id\":\"https:\\\/\\\/polarlightstours.fi\\\/booking-terms\\\/#breadcrumb\",\"itemListElement\":[{\"@type\":\"ListItem\",\"position\":1,\"name\":\"Home\",\"item\":\"https:\\\/\\\/polarlightstours.fi\\\/fi\\\/\"},{\"@type\":\"ListItem\",\"position\":2,\"name\":\"Varausehdot\"}]},{\"@type\":\"WebSite\",\"@id\":\"https:\\\/\\\/polarlightstours.fi\\\/#website\",\"url\":\"https:\\\/\\\/polarlightstours.fi\\\/\",\"name\":\"Polar Lights Tours\",\"description\":\"Experience\u00a0Finnish Lapland\u00a0wilderness with\u00a0huskies, reindeers\u00a0&amp;\u00a0horses\",\"publisher\":{\"@id\":\"https:\\\/\\\/polarlightstours.fi\\\/#organization\"},\"potentialAction\":[{\"@type\":\"SearchAction\",\"target\":{\"@type\":\"EntryPoint\",\"urlTemplate\":\"https:\\\/\\\/polarlightstours.fi\\\/?s={search_term_string}\"},\"query-input\":{\"@type\":\"PropertyValueSpecification\",\"valueRequired\":true,\"valueName\":\"search_term_string\"}}],\"inLanguage\":\"fi\"},{\"@type\":\"Organization\",\"@id\":\"https:\\\/\\\/polarlightstours.fi\\\/#organization\",\"name\":\"Polar Lights Tours\",\"url\":\"https:\\\/\\\/polarlightstours.fi\\\/\",\"logo\":{\"@type\":\"ImageObject\",\"inLanguage\":\"fi\",\"@id\":\"https:\\\/\\\/polarlightstours.fi\\\/#\\\/schema\\\/logo\\\/image\\\/\",\"url\":\"https:\\\/\\\/polarlightstours.fi\\\/wp-content\\\/uploads\\\/2024\\\/09\\\/logo-final.png\",\"contentUrl\":\"https:\\\/\\\/polarlightstours.fi\\\/wp-content\\\/uploads\\\/2024\\\/09\\\/logo-final.png\",\"width\":319,\"height\":200,\"caption\":\"Polar Lights Tours\"},\"image\":{\"@id\":\"https:\\\/\\\/polarlightstours.fi\\\/#\\\/schema\\\/logo\\\/image\\\/\"},\"sameAs\":[\"https:\\\/\\\/www.facebook.com\\\/polarlightstours\\\/\",\"https:\\\/\\\/www.instagram.com\\\/polarlightstours\\\/\"]}]}<\/script>\n<!-- \/ Yoast SEO plugin. -->","yoast_head_json":{"title":"Varausehdot - Polar Lights Tours","robots":{"index":"index","follow":"follow","max-snippet":"max-snippet:-1","max-image-preview":"max-image-preview:large","max-video-preview":"max-video-preview:-1"},"canonical":"https:\/\/polarlightstours.fi\/booking-terms\/","og_locale":"fi_FI","og_type":"article","og_title":"Varausehdot - Polar Lights Tours","og_description":"TUTUSTUTHAN VARAUS- JA PERUUTUSEHTOIHIMME Matkaehdot koskevat kaikkia Polar Lights Tours Oy:n ja sen lis\u00e4toiminimell\u00e4 toimitettuja palveluita. Aktiviteetit, retkien kesto, lis\u00e4palvelut ja muut matkaa koskevat palvelut neuvotellaan erikseen asiakasryhm\u00e4n kanssa ja hyv\u00e4ksyt\u00e4\u00e4n kirjallisesti varauksen vahvistuksen yhteydess\u00e4. Varausehdot Varaus tehd\u00e4\u00e4n suullisesti tai kirjallisesti. Varaus on voimassa ilmoitetun henkil\u00f6m\u00e4\u00e4r\u00e4n mukaisesti ja laillisesti vahvistuu Polar Lights Tours Oy:n toimitettua kirjallisen varausvahvistuksen (kirje tai s\u00e4hk\u00f6posti).\u00a0 Sopimus astuu voimaan asiakkaan toimitettua kirjallisen varausvahvistuksen (kirje tai s\u00e4hk\u00f6posti). Varausvahvistuksen p\u00e4iv\u00e4m\u00e4\u00e4r\u00e4 mainitaan asiakkaalle l\u00e4hetett\u00e4v\u00e4ss\u00e4 tarjouksessa. Varaus- ja peruutusehdot toimitetaan kirjallisen tarjouksen yhteydess\u00e4. Palvelun\/aktiviteetin tms. vahvistamisen j\u00e4lkeen varaus maksetaan kokonaisuudessaan paikan p\u00e4\u00e4ll\u00e4 k\u00e4teisell\u00e4 tai yleisimmill\u00e4 pankki- tai luottokorteilla, ellei toisin sovita. Laskutuksesta sovitaan erillisell\u00e4 sopimuksella. Mik\u00e4li maksua ei suoriteta ajallaan, lis\u00e4t\u00e4\u00e4n kokonaishintaan korkolain pyk\u00e4l\u00e4n 4 mukainen viiv\u00e4styskorko. Mik\u00e4li asiakas on kyvyt\u00f6n suorittamaan maksun, Polar Lights Tours Oy:ll\u00e4 on oikeus purkaa sopimus. Maksukyvytt\u00f6myydest\u00e4 johtuvan sopimuksen peruutuksen yhteydess\u00e4 asiakkaalla on velvollisuus kompensoida sopimuksen peruuttamisesta syntyneet kulut. Peruutukset ja muutokset Peruutusp\u00e4iv\u00e4 on p\u00e4iv\u00e4, jolloin Polar Lights Tours Oy on vastaanottanut peruutusilmoituksen. Varaus tulee aina peruuttaa kirjallisesti (kirje tai s\u00e4hk\u00f6posti). Palvelumaksu kahdeksankymment\u00e4 euroa (80 euroa) veloitetaan vahvistetun varauksen peruutuksen yhteydess\u00e4. Vahvistetun varauksen peruutuksen yhteydess\u00e4 k\u00e4ytett\u00e4v\u00e4t ehdot: peruutuksen tapahtuessa 7-0 p\u00e4iv\u00e4\u00e4 ennen varauksen alkua, veloitetaan 100% varauksen kokonaishinnasta Joulun ja Uuden Vuoden = 16.12. \u2013 [&hellip;]","og_url":"https:\/\/polarlightstours.fi\/booking-terms\/","og_site_name":"Polar Lights Tours","article_publisher":"https:\/\/www.facebook.com\/polarlightstours\/","article_modified_time":"2025-01-09T06:44:00+00:00","og_image":[{"width":319,"height":200,"url":"https:\/\/polarlightstours.fi\/wp-content\/uploads\/2024\/09\/logo-final.png","type":"image\/png"}],"twitter_card":"summary_large_image","twitter_misc":{"Est. reading time":"6 minutes"},"schema":{"@context":"https:\/\/schema.org","@graph":[{"@type":"WebPage","@id":"https:\/\/polarlightstours.fi\/booking-terms\/","url":"https:\/\/polarlightstours.fi\/booking-terms\/","name":"Varausehdot - Polar Lights Tours","isPartOf":{"@id":"https:\/\/polarlightstours.fi\/#website"},"datePublished":"2025-01-09T04:15:19+00:00","dateModified":"2025-01-09T06:44:00+00:00","breadcrumb":{"@id":"https:\/\/polarlightstours.fi\/booking-terms\/#breadcrumb"},"inLanguage":"fi","potentialAction":[{"@type":"ReadAction","target":["https:\/\/polarlightstours.fi\/booking-terms\/"]}]},{"@type":"BreadcrumbList","@id":"https:\/\/polarlightstours.fi\/booking-terms\/#breadcrumb","itemListElement":[{"@type":"ListItem","position":1,"name":"Home","item":"https:\/\/polarlightstours.fi\/fi\/"},{"@type":"ListItem","position":2,"name":"Varausehdot"}]},{"@type":"WebSite","@id":"https:\/\/polarlightstours.fi\/#website","url":"https:\/\/polarlightstours.fi\/","name":"Polar Lights Tours","description":"Experience\u00a0Finnish Lapland\u00a0wilderness with\u00a0huskies, reindeers\u00a0&amp;\u00a0horses","publisher":{"@id":"https:\/\/polarlightstours.fi\/#organization"},"potentialAction":[{"@type":"SearchAction","target":{"@type":"EntryPoint","urlTemplate":"https:\/\/polarlightstours.fi\/?s={search_term_string}"},"query-input":{"@type":"PropertyValueSpecification","valueRequired":true,"valueName":"search_term_string"}}],"inLanguage":"fi"},{"@type":"Organization","@id":"https:\/\/polarlightstours.fi\/#organization","name":"Polar Lights Tours","url":"https:\/\/polarlightstours.fi\/","logo":{"@type":"ImageObject","inLanguage":"fi","@id":"https:\/\/polarlightstours.fi\/#\/schema\/logo\/image\/","url":"https:\/\/polarlightstours.fi\/wp-content\/uploads\/2024\/09\/logo-final.png","contentUrl":"https:\/\/polarlightstours.fi\/wp-content\/uploads\/2024\/09\/logo-final.png","width":319,"height":200,"caption":"Polar Lights Tours"},"image":{"@id":"https:\/\/polarlightstours.fi\/#\/schema\/logo\/image\/"},"sameAs":["https:\/\/www.facebook.com\/polarlightstours\/","https:\/\/www.instagram.com\/polarlightstours\/"]}]}},"_links":{"self":[{"href":"https:\/\/polarlightstours.fi\/fi\/wp-json\/wp\/v2\/pages\/1320","targetHints":{"allow":["GET"]}}],"collection":[{"href":"https:\/\/polarlightstours.fi\/fi\/wp-json\/wp\/v2\/pages"}],"about":[{"href":"https:\/\/polarlightstours.fi\/fi\/wp-json\/wp\/v2\/types\/page"}],"author":[{"embeddable":true,"href":"https:\/\/polarlightstours.fi\/fi\/wp-json\/wp\/v2\/users\/1"}],"replies":[{"embeddable":true,"href":"https:\/\/polarlightstours.fi\/fi\/wp-json\/wp\/v2\/comments?post=1320"}],"version-history":[{"count":6,"href":"https:\/\/polarlightstours.fi\/fi\/wp-json\/wp\/v2\/pages\/1320\/revisions"}],"predecessor-version":[{"id":1329,"href":"https:\/\/polarlightstours.fi\/fi\/wp-json\/wp\/v2\/pages\/1320\/revisions\/1329"}],"wp:attachment":[{"href":"https:\/\/polarlightstours.fi\/fi\/wp-json\/wp\/v2\/media?parent=1320"}],"curies":[{"name":"wp","href":"https:\/\/api.w.org\/{rel}","templated":true}]}}