{"id":1293,"date":"2024-09-07T08:53:16","date_gmt":"2024-09-07T05:53:16","guid":{"rendered":"https:\/\/discodigimedia.com\/contact\/"},"modified":"2026-04-28T13:40:27","modified_gmt":"2026-04-28T10:40:27","slug":"yhteystiedot","status":"publish","type":"page","link":"https:\/\/polarlightstours.fi\/fi\/yhteystiedot\/","title":{"rendered":"Yhteystiedot"},"content":{"rendered":"<p>[et_pb_section fb_built=&#8221;1&#8243; admin_label=&#8221;Header&#8221; _builder_version=&#8221;4.27.4&#8243; _module_preset=&#8221;default&#8221; background_color=&#8221;RGBA(255,255,255,0)&#8221; background_image=&#8221;https:\/\/polarlightstours.fi\/wp-content\/uploads\/2024\/09\/aamiaiselle-mokista.jpg&#8221; background_enable_video_mp4=&#8221;off&#8221; width=&#8221;100%&#8221; width_tablet=&#8221;100%&#8221; width_phone=&#8221;100%&#8221; width_last_edited=&#8221;on|phone&#8221; max_width_tablet=&#8221;&#8221; max_width_phone=&#8221;100%&#8221; max_width_last_edited=&#8221;on|phone&#8221; height=&#8221;700px&#8221; height_tablet=&#8221;500px&#8221; height_phone=&#8221;450px&#8221; height_last_edited=&#8221;on|phone&#8221; custom_padding=&#8221;5vw||5vw||true|false&#8221; background_last_edited=&#8221;on|tablet&#8221; saved_tabs=&#8221;all&#8221; collapsed=&#8221;off&#8221; global_colors_info=&#8221;{}&#8221;][et_pb_row custom_padding_last_edited=&#8221;on|phone&#8221; _builder_version=&#8221;4.27.4&#8243; _module_preset=&#8221;default&#8221; width=&#8221;50%&#8221; width_tablet=&#8221;80%&#8221; width_phone=&#8221;80%&#8221; width_last_edited=&#8221;on|desktop&#8221; max_width=&#8221;none&#8221; custom_margin=&#8221;||||false|false&#8221; custom_padding=&#8221;250px||150px||false|false&#8221; custom_padding_tablet=&#8221;250px||150px||false|false&#8221; custom_padding_phone=&#8221;150px||||false|false&#8221; global_colors_info=&#8221;{}&#8221;][et_pb_column type=&#8221;4_4&#8243; _builder_version=&#8221;4.24.3&#8243; _module_preset=&#8221;default&#8221; global_colors_info=&#8221;{}&#8221;][et_pb_heading title=&#8221;Yhteystiedot&#8221; _builder_version=&#8221;4.25.2&#8243; _module_preset=&#8221;_initial&#8221; title_font=&#8221;PT Serif|700|||||||&#8221; title_text_align=&#8221;center&#8221; title_text_color=&#8221;#FFFFFF&#8221; title_font_size=&#8221;4vw&#8221; title_line_height=&#8221;1.2em&#8221; custom_margin=&#8221;||10px||false|false&#8221; title_font_size_tablet=&#8221;46px&#8221; title_font_size_phone=&#8221;47px&#8221; title_font_size_last_edited=&#8221;on|phone&#8221; text_shadow_style=&#8221;preset5&#8243; text_shadow_horizontal_length=&#8221;0.03em&#8221; text_shadow_vertical_length=&#8221;0.03em&#8221; text_shadow_blur_strength=&#8221;0.01em&#8221; global_colors_info=&#8221;{}&#8221;][\/et_pb_heading][et_pb_text quote_border_color=&#8221;#ff4d00&#8243; _builder_version=&#8221;4.25.2&#8243; _module_preset=&#8221;_initial&#8221; text_font=&#8221;Montserrat|700|||||||&#8221; text_text_color=&#8221;#FFFFFF&#8221; text_font_size=&#8221;42px&#8221; text_line_height=&#8221;1.8em&#8221; link_text_color=&#8221;#ff4d00&#8243; quote_font=&#8221;Encode Sans Condensed|600|||||||&#8221; quote_text_color=&#8221;#FFFFFF&#8221; quote_font_size=&#8221;24px&#8221; quote_line_height=&#8221;1.4em&#8221; header_font=&#8221;Encode Sans Condensed|600||on|||||&#8221; header_text_color=&#8221;#FFFFFF&#8221; header_font_size=&#8221;2vw&#8221; header_line_height=&#8221;1.2em&#8221; header_2_font=&#8221;Encode Sans Condensed|500|||||||&#8221; header_2_text_color=&#8221;#FFFFFF&#8221; header_2_font_size=&#8221;52px&#8221; header_2_line_height=&#8221;1.4em&#8221; header_3_font=&#8221;Encode Sans Condensed|500|||||||&#8221; header_3_text_color=&#8221;#FFFFFF&#8221; header_3_font_size=&#8221;36px&#8221; header_3_line_height=&#8221;1.4em&#8221; header_4_font=&#8221;Encode Sans Condensed|600|||||||&#8221; header_4_text_color=&#8221;#FFFFFF&#8221; header_4_font_size=&#8221;24px&#8221; header_4_line_height=&#8221;1.4em&#8221; header_5_font=&#8221;Encode Sans Condensed|600|||||||&#8221; header_5_text_color=&#8221;#FFFFFF&#8221; header_5_font_size=&#8221;20px&#8221; header_5_line_height=&#8221;1.5em&#8221; header_6_font=&#8221;Josefin Sans|700|||||||&#8221; header_6_text_color=&#8221;#FFFFFF&#8221; header_6_font_size=&#8221;16px&#8221; header_6_line_height=&#8221;1.8em&#8221; text_orientation=&#8221;center&#8221; text_font_size_tablet=&#8221;39px&#8221; text_font_size_phone=&#8221;24px&#8221; text_font_size_last_edited=&#8221;on|tablet&#8221; quote_font_size_tablet=&#8221;16px&#8221; quote_font_size_phone=&#8221;15px&#8221; quote_font_size_last_edited=&#8221;on|desktop&#8221; header_font_size_tablet=&#8221;40px&#8221; header_font_size_phone=&#8221;24px&#8221; header_font_size_last_edited=&#8221;on|desktop&#8221; header_2_font_size_tablet=&#8221;32px&#8221; header_2_font_size_phone=&#8221;20px&#8221; header_2_font_size_last_edited=&#8221;on|desktop&#8221; header_3_font_size_tablet=&#8221;20px&#8221; header_3_font_size_phone=&#8221;16px&#8221; header_3_font_size_last_edited=&#8221;on|desktop&#8221; header_4_font_size_tablet=&#8221;16px&#8221; header_4_font_size_phone=&#8221;15px&#8221; header_4_font_size_last_edited=&#8221;on|desktop&#8221; header_5_font_size_tablet=&#8221;16px&#8221; header_5_font_size_phone=&#8221;14px&#8221; header_5_font_size_last_edited=&#8221;on|desktop&#8221; header_6_font_size_tablet=&#8221;15px&#8221; header_6_font_size_phone=&#8221;14px&#8221; header_6_font_size_last_edited=&#8221;on|desktop&#8221; text_text_shadow_style=&#8221;preset5&#8243; text_text_shadow_horizontal_length=&#8221;0.03em&#8221; text_text_shadow_vertical_length=&#8221;0.04em&#8221; global_colors_info=&#8221;{}&#8221;][\/et_pb_text][et_pb_text quote_border_color=&#8221;#ff4d00&#8243; _builder_version=&#8221;4.25.2&#8243; _module_preset=&#8221;_initial&#8221; text_font=&#8221;Montserrat|700|||||||&#8221; text_text_color=&#8221;#FFFFFF&#8221; text_font_size=&#8221;24px&#8221; text_line_height=&#8221;1.6em&#8221; link_text_color=&#8221;#ff4d00&#8243; quote_font=&#8221;Encode Sans Condensed|600|||||||&#8221; quote_text_color=&#8221;#FFFFFF&#8221; quote_font_size=&#8221;24px&#8221; quote_line_height=&#8221;1.4em&#8221; header_font=&#8221;Encode Sans Condensed|600||on|||||&#8221; header_text_color=&#8221;#FFFFFF&#8221; header_font_size=&#8221;72px&#8221; header_line_height=&#8221;1.2em&#8221; header_2_font=&#8221;Encode Sans Condensed|500|||||||&#8221; header_2_text_color=&#8221;#FFFFFF&#8221; header_2_font_size=&#8221;52px&#8221; header_2_line_height=&#8221;1.4em&#8221; header_3_font=&#8221;Encode Sans Condensed|500|||||||&#8221; header_3_text_color=&#8221;#FFFFFF&#8221; header_3_font_size=&#8221;36px&#8221; header_3_line_height=&#8221;1.4em&#8221; header_4_font=&#8221;Encode Sans Condensed|600|||||||&#8221; header_4_text_color=&#8221;#FFFFFF&#8221; header_4_font_size=&#8221;24px&#8221; header_4_line_height=&#8221;1.4em&#8221; header_5_font=&#8221;Encode Sans Condensed|600|||||||&#8221; header_5_text_color=&#8221;#FFFFFF&#8221; header_5_font_size=&#8221;20px&#8221; header_5_line_height=&#8221;1.5em&#8221; header_6_font=&#8221;Josefin Sans|700|||||||&#8221; header_6_text_color=&#8221;#FFFFFF&#8221; header_6_font_size=&#8221;16px&#8221; header_6_line_height=&#8221;1.8em&#8221; text_orientation=&#8221;center&#8221; text_font_size_tablet=&#8221;22px&#8221; text_font_size_phone=&#8221;14px&#8221; text_font_size_last_edited=&#8221;on|phone&#8221; quote_font_size_tablet=&#8221;16px&#8221; quote_font_size_phone=&#8221;15px&#8221; quote_font_size_last_edited=&#8221;on|desktop&#8221; header_font_size_tablet=&#8221;40px&#8221; header_font_size_phone=&#8221;24px&#8221; header_font_size_last_edited=&#8221;on|desktop&#8221; header_2_font_size_tablet=&#8221;32px&#8221; header_2_font_size_phone=&#8221;20px&#8221; header_2_font_size_last_edited=&#8221;on|desktop&#8221; header_3_font_size_tablet=&#8221;20px&#8221; header_3_font_size_phone=&#8221;16px&#8221; header_3_font_size_last_edited=&#8221;on|desktop&#8221; header_4_font_size_tablet=&#8221;16px&#8221; header_4_font_size_phone=&#8221;15px&#8221; header_4_font_size_last_edited=&#8221;on|desktop&#8221; header_5_font_size_tablet=&#8221;16px&#8221; header_5_font_size_phone=&#8221;14px&#8221; header_5_font_size_last_edited=&#8221;on|desktop&#8221; header_6_font_size_tablet=&#8221;15px&#8221; header_6_font_size_phone=&#8221;14px&#8221; header_6_font_size_last_edited=&#8221;on|desktop&#8221; text_text_shadow_style=&#8221;preset5&#8243; text_text_shadow_horizontal_length=&#8221;0.05em&#8221; text_text_shadow_vertical_length=&#8221;0.05em&#8221; global_colors_info=&#8221;{}&#8221;][\/et_pb_text][\/et_pb_column][\/et_pb_row][\/et_pb_section][et_pb_section fb_built=&#8221;1&#8243; admin_label=&#8221;About&#8221; _builder_version=&#8221;4.25.2&#8243; _module_preset=&#8221;default&#8221; background_color=&#8221;#efeded&#8221; custom_padding=&#8221;||0px||false|false&#8221; saved_tabs=&#8221;all&#8221; collapsed=&#8221;on&#8221; global_colors_info=&#8221;{}&#8221;][et_pb_row _builder_version=&#8221;4.25.2&#8243; _module_preset=&#8221;default&#8221; custom_margin=&#8221;0px||0px||false|false&#8221; custom_padding=&#8221;0px||0px||false|false&#8221; global_colors_info=&#8221;{}&#8221;][et_pb_column type=&#8221;4_4&#8243; _builder_version=&#8221;4.25.2&#8243; _module_preset=&#8221;default&#8221; global_colors_info=&#8221;{}&#8221;][et_pb_heading title=&#8221;Ota yhteytt\u00e4 &#8211; olemme t\u00e4\u00e4ll\u00e4 sinua varten!&#8221; _builder_version=&#8221;4.25.2&#8243; _module_preset=&#8221;default&#8221; title_font=&#8221;PT Serif|700|||||||&#8221; title_text_align=&#8221;center&#8221; title_font_size=&#8221;37px&#8221; global_colors_info=&#8221;{}&#8221;][\/et_pb_heading][\/et_pb_column][\/et_pb_row][et_pb_row _builder_version=&#8221;4.25.2&#8243; _module_preset=&#8221;default&#8221; custom_margin=&#8221;0px||||false|false&#8221; global_colors_info=&#8221;{}&#8221;][et_pb_column type=&#8221;4_4&#8243; _builder_version=&#8221;4.25.2&#8243; _module_preset=&#8221;default&#8221; global_colors_info=&#8221;{}&#8221;][et_pb_text _builder_version=&#8221;4.27.4&#8243; _module_preset=&#8221;default&#8221; text_font=&#8221;PT Serif||||||||&#8221; text_text_color=&#8221;#000000&#8243; text_font_size=&#8221;23px&#8221; text_line_height=&#8221;1.5em&#8221; text_orientation=&#8221;center&#8221; hover_enabled=&#8221;0&#8243; global_colors_info=&#8221;{}&#8221; sticky_enabled=&#8221;0&#8243;]<\/p>\n<div class=\"uk-panel uk-margin-large uk-margin-remove-bottom\">\n<p data-start=\"98\" data-end=\"518\">Voit helposti ottaa yhteytt\u00e4 Polar Lights Toursin Levin tai Posion toimipisteen kaikkiin retkiin, varauksiin ja r\u00e4\u00e4t\u00e4l\u00f6ityihin el\u00e4myksiin liittyviss\u00e4 kysymyksiss\u00e4. Toimimme sek\u00e4 Levill\u00e4 ett\u00e4 Posiolla ja tarjoamme ymp\u00e4rivuotisia aktiviteetteja Suomen Lapin syd\u00e4mess\u00e4. Talvisista <a href=\"https:\/\/polarlightstours.fi\/fi\/huskyelamykset\/\">huskysafareista<\/a> ja revontuliretkist\u00e4 kes\u00e4n vaelluksiin, <a href=\"https:\/\/polarlightstours.fi\/fi\/hevoselamykset\/\">ratsastukseen<\/a> ja luontoel\u00e4myksiin \u2013 autamme sinua luomaan unohtumattomia muistoja arktisessa luonnossa.<\/p>\n<p data-start=\"520\" data-end=\"854\">Jos suunnittelet vierailua, suosittelemme ottamaan yhteytt\u00e4 etuk\u00e4teen varmistaaksesi haluamasi ajankohdat. Tiimimme auttaa sinua valitsemaan sopivimmat aktiviteetit vuodenajan, s\u00e4\u00e4n ja omien kiinnostuksenkohteidesi mukaan. Matkustitpa pariskuntana, perheen\u00e4 tai ryhm\u00e4ss\u00e4, voimme r\u00e4\u00e4t\u00e4l\u00f6id\u00e4 el\u00e4myksen juuri sinun tarpeisiisi sopivaksi.<\/p>\n<p data-start=\"856\" data-end=\"1201\">P\u00e4\u00e4toimipaikkamme sijaitsee Levin l\u00e4hell\u00e4, noin 10 km p\u00e4\u00e4ss\u00e4 kyl\u00e4st\u00e4 Muoniontien varrella. Lis\u00e4ksi tavoitat meid\u00e4t my\u00f6s Posiolla <a href=\"https:\/\/posiolapland.com\/lehtiniemi-majatalo-camping\/\">Lehtiniemest\u00e4<\/a>, jossa j\u00e4rjest\u00e4mme retki\u00e4 ja majoitusta upeassa ja rauhallisessa luonnonymp\u00e4rist\u00f6ss\u00e4. Jos tarvitset apua kuljetusten, saapumisohjeiden tai majoituksen kanssa, autamme mielell\u00e4mme.<\/p>\n<p data-start=\"1203\" data-end=\"1480\">Voit ottaa yhteytt\u00e4 Polar Lights Toursin -tiimiin puhelimitse, s\u00e4hk\u00f6postitse tai t\u00e4m\u00e4n sivun yhteydenottolomakkeella. Pyrimme vastaamaan kaikkiin tiedusteluihin 24 tunnin kuluessa.<\/p>\n<p data-start=\"1203\" data-end=\"1480\">Ota rohkeasti yhteytt\u00e4 \u2013 autamme sinua suunnittelemaan t\u00e4ydellisen Lapin el\u00e4myksen.<\/p>\n<\/div>\n<p>[\/et_pb_text][\/et_pb_column][\/et_pb_row][\/et_pb_section][et_pb_section fb_built=&#8221;1&#8243; admin_label=&#8221;Contact Info &#038; Form&#8221; _builder_version=&#8221;4.25.1&#8243; _module_preset=&#8221;default&#8221; custom_padding=&#8221;0px|||||&#8221; collapsed=&#8221;on&#8221; global_colors_info=&#8221;{}&#8221;][et_pb_row _builder_version=&#8221;4.25.2&#8243; _module_preset=&#8221;default&#8221; global_colors_info=&#8221;{}&#8221;][et_pb_column type=&#8221;4_4&#8243; _builder_version=&#8221;4.25.1&#8243; _module_preset=&#8221;default&#8221; global_colors_info=&#8221;{}&#8221;][et_pb_heading title=&#8221;Sijainti&#8221; _builder_version=&#8221;4.25.2&#8243; _module_preset=&#8221;default&#8221; global_colors_info=&#8221;{}&#8221;][\/et_pb_heading][et_pb_text _builder_version=&#8221;4.27.4&#8243; _module_preset=&#8221;default&#8221; text_font_size=&#8221;18px&#8221; text_line_height=&#8221;1.6em&#8221; global_colors_info=&#8221;{}&#8221;]<\/p>\n<p>Toimipisteemme sijaitsevat Sirkassa, noin 10 minuutin ajomatkan p\u00e4\u00e4ss\u00e4 Levin matkailukeskuksesta, sek\u00e4 Posion Lehtiniemess\u00e4 luonnon rauhan keskell\u00e4.<\/p>\n<p>Puhelin: <a href=\"tel:+358300472017\"><\/a><strong><a href=\"tel:+358300472017\">+358 40 4139248<\/a><\/strong><\/p>\n<p>Osoite Levi: Muoniontie 955, 99130 Sirkka<\/p>\n<p>Osoite Posio: Morottajantie 79, 97840 Lehtiniemi<\/p>\n<p>Email: info@polarlightstours.fi<\/p>\n<p>[\/et_pb_text][\/et_pb_column][\/et_pb_row][\/et_pb_section][et_pb_section fb_built=&#8221;1&#8243; admin_label=&#8221;Map&#8221; _builder_version=&#8221;4.25.1&#8243; _module_preset=&#8221;default&#8221; collapsed=&#8221;on&#8221; global_colors_info=&#8221;{}&#8221;][et_pb_row _builder_version=&#8221;4.25.1&#8243; _module_preset=&#8221;default&#8221; global_colors_info=&#8221;{}&#8221;][et_pb_column type=&#8221;4_4&#8243; _builder_version=&#8221;4.25.1&#8243; _module_preset=&#8221;default&#8221; global_colors_info=&#8221;{}&#8221;][et_pb_text _builder_version=&#8221;4.25.2&#8243; _module_preset=&#8221;default&#8221; global_colors_info=&#8221;{}&#8221;]<\/p>\n<p><iframe width=\"100%\" height=\"450\" style=\"border: 0;\" src=\"https:\/\/www.google.com\/maps\/embed?pb=!1m18!1m12!1m3!1d2344658.6671558153!2d19.214621289074554!3d67.61879343278866!2m3!1f0!2f0!3f0!3m2!1i1024!2i768!4f13.1!3m3!1m2!1s0x45d24d4e306400e9%3A0xc4b34181aae99114!2sPolar%20Lights%20Tours%20Oy!5e0!3m2!1sfi!2sfi!4v1619701454259!5m2!1sfi!2sfi\" allowfullscreen=\"allowfullscreen\" loading=\"lazy\"><\/iframe><\/p>\n<p>[\/et_pb_text][\/et_pb_column][\/et_pb_row][\/et_pb_section]<\/p>\n","protected":false},"excerpt":{"rendered":"<p>Voit helposti ottaa yhteytt\u00e4 Polar Lights Toursin Levin tai Posion toimipisteen kaikkiin retkiin, varauksiin ja r\u00e4\u00e4t\u00e4l\u00f6ityihin el\u00e4myksiin liittyviss\u00e4 kysymyksiss\u00e4. Toimimme sek\u00e4 Levill\u00e4 ett\u00e4 Posiolla ja tarjoamme ymp\u00e4rivuotisia aktiviteetteja Suomen Lapin syd\u00e4mess\u00e4. Talvisista huskysafareista ja revontuliretkist\u00e4 kes\u00e4n vaelluksiin, ratsastukseen ja luontoel\u00e4myksiin \u2013 autamme sinua luomaan unohtumattomia muistoja arktisessa luonnossa. Jos suunnittelet vierailua, suosittelemme ottamaan yhteytt\u00e4 etuk\u00e4teen varmistaaksesi haluamasi ajankohdat. Tiimimme auttaa sinua valitsemaan sopivimmat aktiviteetit vuodenajan, s\u00e4\u00e4n ja omien kiinnostuksenkohteidesi mukaan. Matkustitpa pariskuntana, perheen\u00e4 tai ryhm\u00e4ss\u00e4, voimme r\u00e4\u00e4t\u00e4l\u00f6id\u00e4 el\u00e4myksen juuri sinun tarpeisiisi sopivaksi. P\u00e4\u00e4toimipaikkamme sijaitsee Levin l\u00e4hell\u00e4, noin 10 km p\u00e4\u00e4ss\u00e4 kyl\u00e4st\u00e4 Muoniontien varrella. Lis\u00e4ksi tavoitat meid\u00e4t my\u00f6s Posiolla Lehtiniemest\u00e4, jossa j\u00e4rjest\u00e4mme retki\u00e4 ja majoitusta upeassa ja rauhallisessa luonnonymp\u00e4rist\u00f6ss\u00e4. Jos tarvitset apua kuljetusten, saapumisohjeiden tai majoituksen kanssa, autamme mielell\u00e4mme. Voit ottaa yhteytt\u00e4 Polar Lights Toursin -tiimiin puhelimitse, s\u00e4hk\u00f6postitse tai t\u00e4m\u00e4n sivun yhteydenottolomakkeella. Pyrimme vastaamaan kaikkiin tiedusteluihin 24 tunnin kuluessa. Ota rohkeasti yhteytt\u00e4 \u2013 autamme sinua suunnittelemaan t\u00e4ydellisen Lapin el\u00e4myksen. Toimipisteemme sijaitsevat Sirkassa, noin 10 minuutin ajomatkan p\u00e4\u00e4ss\u00e4 Levin matkailukeskuksesta, sek\u00e4 Posion Lehtiniemess\u00e4 luonnon rauhan keskell\u00e4. Puhelin: +358 40 4139248 Osoite Levi: Muoniontie 955, 99130 Sirkka Osoite Posio: Morottajantie 79, 97840 Lehtiniemi Email: info@polarlightstours.fi<\/p>\n","protected":false},"author":1,"featured_media":0,"parent":0,"menu_order":0,"comment_status":"closed","ping_status":"closed","template":"","meta":{"_et_pb_use_builder":"on","_et_pb_old_content":"","_et_gb_content_width":"","footnotes":""},"class_list":["post-1293","page","type-page","status-publish","hentry"],"yoast_head":"<!-- This site is optimized with the Yoast SEO plugin v27.3 - https:\/\/yoast.com\/product\/yoast-seo-wordpress\/ -->\n<title>Yhteystiedot Polar Lights Tours | Levi &amp; Posio<\/title>\n<meta name=\"description\" content=\"Yhteystiedot Polar Lights Tours Levi &amp; Posio. Ota yhteytt\u00e4 ja varaa huskysafari, revontuliretki tai muu Lapin el\u00e4mys helposti.\" \/>\n<meta name=\"robots\" content=\"index, follow, max-snippet:-1, max-image-preview:large, max-video-preview:-1\" \/>\n<link rel=\"canonical\" href=\"https:\/\/polarlightstours.fi\/fi\/yhteystiedot\/\" \/>\n<meta property=\"og:locale\" content=\"fi_FI\" \/>\n<meta property=\"og:type\" content=\"article\" \/>\n<meta property=\"og:title\" content=\"Yhteystiedot Polar Lights Tours | Levi &amp; Posio\" \/>\n<meta property=\"og:description\" content=\"Yhteystiedot Polar Lights Tours Levi &amp; Posio. Ota yhteytt\u00e4 ja varaa huskysafari, revontuliretki tai muu Lapin el\u00e4mys helposti.\" \/>\n<meta property=\"og:url\" content=\"https:\/\/polarlightstours.fi\/fi\/yhteystiedot\/\" \/>\n<meta property=\"og:site_name\" content=\"Polar Lights Tours\" \/>\n<meta property=\"article:publisher\" content=\"https:\/\/www.facebook.com\/polarlightstours\/\" \/>\n<meta property=\"article:modified_time\" content=\"2026-04-28T10:40:27+00:00\" \/>\n<meta property=\"og:image\" content=\"https:\/\/polarlightstours.fi\/wp-content\/uploads\/2024\/09\/logo-final.png\" \/>\n\t<meta property=\"og:image:width\" content=\"319\" \/>\n\t<meta property=\"og:image:height\" content=\"200\" \/>\n\t<meta property=\"og:image:type\" content=\"image\/png\" \/>\n<meta name=\"twitter:card\" content=\"summary_large_image\" \/>\n<meta name=\"twitter:label1\" content=\"Est. reading time\" \/>\n\t<meta name=\"twitter:data1\" content=\"1 minute\" \/>\n<script type=\"application\/ld+json\" class=\"yoast-schema-graph\">{\"@context\":\"https:\\\/\\\/schema.org\",\"@graph\":[{\"@type\":\"WebPage\",\"@id\":\"https:\\\/\\\/polarlightstours.fi\\\/fi\\\/yhteystiedot\\\/\",\"url\":\"https:\\\/\\\/polarlightstours.fi\\\/fi\\\/yhteystiedot\\\/\",\"name\":\"Yhteystiedot Polar Lights Tours | Levi & Posio\",\"isPartOf\":{\"@id\":\"https:\\\/\\\/polarlightstours.fi\\\/#website\"},\"datePublished\":\"2024-09-07T05:53:16+00:00\",\"dateModified\":\"2026-04-28T10:40:27+00:00\",\"description\":\"Yhteystiedot Polar Lights Tours Levi & Posio. Ota yhteytt\u00e4 ja varaa huskysafari, revontuliretki tai muu Lapin el\u00e4mys helposti.\",\"breadcrumb\":{\"@id\":\"https:\\\/\\\/polarlightstours.fi\\\/fi\\\/yhteystiedot\\\/#breadcrumb\"},\"inLanguage\":\"fi\",\"potentialAction\":[{\"@type\":\"ReadAction\",\"target\":[\"https:\\\/\\\/polarlightstours.fi\\\/fi\\\/yhteystiedot\\\/\"]}]},{\"@type\":\"BreadcrumbList\",\"@id\":\"https:\\\/\\\/polarlightstours.fi\\\/fi\\\/yhteystiedot\\\/#breadcrumb\",\"itemListElement\":[{\"@type\":\"ListItem\",\"position\":1,\"name\":\"Home\",\"item\":\"https:\\\/\\\/polarlightstours.fi\\\/fi\\\/\"},{\"@type\":\"ListItem\",\"position\":2,\"name\":\"Yhteystiedot\"}]},{\"@type\":\"WebSite\",\"@id\":\"https:\\\/\\\/polarlightstours.fi\\\/#website\",\"url\":\"https:\\\/\\\/polarlightstours.fi\\\/\",\"name\":\"Polar Lights Tours\",\"description\":\"Experience\u00a0Finnish Lapland\u00a0wilderness with\u00a0huskies, reindeers\u00a0&amp;\u00a0horses\",\"publisher\":{\"@id\":\"https:\\\/\\\/polarlightstours.fi\\\/#organization\"},\"potentialAction\":[{\"@type\":\"SearchAction\",\"target\":{\"@type\":\"EntryPoint\",\"urlTemplate\":\"https:\\\/\\\/polarlightstours.fi\\\/?s={search_term_string}\"},\"query-input\":{\"@type\":\"PropertyValueSpecification\",\"valueRequired\":true,\"valueName\":\"search_term_string\"}}],\"inLanguage\":\"fi\"},{\"@type\":\"Organization\",\"@id\":\"https:\\\/\\\/polarlightstours.fi\\\/#organization\",\"name\":\"Polar Lights Tours\",\"url\":\"https:\\\/\\\/polarlightstours.fi\\\/\",\"logo\":{\"@type\":\"ImageObject\",\"inLanguage\":\"fi\",\"@id\":\"https:\\\/\\\/polarlightstours.fi\\\/#\\\/schema\\\/logo\\\/image\\\/\",\"url\":\"https:\\\/\\\/polarlightstours.fi\\\/wp-content\\\/uploads\\\/2024\\\/09\\\/logo-final.png\",\"contentUrl\":\"https:\\\/\\\/polarlightstours.fi\\\/wp-content\\\/uploads\\\/2024\\\/09\\\/logo-final.png\",\"width\":319,\"height\":200,\"caption\":\"Polar Lights Tours\"},\"image\":{\"@id\":\"https:\\\/\\\/polarlightstours.fi\\\/#\\\/schema\\\/logo\\\/image\\\/\"},\"sameAs\":[\"https:\\\/\\\/www.facebook.com\\\/polarlightstours\\\/\",\"https:\\\/\\\/www.instagram.com\\\/polarlightstours\\\/\"]}]}<\/script>\n<!-- \/ Yoast SEO plugin. -->","yoast_head_json":{"title":"Yhteystiedot Polar Lights Tours | Levi & Posio","description":"Yhteystiedot Polar Lights Tours Levi & Posio. Ota yhteytt\u00e4 ja varaa huskysafari, revontuliretki tai muu Lapin el\u00e4mys helposti.","robots":{"index":"index","follow":"follow","max-snippet":"max-snippet:-1","max-image-preview":"max-image-preview:large","max-video-preview":"max-video-preview:-1"},"canonical":"https:\/\/polarlightstours.fi\/fi\/yhteystiedot\/","og_locale":"fi_FI","og_type":"article","og_title":"Yhteystiedot Polar Lights Tours | Levi & Posio","og_description":"Yhteystiedot Polar Lights Tours Levi & Posio. Ota yhteytt\u00e4 ja varaa huskysafari, revontuliretki tai muu Lapin el\u00e4mys helposti.","og_url":"https:\/\/polarlightstours.fi\/fi\/yhteystiedot\/","og_site_name":"Polar Lights Tours","article_publisher":"https:\/\/www.facebook.com\/polarlightstours\/","article_modified_time":"2026-04-28T10:40:27+00:00","og_image":[{"width":319,"height":200,"url":"https:\/\/polarlightstours.fi\/wp-content\/uploads\/2024\/09\/logo-final.png","type":"image\/png"}],"twitter_card":"summary_large_image","twitter_misc":{"Est. reading time":"1 minute"},"schema":{"@context":"https:\/\/schema.org","@graph":[{"@type":"WebPage","@id":"https:\/\/polarlightstours.fi\/fi\/yhteystiedot\/","url":"https:\/\/polarlightstours.fi\/fi\/yhteystiedot\/","name":"Yhteystiedot Polar Lights Tours | Levi & Posio","isPartOf":{"@id":"https:\/\/polarlightstours.fi\/#website"},"datePublished":"2024-09-07T05:53:16+00:00","dateModified":"2026-04-28T10:40:27+00:00","description":"Yhteystiedot Polar Lights Tours Levi & Posio. Ota yhteytt\u00e4 ja varaa huskysafari, revontuliretki tai muu Lapin el\u00e4mys helposti.","breadcrumb":{"@id":"https:\/\/polarlightstours.fi\/fi\/yhteystiedot\/#breadcrumb"},"inLanguage":"fi","potentialAction":[{"@type":"ReadAction","target":["https:\/\/polarlightstours.fi\/fi\/yhteystiedot\/"]}]},{"@type":"BreadcrumbList","@id":"https:\/\/polarlightstours.fi\/fi\/yhteystiedot\/#breadcrumb","itemListElement":[{"@type":"ListItem","position":1,"name":"Home","item":"https:\/\/polarlightstours.fi\/fi\/"},{"@type":"ListItem","position":2,"name":"Yhteystiedot"}]},{"@type":"WebSite","@id":"https:\/\/polarlightstours.fi\/#website","url":"https:\/\/polarlightstours.fi\/","name":"Polar Lights Tours","description":"Experience\u00a0Finnish Lapland\u00a0wilderness with\u00a0huskies, reindeers\u00a0&amp;\u00a0horses","publisher":{"@id":"https:\/\/polarlightstours.fi\/#organization"},"potentialAction":[{"@type":"SearchAction","target":{"@type":"EntryPoint","urlTemplate":"https:\/\/polarlightstours.fi\/?s={search_term_string}"},"query-input":{"@type":"PropertyValueSpecification","valueRequired":true,"valueName":"search_term_string"}}],"inLanguage":"fi"},{"@type":"Organization","@id":"https:\/\/polarlightstours.fi\/#organization","name":"Polar Lights Tours","url":"https:\/\/polarlightstours.fi\/","logo":{"@type":"ImageObject","inLanguage":"fi","@id":"https:\/\/polarlightstours.fi\/#\/schema\/logo\/image\/","url":"https:\/\/polarlightstours.fi\/wp-content\/uploads\/2024\/09\/logo-final.png","contentUrl":"https:\/\/polarlightstours.fi\/wp-content\/uploads\/2024\/09\/logo-final.png","width":319,"height":200,"caption":"Polar Lights Tours"},"image":{"@id":"https:\/\/polarlightstours.fi\/#\/schema\/logo\/image\/"},"sameAs":["https:\/\/www.facebook.com\/polarlightstours\/","https:\/\/www.instagram.com\/polarlightstours\/"]}]}},"_links":{"self":[{"href":"https:\/\/polarlightstours.fi\/fi\/wp-json\/wp\/v2\/pages\/1293","targetHints":{"allow":["GET"]}}],"collection":[{"href":"https:\/\/polarlightstours.fi\/fi\/wp-json\/wp\/v2\/pages"}],"about":[{"href":"https:\/\/polarlightstours.fi\/fi\/wp-json\/wp\/v2\/types\/page"}],"author":[{"embeddable":true,"href":"https:\/\/polarlightstours.fi\/fi\/wp-json\/wp\/v2\/users\/1"}],"replies":[{"embeddable":true,"href":"https:\/\/polarlightstours.fi\/fi\/wp-json\/wp\/v2\/comments?post=1293"}],"version-history":[{"count":45,"href":"https:\/\/polarlightstours.fi\/fi\/wp-json\/wp\/v2\/pages\/1293\/revisions"}],"predecessor-version":[{"id":5802,"href":"https:\/\/polarlightstours.fi\/fi\/wp-json\/wp\/v2\/pages\/1293\/revisions\/5802"}],"wp:attachment":[{"href":"https:\/\/polarlightstours.fi\/fi\/wp-json\/wp\/v2\/media?parent=1293"}],"curies":[{"name":"wp","href":"https:\/\/api.w.org\/{rel}","templated":true}]}}